{"id":24793,"date":"2020-09-09T10:24:27","date_gmt":"2020-09-09T07:24:27","guid":{"rendered":"https:\/\/totalblue.ro\/?post_type=product&#038;p=24793"},"modified":"2025-12-03T09:55:53","modified_gmt":"2025-12-03T07:55:53","slug":"biberon-anticolici-ergonomic-s-difrax-170-ml-roz","status":"publish","type":"product","link":"https:\/\/totalblue.ro\/fr\/produs\/biberon-anticolici-ergonomic-s-difrax-170-ml-roz\/","title":{"rendered":"S-Difrax 170 ml biberon ergonomique anticolique Rose"},"content":{"rendered":"<p>Le biberon en S ergonomique r\u00e9duit le risque de coliques, de r\u00e9gurgitations et de vomissements.<br \/>\nSa forme ergonomique en S simule la position d'allaitement naturelle du b\u00e9b\u00e9.<br \/>\nLa t\u00e9tine naturelle (ronde) est fabriqu\u00e9e en silicone tr\u00e8s doux, avec une meilleure prise en main pour le b\u00e9b\u00e9.<\/p>\n<p>Supapa de la baza biberonului previne formarea de vacuum in timpul hranirii. Un flux constant de aer este asigurat de aceasta supapa. Aerul intra, ramane in baza biberonului-S si nu se amesteca cu laptele, reducand astfel riscul aparitiei crampelor abdominale, regurgitarii si vomei. Prevenind amestecarea laptelui cu aerul, toti nutrientii esentiali sunt mentinuti.<br \/>\nLe design ergonomique du biberon permet une position d'alimentation d\u00e9tendue.<br \/>\nCe produit ne contient pas de bisph\u00e9nol A (sans BPA).<\/p>\n<p><img loading=\"lazy\" decoding=\"async\" class=\"alignnone size-medium wp-image-2299 lazy-load-active\" src=\"https:\/\/racekids.ro\/wp-content\/uploads\/2019\/02\/biberon-anticolici-utilizare-corecta-biberon-difrax-racekids-800x147.jpg\" alt=\"\" width=\"800\" height=\"147\" data-src=\"https:\/\/racekids.ro\/wp-content\/uploads\/2019\/02\/biberon-anticolici-utilizare-corecta-biberon-difrax-racekids-800x147.jpg\" data-srcset=\"https:\/\/hainutebebelusi.ro\/wp-content\/uploads\/2019\/02\/biberon-anticolici-utilizare-corecta-biberon-difrax-racekids-800x147.jpg 800w, https:\/\/hainutebebelusi.ro\/wp-content\/uploads\/2019\/02\/biberon-anticolici-utilizare-corecta-biberon-difrax-racekids-768x141.jpg 768w, https:\/\/hainutebebelusi.ro\/wp-content\/uploads\/2019\/02\/biberon-anticolici-utilizare-corecta-biberon-difrax-racekids-1400x258.jpg 1400w, https:\/\/hainutebebelusi.ro\/wp-content\/uploads\/2019\/02\/biberon-anticolici-utilizare-corecta-biberon-difrax-racekids-96x18.jpg 96w, https:\/\/hainutebebelusi.ro\/wp-content\/uploads\/2019\/02\/biberon-anticolici-utilizare-corecta-biberon-difrax-racekids-600x111.jpg 600w, https:\/\/hainutebebelusi.ro\/wp-content\/uploads\/2019\/02\/biberon-anticolici-utilizare-corecta-biberon-difrax-racekids-100x18.jpg 100w, https:\/\/hainutebebelusi.ro\/wp-content\/uploads\/2019\/02\/biberon-anticolici-utilizare-corecta-biberon-difrax-racekids.jpg 2048w\" \/><\/p>\n<p><strong>Lire attentivement les instructions avant utilisation.<\/strong><br \/>\n<strong>Inainte de prima utilizare, fierbeti componentele in apa timp de 5 minute. Aceasta garanteaza o buna igiena.<\/strong><\/p>\n<p>ATTENTION !<br \/>\nLe produit doit \u00eatre utilis\u00e9 sous la surveillance d'un adulte.<br \/>\nNe jamais utiliser la t\u00e9tine comme une sucette.<br \/>\nLa consommation continue et prolong\u00e9e d'aliments liquides provoque des caries.<br \/>\nV\u00e9rifiez toujours la temp\u00e9rature des aliments avant de les donner \u00e0 votre b\u00e9b\u00e9.<br \/>\nNe laissez pas les composants \u00e0 la port\u00e9e de votre enfant.<br \/>\nCertains aliments, tels que les jus de fruits concentr\u00e9s, contiennent des colorants naturels qui peuvent tacher le produit. Il n'est malheureusement pas possible d'emp\u00eacher ce ph\u00e9nom\u00e8ne.<br \/>\nNe laissez pas votre enfant jouer avec les composants ou marcher\/courir pendant qu'il mange.<br \/>\nConservez la notice pour pouvoir la consulter ult\u00e9rieurement.<br \/>\nConforme \u00e0 la norme EN14350 .<\/p>","protected":false},"excerpt":{"rendered":"<p>Biberon en S avec t\u00e9tine en silicone anti-colique :<br \/>\n<span class=\"st\">\u2713<\/span>r\u00e9duit le risque de crampes abdominales, de r\u00e9gurgitations et de vomissements<br \/>\n<span class=\"st\">\u2713<\/span>forme ergonomique en S simulant la position d'allaitement naturelle du b\u00e9b\u00e9<br \/>\n<span class=\"st\">\u2713<\/span>la soupape de fond emp\u00eache l'air de se m\u00e9langer au lait pendant l'alimentation<br \/>\n<span class=\"st\">\u2713<\/span>bouchon gradu\u00e9 pour le dosage du lait en poudre.<\/p>\n<p><strong>Stock No. 705P<\/strong><\/p>","protected":false},"featured_media":24795,"comment_status":"open","ping_status":"closed","template":"","meta":{"_acf_changed":false,"_seopress_robots_primary_cat":"1546","_seopress_titles_title":"","_seopress_titles_desc":"Biberonul-S de la Difrax cu tetina din silicon anticolici reduce riscul de crampe abdominale, regurgitare si voma.","_seopress_robots_index":""},"product_brand":[6195],"product_cat":[1546,1520,5677],"giftcard-category":[],"class_list":{"0":"post-24793","1":"product","2":"type-product","3":"status-publish","4":"has-post-thumbnail","6":"product_brand-difrax","7":"product_cat-biberoane-anticolici-cani-accesorii-alaptare","8":"product_cat-mama-copilul","9":"product_cat-mancare-si-accesorii-bebe","11":"first","12":"instock","13":"taxable","14":"shipping-taxable","15":"purchasable","16":"product-type-simple"},"acf":[],"_links":{"self":[{"href":"https:\/\/totalblue.ro\/fr\/wp-json\/wp\/v2\/product\/24793","targetHints":{"allow":["GET"]}}],"collection":[{"href":"https:\/\/totalblue.ro\/fr\/wp-json\/wp\/v2\/product"}],"about":[{"href":"https:\/\/totalblue.ro\/fr\/wp-json\/wp\/v2\/types\/product"}],"replies":[{"embeddable":true,"href":"https:\/\/totalblue.ro\/fr\/wp-json\/wp\/v2\/comments?post=24793"}],"wp:featuredmedia":[{"embeddable":true,"href":"https:\/\/totalblue.ro\/fr\/wp-json\/wp\/v2\/media\/24795"}],"wp:attachment":[{"href":"https:\/\/totalblue.ro\/fr\/wp-json\/wp\/v2\/media?parent=24793"}],"wp:term":[{"taxonomy":"product_brand","embeddable":true,"href":"https:\/\/totalblue.ro\/fr\/wp-json\/wp\/v2\/product_brand?post=24793"},{"taxonomy":"product_cat","embeddable":true,"href":"https:\/\/totalblue.ro\/fr\/wp-json\/wp\/v2\/product_cat?post=24793"},{"taxonomy":"giftcard-category","embeddable":true,"href":"https:\/\/totalblue.ro\/fr\/wp-json\/wp\/v2\/giftcard-category?post=24793"}],"curies":[{"name":"wp","href":"https:\/\/api.w.org\/{rel}","templated":true}]}}