{"id":24841,"date":"2020-09-09T11:09:48","date_gmt":"2020-09-09T08:09:48","guid":{"rendered":"https:\/\/totalblue.ro\/?post_type=product&#038;p=24841"},"modified":"2025-10-15T09:32:53","modified_gmt":"2025-10-15T06:32:53","slug":"biberon-din-sticla-ergonomic-s-difrax-250-ml-albastru","status":"publish","type":"product","link":"https:\/\/totalblue.ro\/fr\/produs\/biberon-din-sticla-ergonomic-s-difrax-250-ml-albastru\/","title":{"rendered":"S-Difrax biberon ergonomique en verre 250 ml Bleu"},"content":{"rendered":"<div id=\"tab-description\" class=\"woocommerce-Tabs-panel woocommerce-Tabs-panel--description panel entry-content active\" role=\"tabpanel\" aria-labelledby=\"tab-title-description\">\n<div id=\"tab-description\" class=\"woocommerce-Tabs-panel woocommerce-Tabs-panel--description panel entry-content active\" role=\"tabpanel\" aria-labelledby=\"tab-title-description\">\n<p>Biberonul-S ergonomic fabricat din sticla rezistenta.<br \/>\nLe biberon en S ergonomique r\u00e9duit le risque de coliques, de r\u00e9gurgitations et de vomissements.<br \/>\nSa forme ergonomique en S simule la position d'allaitement naturelle du b\u00e9b\u00e9.<br \/>\nLa t\u00e9tine naturelle (ronde) est fabriqu\u00e9e en silicone tr\u00e8s doux, avec une meilleure prise en main pour le b\u00e9b\u00e9.<\/p>\n<p>Supapa de la baza biberonului previne formarea de vacuum in timpul hranirii. Un flux constant de aer este asigurat de aceasta supapa. Aerul intra, ramane in baza biberonului-S si nu se amesteca cu laptele, reducand astfel riscul aparitiei crampelor abdominale, regurgitarii si vomei. Prevenind amestecarea laptelui cu aerul, toti nutrientii esentiali sunt mentinuti.<br \/>\nLe design ergonomique du biberon permet une position d'alimentation d\u00e9tendue.<\/p>\n<p><img loading=\"lazy\" decoding=\"async\" class=\"alignnone size-medium wp-image-2299 lazy-load-active\" src=\"https:\/\/racekids.ro\/wp-content\/uploads\/2019\/02\/biberon-anticolici-utilizare-corecta-biberon-difrax-racekids-800x147.jpg\" alt=\"\" width=\"800\" height=\"147\" data-src=\"https:\/\/racekids.ro\/wp-content\/uploads\/2019\/02\/biberon-anticolici-utilizare-corecta-biberon-difrax-racekids-800x147.jpg\" data-srcset=\"https:\/\/hainutebebelusi.ro\/wp-content\/uploads\/2019\/02\/biberon-anticolici-utilizare-corecta-biberon-difrax-racekids-800x147.jpg 800w, https:\/\/hainutebebelusi.ro\/wp-content\/uploads\/2019\/02\/biberon-anticolici-utilizare-corecta-biberon-difrax-racekids-768x141.jpg 768w, https:\/\/hainutebebelusi.ro\/wp-content\/uploads\/2019\/02\/biberon-anticolici-utilizare-corecta-biberon-difrax-racekids-1400x258.jpg 1400w, https:\/\/hainutebebelusi.ro\/wp-content\/uploads\/2019\/02\/biberon-anticolici-utilizare-corecta-biberon-difrax-racekids-96x18.jpg 96w, https:\/\/hainutebebelusi.ro\/wp-content\/uploads\/2019\/02\/biberon-anticolici-utilizare-corecta-biberon-difrax-racekids-600x111.jpg 600w, https:\/\/hainutebebelusi.ro\/wp-content\/uploads\/2019\/02\/biberon-anticolici-utilizare-corecta-biberon-difrax-racekids-100x18.jpg 100w, https:\/\/hainutebebelusi.ro\/wp-content\/uploads\/2019\/02\/biberon-anticolici-utilizare-corecta-biberon-difrax-racekids.jpg 2048w\" \/><\/p>\n<p><strong>Lire attentivement les instructions avant utilisation.<\/strong><\/p>\n<\/div>\n<div id=\"tab-additional_information\" class=\"woocommerce-Tabs-panel woocommerce-Tabs-panel--additional_information panel entry-content\" role=\"tabpanel\" aria-labelledby=\"tab-title-additional_information\"><\/div>\n<\/div>","protected":false},"excerpt":{"rendered":"<div class=\"product-short-description\">\n<p>Biberonul-S ergonomic fabricat din sticla rezistenta.<br \/>\nLe biberon en S ergonomique r\u00e9duit le risque de coliques, de r\u00e9gurgitations et de vomissements.<br \/>\nLa t\u00e9tine naturelle (ronde) est fabriqu\u00e9e en silicone tr\u00e8s doux, avec une meilleure prise en main pour le b\u00e9b\u00e9.<\/p>\n<\/div>\n<div id=\"simple-translate\">\n<div>\n<div class=\"simple-translate-button isShow\" style=\"height: 22px;width: 22px\"><\/div>\n<div class=\"simple-translate-panel\" style=\"width: 300px;height: 200px;font-size: 13px;background-color: #ffffff\">\n<div class=\"simple-translate-result-wrapper\" style=\"overflow: hidden\">\n<div class=\"simple-translate-move\"><\/div>\n<div class=\"simple-translate-result-contents\">\n<p class=\"simple-translate-candidate\" dir=\"auto\" style=\"color: #737373\">\n<\/div>\n<\/div>\n<\/div>\n<\/div>\n<\/div>","protected":false},"featured_media":47742,"comment_status":"open","ping_status":"closed","template":"","meta":{"_acf_changed":false,"_seopress_robots_primary_cat":"1546","_seopress_titles_title":"","_seopress_titles_desc":"Biberonul-S de la Difrax cu tetina din silicon anticolici reduce riscul de crampe abdominale, regurgitare si voma.","_seopress_robots_index":""},"product_brand":[6195],"product_cat":[1546,1520,5677],"giftcard-category":[],"class_list":{"0":"post-24841","1":"product","2":"type-product","3":"status-publish","4":"has-post-thumbnail","6":"product_brand-difrax","7":"product_cat-biberoane-anticolici-cani-accesorii-alaptare","8":"product_cat-mama-copilul","9":"product_cat-mancare-si-accesorii-bebe","11":"first","12":"instock","13":"taxable","14":"shipping-taxable","15":"purchasable","16":"product-type-simple"},"acf":[],"_links":{"self":[{"href":"https:\/\/totalblue.ro\/fr\/wp-json\/wp\/v2\/product\/24841","targetHints":{"allow":["GET"]}}],"collection":[{"href":"https:\/\/totalblue.ro\/fr\/wp-json\/wp\/v2\/product"}],"about":[{"href":"https:\/\/totalblue.ro\/fr\/wp-json\/wp\/v2\/types\/product"}],"replies":[{"embeddable":true,"href":"https:\/\/totalblue.ro\/fr\/wp-json\/wp\/v2\/comments?post=24841"}],"wp:featuredmedia":[{"embeddable":true,"href":"https:\/\/totalblue.ro\/fr\/wp-json\/wp\/v2\/media\/47742"}],"wp:attachment":[{"href":"https:\/\/totalblue.ro\/fr\/wp-json\/wp\/v2\/media?parent=24841"}],"wp:term":[{"taxonomy":"product_brand","embeddable":true,"href":"https:\/\/totalblue.ro\/fr\/wp-json\/wp\/v2\/product_brand?post=24841"},{"taxonomy":"product_cat","embeddable":true,"href":"https:\/\/totalblue.ro\/fr\/wp-json\/wp\/v2\/product_cat?post=24841"},{"taxonomy":"giftcard-category","embeddable":true,"href":"https:\/\/totalblue.ro\/fr\/wp-json\/wp\/v2\/giftcard-category?post=24841"}],"curies":[{"name":"wp","href":"https:\/\/api.w.org\/{rel}","templated":true}]}}