{"id":24954,"date":"2020-09-09T12:07:49","date_gmt":"2020-09-09T09:07:49","guid":{"rendered":"https:\/\/totalblue.ro\/?post_type=product&#038;p=24954"},"modified":"2025-07-08T13:59:17","modified_gmt":"2025-07-08T10:59:17","slug":"cana-anticurgere-cu-tetina-tare-albastra","status":"publish","type":"product","link":"https:\/\/totalblue.ro\/fr\/produs\/cana-anticurgere-cu-tetina-tare-albastra\/","title":{"rendered":"T\u00e9tine dure anti-courbure Bleu"},"content":{"rendered":"<p>Le gobelet anti-\u00e9claboussures de Difrax avec t\u00e9tine moul\u00e9e dure a deux modes de r\u00e9glage du d\u00e9bit et est id\u00e9al pour les premi\u00e8res \u00e9tapes de la transition de b\u00e9b\u00e9 du biberon au gobelet, car les liquides ne s'\u00e9couleront pas m\u00eame si b\u00e9b\u00e9 le laisse tomber sur le sol.<br \/>\nCaract\u00e9ristiques :<br \/>\n-Une t\u00e9tine anti-\u00e9claboussures avec une t\u00e9tine moul\u00e9e dure.<br \/>\n-Il existe deux modes de r\u00e9glage du d\u00e9bit : lent et rapide.<br \/>\n-Il est id\u00e9al pour la transition du biberon \u00e0 la tasse.<br \/>\n-La poubelle est munie de deux poign\u00e9es pour plus de commodit\u00e9.<br \/>\n-Taille : 250 ml.<br \/>\n-Recommand\u00e9 \u00e0 partir de 9 mois.<br \/>\n-Forme ergonomique - tr\u00e8s facile \u00e0 tenir.<br \/>\n-100% sans danger pour les enfants.<br \/>\n-Ne contient pas de bisph\u00e9nol A.<br \/>\n-Peut \u00eatre d\u00e9sinfect\u00e9 \u00e0 froid - ne pas faire bouillir.<\/p>","protected":false},"excerpt":{"rendered":"<p>\u2713La tasse anti-goutte avec t\u00e9tine moul\u00e9e dure pour b\u00e9b\u00e9s dispose de deux modes de r\u00e9glage du d\u00e9bit et est id\u00e9ale pour les premiers temps de la transition de b\u00e9b\u00e9 du biberon \u00e0 la tasse, car les liquides ne s'\u00e9couleront pas m\u00eame si b\u00e9b\u00e9 la fait tomber sur le sol.<br \/>\n\u2713Recommand\u00e9 \u00e0 partir de 9 mois.<strong><br \/>\nStock No. 702B<\/strong><\/p>","protected":false},"featured_media":24956,"comment_status":"open","ping_status":"closed","template":"","meta":{"_acf_changed":false,"_seopress_robots_primary_cat":"none","_seopress_titles_title":"","_seopress_titles_desc":"Cana anticurgere cu tetina tare pentru copii,are doua moduri de setare a fluxului ideala pentru etapa de inceput a tranzitiei biberon - cana.","_seopress_robots_index":""},"product_brand":[6195],"product_cat":[1546,1520,5677],"giftcard-category":[],"class_list":{"0":"post-24954","1":"product","2":"type-product","3":"status-publish","4":"has-post-thumbnail","6":"product_brand-difrax","7":"product_cat-biberoane-anticolici-cani-accesorii-alaptare","8":"product_cat-mama-copilul","9":"product_cat-mancare-si-accesorii-bebe","11":"first","12":"instock","13":"taxable","14":"shipping-taxable","15":"purchasable","16":"product-type-simple"},"acf":[],"_links":{"self":[{"href":"https:\/\/totalblue.ro\/fr\/wp-json\/wp\/v2\/product\/24954","targetHints":{"allow":["GET"]}}],"collection":[{"href":"https:\/\/totalblue.ro\/fr\/wp-json\/wp\/v2\/product"}],"about":[{"href":"https:\/\/totalblue.ro\/fr\/wp-json\/wp\/v2\/types\/product"}],"replies":[{"embeddable":true,"href":"https:\/\/totalblue.ro\/fr\/wp-json\/wp\/v2\/comments?post=24954"}],"wp:featuredmedia":[{"embeddable":true,"href":"https:\/\/totalblue.ro\/fr\/wp-json\/wp\/v2\/media\/24956"}],"wp:attachment":[{"href":"https:\/\/totalblue.ro\/fr\/wp-json\/wp\/v2\/media?parent=24954"}],"wp:term":[{"taxonomy":"product_brand","embeddable":true,"href":"https:\/\/totalblue.ro\/fr\/wp-json\/wp\/v2\/product_brand?post=24954"},{"taxonomy":"product_cat","embeddable":true,"href":"https:\/\/totalblue.ro\/fr\/wp-json\/wp\/v2\/product_cat?post=24954"},{"taxonomy":"giftcard-category","embeddable":true,"href":"https:\/\/totalblue.ro\/fr\/wp-json\/wp\/v2\/giftcard-category?post=24954"}],"curies":[{"name":"wp","href":"https:\/\/api.w.org\/{rel}","templated":true}]}}