{"id":25497,"date":"2020-09-17T15:10:08","date_gmt":"2020-09-17T12:10:08","guid":{"rendered":"https:\/\/totalblue.ro\/?post_type=product&#038;p=25497"},"modified":"2025-08-01T11:43:39","modified_gmt":"2025-08-01T08:43:39","slug":"dr-oetker-drojdie-uscata-instant-7g","status":"publish","type":"product","link":"https:\/\/totalblue.ro\/fr\/produs\/dr-oetker-drojdie-uscata-instant-7g\/","title":{"rendered":"Levure s\u00e8che instantan\u00e9e Dr Oetker 7g"},"content":{"rendered":"<p>Drojdie uscata. Continutul este echivalentul a 25 g drojdie proaspata.<\/p>\n<p><strong>Ingr\u00e9dient :\u00a0<\/strong>Drojdie de panificatie uscata, emulgator monostearat de sorbitan.<br \/>\nAmbalat in atmosfera protectoare. A se depozita in locuri ferite de caldura!<\/p>","protected":false},"excerpt":{"rendered":"<p>Drojdie uscata. Continutul este echivalentul a 25 g drojdie proaspata.<\/p>","protected":false},"featured_media":25498,"comment_status":"open","ping_status":"closed","template":"","meta":{"_acf_changed":false,"_seopress_robots_primary_cat":"none","_seopress_titles_title":"","_seopress_titles_desc":"Praful de copt ajut\u0103 la cre\u015fterea \u015fi af\u00e2narea tuturor tipurilor de aluaturi. Con\u021binutul unui plic este suficient pentru 500 g f\u0103in\u0103.","_seopress_robots_index":""},"product_brand":[1832],"product_cat":[1555,1451,1463],"giftcard-category":[],"class_list":{"0":"post-25497","1":"product","2":"type-product","3":"status-publish","4":"has-post-thumbnail","6":"product_brand-dr-oetker","7":"product_cat-bacanie","8":"product_cat-condimente-produse-instant","9":"product_cat-orez","11":"first","12":"instock","13":"taxable","14":"shipping-taxable","15":"purchasable","16":"product-type-simple"},"acf":[],"_links":{"self":[{"href":"https:\/\/totalblue.ro\/fr\/wp-json\/wp\/v2\/product\/25497","targetHints":{"allow":["GET"]}}],"collection":[{"href":"https:\/\/totalblue.ro\/fr\/wp-json\/wp\/v2\/product"}],"about":[{"href":"https:\/\/totalblue.ro\/fr\/wp-json\/wp\/v2\/types\/product"}],"replies":[{"embeddable":true,"href":"https:\/\/totalblue.ro\/fr\/wp-json\/wp\/v2\/comments?post=25497"}],"wp:featuredmedia":[{"embeddable":true,"href":"https:\/\/totalblue.ro\/fr\/wp-json\/wp\/v2\/media\/25498"}],"wp:attachment":[{"href":"https:\/\/totalblue.ro\/fr\/wp-json\/wp\/v2\/media?parent=25497"}],"wp:term":[{"taxonomy":"product_brand","embeddable":true,"href":"https:\/\/totalblue.ro\/fr\/wp-json\/wp\/v2\/product_brand?post=25497"},{"taxonomy":"product_cat","embeddable":true,"href":"https:\/\/totalblue.ro\/fr\/wp-json\/wp\/v2\/product_cat?post=25497"},{"taxonomy":"giftcard-category","embeddable":true,"href":"https:\/\/totalblue.ro\/fr\/wp-json\/wp\/v2\/giftcard-category?post=25497"}],"curies":[{"name":"wp","href":"https:\/\/api.w.org\/{rel}","templated":true}]}}