{"id":25502,"date":"2020-09-17T15:30:28","date_gmt":"2020-09-17T12:30:28","guid":{"rendered":"https:\/\/totalblue.ro\/?post_type=product&#038;p=25502"},"modified":"2023-02-14T13:39:47","modified_gmt":"2023-02-14T11:39:47","slug":"eugenia-dobrogea-biscuits-a-la-creme-au-chocolat-36g","status":"publish","type":"product","link":"https:\/\/totalblue.ro\/fr\/produs\/eugenia-dobrogea-biscuiti-cu-crema-de-ciocolata-36g\/","title":{"rendered":"Eugenia Dobrogea Biscuits \u00e0 la cr\u00e8me de cacao 36g"},"content":{"rendered":"<p>Original - biscuits avec cr\u00e8me de cacao.<br \/>\nMarque : Dobrogea<br \/>\nQuantit\u00e9 : 36 grammes.<br \/>\nEmball\u00e9 sous atmosph\u00e8re protectrice.<br \/>\n<strong>Ingr\u00e9dient :<\/strong><br \/>\nGRAU 650 farine blanche, sucre, graisse de palme, eau, cacao maigre (3%), poudre \u00e0 lever (carbonate acide d'ammonium, carbonate acide de sodium), sel iod\u00e9, ar\u00f4mes (rhum, vanilline). Teneur en cr\u00e8me 40%.<br \/>\nAllerg\u00e8nes : bl\u00e9. Peut contenir des traces de lait, de soja.<br \/>\n<strong>D\u00e9tails de l'utilisation :<\/strong><br \/>\nConserver dans un endroit sec et frais, \u00e0 l'abri de la lumi\u00e8re directe du soleil.<\/p>\n<p><strong>La nutrition<\/strong><\/p>\n<div class=\"wrapper-table-responsive m-t-3\">\n<table class=\"table table-striped table-bordered table-responsive TableResponsive responsive\">\n<thead>\n<tr>\n<th>Graisses<\/th>\n<th>20,8 g\/100 g<\/th>\n<\/tr>\n<\/thead>\n<tbody>\n<tr>\n<td>Valeur \u00e9nerg\u00e9tique<\/td>\n<td>472 kcal\/100 g<\/td>\n<\/tr>\n<tr>\n<td>Glucides<\/td>\n<td>66,3 g\/100 g<\/td>\n<\/tr>\n<tr>\n<td>Sodium<\/td>\n<td>0,63 g\/100 g<\/td>\n<\/tr>\n<tr>\n<td>Prot\u00e9ines<\/td>\n<td>4,6 g\/100 g<\/td>\n<\/tr>\n<tr>\n<td>Graisses satur\u00e9es<\/td>\n<td>3,2 g\/100 g<\/td>\n<\/tr>\n<\/tbody>\n<\/table>\n<\/div>","protected":false},"excerpt":{"rendered":"<p>Eugenia Dobrogea Biscuits \u00e0 la cr\u00e8me de cacao 36g<\/p>","protected":false},"featured_media":25503,"comment_status":"open","ping_status":"closed","template":"","meta":{"_acf_changed":false,"_seopress_robots_primary_cat":"none","_seopress_titles_title":"","_seopress_titles_desc":"Cauti eugenii? Eugenia Dobrogea. Biscuiti cu crema de ciocolata 36g. Livrare rapida, pret avantajos. Livrare gratuita!","_seopress_robots_index":""},"product_brand":[1827],"product_cat":[1555],"giftcard-category":[],"class_list":{"0":"post-25502","1":"product","2":"type-product","3":"status-publish","4":"has-post-thumbnail","6":"product_brand-dobrogea","7":"product_cat-bacanie","9":"first","10":"instock","11":"taxable","12":"shipping-taxable","13":"purchasable","14":"product-type-simple"},"acf":[],"_links":{"self":[{"href":"https:\/\/totalblue.ro\/fr\/wp-json\/wp\/v2\/product\/25502","targetHints":{"allow":["GET"]}}],"collection":[{"href":"https:\/\/totalblue.ro\/fr\/wp-json\/wp\/v2\/product"}],"about":[{"href":"https:\/\/totalblue.ro\/fr\/wp-json\/wp\/v2\/types\/product"}],"replies":[{"embeddable":true,"href":"https:\/\/totalblue.ro\/fr\/wp-json\/wp\/v2\/comments?post=25502"}],"wp:featuredmedia":[{"embeddable":true,"href":"https:\/\/totalblue.ro\/fr\/wp-json\/wp\/v2\/media\/25503"}],"wp:attachment":[{"href":"https:\/\/totalblue.ro\/fr\/wp-json\/wp\/v2\/media?parent=25502"}],"wp:term":[{"taxonomy":"product_brand","embeddable":true,"href":"https:\/\/totalblue.ro\/fr\/wp-json\/wp\/v2\/product_brand?post=25502"},{"taxonomy":"product_cat","embeddable":true,"href":"https:\/\/totalblue.ro\/fr\/wp-json\/wp\/v2\/product_cat?post=25502"},{"taxonomy":"giftcard-category","embeddable":true,"href":"https:\/\/totalblue.ro\/fr\/wp-json\/wp\/v2\/giftcard-category?post=25502"}],"curies":[{"name":"wp","href":"https:\/\/api.w.org\/{rel}","templated":true}]}}