{"id":25599,"date":"2020-09-28T14:45:43","date_gmt":"2020-09-28T11:45:43","guid":{"rendered":"https:\/\/totalblue.ro\/?post_type=product&#038;p=25599"},"modified":"2026-03-03T12:32:19","modified_gmt":"2026-03-03T10:32:19","slug":"suzete-pure-pumpkin-natural-12-luni","status":"publish","type":"product","link":"https:\/\/totalblue.ro\/fr\/produs\/suzete-pure-pumpkin-natural-12-luni\/","title":{"rendered":"Suzeta Pure Pumpkin Natural 12+ luni"},"content":{"rendered":"<div id=\"tab-description\" class=\"woocommerce-Tabs-panel woocommerce-Tabs-panel--description panel entry-content active\" role=\"tabpanel\" aria-labelledby=\"tab-title-description\">\n<div id=\"tab-description\" class=\"woocommerce-Tabs-panel woocommerce-Tabs-panel--description panel entry-content active\" role=\"tabpanel\" aria-labelledby=\"tab-title-description\">\n<div id=\"tab-description\" class=\"woocommerce-Tabs-panel woocommerce-Tabs-panel--description panel entry-content active\" role=\"tabpanel\" aria-labelledby=\"tab-title-description\">\n<p>La t\u00e9tine de forme ronde imite le mamelon pour une acceptation facile.<br \/>\nLa forme papillon laisse le nez du b\u00e9b\u00e9 libre et le syst\u00e8me de circulation d'air optimis\u00e9 \u00e9vite les irritations de la peau.<br \/>\nSans bisph\u00e9nol A<br \/>\n<img loading=\"lazy\" decoding=\"async\" class=\"alignnone size-large wp-image-2422\" src=\"https:\/\/racekids.ro\/wp-content\/uploads\/2019\/02\/Difrax-pacifier-1400x530.png\" alt=\"\" width=\"1020\" height=\"386\" \/><\/p>\n<p><strong>MODE D'EMPLOI<\/strong><br \/>\n\u2713 V\u00e9rifier la t\u00e9tine avant chaque utilisation. V\u00e9rifier la solidit\u00e9 de la t\u00e9tine avant chaque utilisation en la tirant dans tous les sens. Jeter la t\u00e9tine d\u00e8s les premiers signes de d\u00e9t\u00e9rioration.<br \/>\n\u2713 N'utilisez que des longes test\u00e9es EN12586. N'attachez jamais d'autres rubans ou ficelles, car votre enfant pourrait s'\u00e9trangler avec.<br \/>\nNe laissez pas la sucette en plein soleil ou pr\u00e8s d'une autre source de chaleur et ne la laissez pas dans un st\u00e9rilisateur ou des solutions st\u00e9rilisantes plus longtemps que recommand\u00e9, car cela pourrait endommager la t\u00e9tine.<br \/>\nPour des raisons d'hygi\u00e8ne, remplacez la sucette apr\u00e8s deux mois d'utilisation.<br \/>\nAvant la premi\u00e8re utilisation, faire bouillir la sucette dans de l'eau pendant 5 minutes. Pour des raisons d'hygi\u00e8ne, \u00e9gouttez l'eau restante dans la t\u00e9tine. Apr\u00e8s quelques semaines, un rin\u00e7age \u00e0 l'eau chaude suffit.<br \/>\nNettoyer apr\u00e8s chaque utilisation. Les sucettes Difrax peuvent \u00eatre nettoy\u00e9es au lave-vaisselle.<br \/>\nSi vous souhaitez st\u00e9riliser les sucettes au micro-ondes, lisez attentivement le mode d'emploi du st\u00e9rilisateur.<br \/>\nNe trempez pas la t\u00e9tine dans des substances sucr\u00e9es ou des m\u00e9dicaments, car cela peut provoquer des caries.<br \/>\nSi la sucette reste coinc\u00e9e dans la bouche de votre b\u00e9b\u00e9, ne vous affolez pas ! La sucette est con\u00e7ue de mani\u00e8re \u00e0 pouvoir \u00eatre retir\u00e9e sans risque d'ingestion. Retirez d\u00e9licatement la sucette de la bouche de votre b\u00e9b\u00e9, aussi doucement que possible.<br \/>\n\u2713 Conforme \u00e0 la norme EN1400.<\/p>\n<\/div>\n<\/div>\n<\/div>","protected":false},"excerpt":{"rendered":"<p>T\u00e9tine ronde en forme de mamelon pour une acceptation facile<br \/>\n\u2713 La forme papillon laisse le nez de b\u00e9b\u00e9 libre<br \/>\n\u2713 Le syst\u00e8me de circulation d'air optimis\u00e9 pr\u00e9vient l'irritation de la peau<\/p>\n<p><strong>\u00a0<\/strong><\/p>","protected":false},"featured_media":25600,"comment_status":"open","ping_status":"closed","template":"","meta":{"_acf_changed":false,"_seopress_robots_primary_cat":"1571","_seopress_titles_title":"","_seopress_titles_desc":"\u2713Tetina cu forma rotunda, ce imita mamelonul, pentru o acceptare usoara\u2713Forma de fluture lasa liber nasul copilului\u2713Datorita sistemului optim de circulatie a aerului, previne iritarea pielii","_seopress_robots_index":""},"product_brand":[6195],"product_cat":[1520,5677,1571],"giftcard-category":[],"class_list":{"0":"post-25599","1":"product","2":"type-product","3":"status-publish","4":"has-post-thumbnail","6":"product_brand-difrax","7":"product_cat-mama-copilul","8":"product_cat-mancare-si-accesorii-bebe","9":"product_cat-suzete-snururi-inele-dentitie","11":"first","12":"instock","13":"taxable","14":"shipping-taxable","15":"purchasable","16":"product-type-simple"},"acf":[],"_links":{"self":[{"href":"https:\/\/totalblue.ro\/fr\/wp-json\/wp\/v2\/product\/25599","targetHints":{"allow":["GET"]}}],"collection":[{"href":"https:\/\/totalblue.ro\/fr\/wp-json\/wp\/v2\/product"}],"about":[{"href":"https:\/\/totalblue.ro\/fr\/wp-json\/wp\/v2\/types\/product"}],"replies":[{"embeddable":true,"href":"https:\/\/totalblue.ro\/fr\/wp-json\/wp\/v2\/comments?post=25599"}],"wp:featuredmedia":[{"embeddable":true,"href":"https:\/\/totalblue.ro\/fr\/wp-json\/wp\/v2\/media\/25600"}],"wp:attachment":[{"href":"https:\/\/totalblue.ro\/fr\/wp-json\/wp\/v2\/media?parent=25599"}],"wp:term":[{"taxonomy":"product_brand","embeddable":true,"href":"https:\/\/totalblue.ro\/fr\/wp-json\/wp\/v2\/product_brand?post=25599"},{"taxonomy":"product_cat","embeddable":true,"href":"https:\/\/totalblue.ro\/fr\/wp-json\/wp\/v2\/product_cat?post=25599"},{"taxonomy":"giftcard-category","embeddable":true,"href":"https:\/\/totalblue.ro\/fr\/wp-json\/wp\/v2\/giftcard-category?post=25599"}],"curies":[{"name":"wp","href":"https:\/\/api.w.org\/{rel}","templated":true}]}}