{"id":25618,"date":"2020-09-29T14:27:05","date_gmt":"2020-09-29T11:27:05","guid":{"rendered":"https:\/\/totalblue.ro\/?post_type=product&#038;p=25618"},"modified":"2024-02-01T14:59:11","modified_gmt":"2024-02-01T12:59:11","slug":"gateau-barni-avec-creme-au-chocolat-30g","status":"publish","type":"product","link":"https:\/\/totalblue.ro\/fr\/produs\/prajitura-barni-cu-crema-de-ciocolata-30g\/","title":{"rendered":"G\u00e2teau Barni avec cr\u00e8me au chocolat 30g"},"content":{"rendered":"<p>G\u00e2teau \u00e0 la cr\u00e8me au chocolat 30g.<\/p>\n<p><strong>Ingr\u00e9dient :<\/strong> Farine de bl\u00e9, sirop de glucose-fructose, sucre, \u0153uf, huile de colza, chocolat 6% (p\u00e2te de cacao, sucre, cacao maigre, \u00e9mulsifiant : l\u00e9cithine de soja), \u00e9cr\u00e9m\u00e9 (3,3%) et entier (2.3%)*, stabilisant (glyc\u00e9rine), huile de palme, poudres \u00e0 lever (diphosphate disodique, carbonate acide de sodium), concentr\u00e9 min\u00e9ral de lait, \u00e9mulsifiants (esters lactiques des mono et diglyc\u00e9rides d'acides gras, esters polyglyc\u00e9riques d'acides gras), cacao maigre, sel, ar\u00f4mes. *\u00e9quivalent lait 53%<\/p>\n<p><strong>Allerg\u00e8nes :<\/strong> Contient du gluten, des \u0153ufs, du soja et du lait. Peut contenir des traces de vari\u00e9t\u00e9s de noix similaires.<\/p>\n<p><strong>La nutrition :<br \/>\n<\/strong><\/p>\n<table class=\"table table-striped table-bordered table-responsive TableResponsive responsive\" style=\"height: 215px\" width=\"364\">\n<thead>\n<tr>\n<th>Graisses<\/th>\n<th>16 g\/100 g<\/th>\n<\/tr>\n<\/thead>\n<tbody>\n<tr>\n<td>Valeur \u00e9nerg\u00e9tique<\/td>\n<td>402 kcal\/100 g<\/td>\n<\/tr>\n<tr>\n<td>Glucides<\/td>\n<td>58 g\/100 g<\/td>\n<\/tr>\n<tr>\n<td>Fibre<\/td>\n<td>1,4 g\/100 g<\/td>\n<\/tr>\n<tr>\n<td>Sodium<\/td>\n<td>0,83 g\/100 g<\/td>\n<\/tr>\n<tr>\n<td>Prot\u00e9ines<\/td>\n<td>6 g\/100 g<\/td>\n<\/tr>\n<tr>\n<td>Graisses satur\u00e9es<\/td>\n<td>3,1 g\/100 g<\/td>\n<\/tr>\n<\/tbody>\n<\/table>\n<p><strong>\u00a0<\/strong><\/p>","protected":false},"excerpt":{"rendered":"<p>G\u00e2teau \u00e0 la cr\u00e8me au chocolat 30g.<\/p>","protected":false},"featured_media":25619,"comment_status":"open","ping_status":"closed","template":"","meta":{"_acf_changed":false,"_seopress_robots_primary_cat":"none","_seopress_titles_title":"","_seopress_titles_desc":"Prajitura cu umplutura (28%) de capsune si mere. Livrare rapida, pret avantajos. Livrare gratuita! Comanda acum!","_seopress_robots_index":""},"product_brand":[1799],"product_cat":[1555],"giftcard-category":[],"class_list":{"0":"post-25618","1":"product","2":"type-product","3":"status-publish","4":"has-post-thumbnail","6":"product_brand-barni","7":"product_cat-bacanie","9":"first","10":"outofstock","11":"taxable","12":"shipping-taxable","13":"purchasable","14":"product-type-simple"},"acf":[],"_links":{"self":[{"href":"https:\/\/totalblue.ro\/fr\/wp-json\/wp\/v2\/product\/25618","targetHints":{"allow":["GET"]}}],"collection":[{"href":"https:\/\/totalblue.ro\/fr\/wp-json\/wp\/v2\/product"}],"about":[{"href":"https:\/\/totalblue.ro\/fr\/wp-json\/wp\/v2\/types\/product"}],"replies":[{"embeddable":true,"href":"https:\/\/totalblue.ro\/fr\/wp-json\/wp\/v2\/comments?post=25618"}],"wp:featuredmedia":[{"embeddable":true,"href":"https:\/\/totalblue.ro\/fr\/wp-json\/wp\/v2\/media\/25619"}],"wp:attachment":[{"href":"https:\/\/totalblue.ro\/fr\/wp-json\/wp\/v2\/media?parent=25618"}],"wp:term":[{"taxonomy":"product_brand","embeddable":true,"href":"https:\/\/totalblue.ro\/fr\/wp-json\/wp\/v2\/product_brand?post=25618"},{"taxonomy":"product_cat","embeddable":true,"href":"https:\/\/totalblue.ro\/fr\/wp-json\/wp\/v2\/product_cat?post=25618"},{"taxonomy":"giftcard-category","embeddable":true,"href":"https:\/\/totalblue.ro\/fr\/wp-json\/wp\/v2\/giftcard-category?post=25618"}],"curies":[{"name":"wp","href":"https:\/\/api.w.org\/{rel}","templated":true}]}}