{"id":25636,"date":"2020-10-02T13:13:59","date_gmt":"2020-10-02T10:13:59","guid":{"rendered":"https:\/\/totalblue.ro\/?post_type=product&#038;p=25636"},"modified":"2025-08-07T14:45:33","modified_gmt":"2025-08-07T11:45:33","slug":"tchibo-cafe-exclusif-intense-250g","status":"publish","type":"product","link":"https:\/\/totalblue.ro\/fr\/produs\/cafea-tchibo-exclusive-intense-250g\/","title":{"rendered":"Tchibo Exclusive Intense Intense Coffee 250g"},"content":{"rendered":"<p>Le caf\u00e9 Tchibo Exclusive Intense - une saveur particuli\u00e8re qui \u00e9veille vos sens et vous surprend \u00e0 chaque fois.<br \/>\nPour Tchibo Exclusive Intense, les experts de Tchibo choisissent des grains d'Arabica qui m\u00fbrissent lentement dans des r\u00e9gions s\u00e9lectionn\u00e9es et qui sont soigneusement r\u00e9colt\u00e9s \u00e0 maturit\u00e9, lorsqu'ils atteignent leur couleur rouge\u00e2tre.<br \/>\nLes experts de Tchibo torr\u00e9fient les grains choisis sur place et les combinent pour r\u00e9v\u00e9ler leur saveur intense et leur ar\u00f4me puissant. Laissez-vous s\u00e9duire par la richesse de la saveur Tchibo Exclusive Intense.<br \/>\n<strong>Ingr\u00e9dient : <\/strong>Caf\u00e9 torr\u00e9fi\u00e9 et moulu emball\u00e9 sous vide.<\/p>","protected":false},"excerpt":{"rendered":"<p>Le caf\u00e9 Tchibo Exclusive Intense - une saveur particuli\u00e8re qui \u00e9veille vos sens et vous surprend \u00e0 chaque fois.<\/p>","protected":false},"featured_media":25635,"comment_status":"open","ping_status":"closed","template":"","meta":{"_acf_changed":false,"_seopress_robots_primary_cat":"none","_seopress_titles_title":"","_seopress_titles_desc":"Rasfata-te pe tine si pe cei dragi cu gustul rafinat al cafelei Tchibo Exclusive Intense - o experienta unica, acum la un pret promotional.","_seopress_robots_index":""},"product_brand":[1918],"product_cat":[1555,1506],"giftcard-category":[],"class_list":{"0":"post-25636","1":"product","2":"type-product","3":"status-publish","4":"has-post-thumbnail","6":"product_brand-tchibo","7":"product_cat-bacanie","8":"product_cat-cafea-ceai-mic-dejun","10":"first","11":"outofstock","12":"taxable","13":"shipping-taxable","14":"purchasable","15":"product-type-simple"},"acf":[],"_links":{"self":[{"href":"https:\/\/totalblue.ro\/fr\/wp-json\/wp\/v2\/product\/25636","targetHints":{"allow":["GET"]}}],"collection":[{"href":"https:\/\/totalblue.ro\/fr\/wp-json\/wp\/v2\/product"}],"about":[{"href":"https:\/\/totalblue.ro\/fr\/wp-json\/wp\/v2\/types\/product"}],"replies":[{"embeddable":true,"href":"https:\/\/totalblue.ro\/fr\/wp-json\/wp\/v2\/comments?post=25636"}],"wp:featuredmedia":[{"embeddable":true,"href":"https:\/\/totalblue.ro\/fr\/wp-json\/wp\/v2\/media\/25635"}],"wp:attachment":[{"href":"https:\/\/totalblue.ro\/fr\/wp-json\/wp\/v2\/media?parent=25636"}],"wp:term":[{"taxonomy":"product_brand","embeddable":true,"href":"https:\/\/totalblue.ro\/fr\/wp-json\/wp\/v2\/product_brand?post=25636"},{"taxonomy":"product_cat","embeddable":true,"href":"https:\/\/totalblue.ro\/fr\/wp-json\/wp\/v2\/product_cat?post=25636"},{"taxonomy":"giftcard-category","embeddable":true,"href":"https:\/\/totalblue.ro\/fr\/wp-json\/wp\/v2\/giftcard-category?post=25636"}],"curies":[{"name":"wp","href":"https:\/\/api.w.org\/{rel}","templated":true}]}}