{"id":25637,"date":"2020-10-02T13:19:32","date_gmt":"2020-10-02T10:19:32","guid":{"rendered":"https:\/\/totalblue.ro\/?post_type=product&#038;p=25637"},"modified":"2024-04-06T14:13:50","modified_gmt":"2024-04-06T11:13:50","slug":"gullon-biscuiti-ovaz-iaurt-fructe-padure-italia","status":"publish","type":"product","link":"https:\/\/totalblue.ro\/fr\/produs\/gullon-biscuiti-ovaz-iaurt-fructe-padure-italia\/","title":{"rendered":"Gullon Biscuits \u00e0 l'avoine avec cr\u00e8me au yaourt et baies 220g, import\u00e9 d'Italie"},"content":{"rendered":"<p>Biscuiti cu continut ridicat de fibre<br \/>\nIn fiecare pachet veti gasi 5 pachete individuale de care sa va bucurati oriunde doriti<br \/>\nFara ulei de palmier<\/p>\n<p>Ingrediente: Cereale integrale 32% (fulgi de ovaz, fulgi de grau malt, faina integrala de orz), umpluturi 28% [zahar, iaurt degresat praf 18,5%, grasime vegetala (palmier si miez de palmier), amidon de grau, ulei vegetal 9% (floarea-soarelui cu continut ridicat de oleic), lapte praf degresat, emulgator (lecitina de soia), acid lactic, aroma de iaurt 0.3. %, zahar, orez umflat (faina de orez, faina de grau, sare), ulei vegetal 7% (floarea soarelui cu continut ridicat de oleic), preparat cu fructe rosii 5% [fructe 49% (capsuni, zmeura si coacaze negre), sirop de glucoza-fructoza, sirop de glucoza, umectant (glicerol), zaharuri, fibre de grau, gelifiant (pectina), grasime vegetala (palma), regulatori de aciditate ( acid malic si acid citric), arome, fibre vegetale, fulgi de porumb (porumb, sare, zahar, sirop de malt de orz), sare, emulgator (lecitina de soia), agent de crestere (bicarbonat de amoniu), aroma.<br \/>\nPoate contine urme de fructe uscate<br \/>\nValori nutritionale medii la 100 g de produs:<br \/>\nValoare energetica 1826 KJ \/ 435 Kcal<br \/>\nGrasimi 15 g din care acizi grasi saturati 2.3 g<br \/>\nGlucide 63 g din care zaharuri 26 g<br \/>\nFibre 8 g<br \/>\nProteine \u200b\u200b8 g<br \/>\nSare 0,53 g<\/p>","protected":false},"excerpt":{"rendered":"<p>Biscuiti cu continut ridicat de fibre In fiecare pachet veti gasi 5 pachete individuale de care sa va bucurati oriunde doriti Fara ulei de palmier Ingrediente: Cereale integrale 32% (fulgi de ovaz, fulgi de grau malt, faina integrala de orz), umpluturi 28% [zahar, iaurt degresat praf 18,5%, grasime vegetala (palmier si miez de palmier), amidon [&#8230;]\n","protected":false},"featured_media":141564,"comment_status":"open","ping_status":"closed","template":"","meta":{"_acf_changed":false,"_seopress_robots_primary_cat":"none","_seopress_titles_title":"","_seopress_titles_desc":"","_seopress_robots_index":""},"product_brand":[24583],"product_cat":[22160,1555,21512,7021,21826,18062],"giftcard-category":[],"class_list":{"0":"post-25637","1":"product","2":"type-product","3":"status-publish","4":"has-post-thumbnail","6":"product_brand-gullon","7":"product_cat-alimente-sportivi","8":"product_cat-bacanie","9":"product_cat-dulciuri-snacks-produse-italia","10":"product_cat-dulciuri-snacks","11":"product_cat-produse-bio-dietetice","12":"product_cat-produse-italia","14":"first","15":"outofstock","16":"taxable","17":"shipping-taxable","18":"purchasable","19":"product-type-simple"},"acf":[],"_links":{"self":[{"href":"https:\/\/totalblue.ro\/fr\/wp-json\/wp\/v2\/product\/25637","targetHints":{"allow":["GET"]}}],"collection":[{"href":"https:\/\/totalblue.ro\/fr\/wp-json\/wp\/v2\/product"}],"about":[{"href":"https:\/\/totalblue.ro\/fr\/wp-json\/wp\/v2\/types\/product"}],"replies":[{"embeddable":true,"href":"https:\/\/totalblue.ro\/fr\/wp-json\/wp\/v2\/comments?post=25637"}],"wp:featuredmedia":[{"embeddable":true,"href":"https:\/\/totalblue.ro\/fr\/wp-json\/wp\/v2\/media\/141564"}],"wp:attachment":[{"href":"https:\/\/totalblue.ro\/fr\/wp-json\/wp\/v2\/media?parent=25637"}],"wp:term":[{"taxonomy":"product_brand","embeddable":true,"href":"https:\/\/totalblue.ro\/fr\/wp-json\/wp\/v2\/product_brand?post=25637"},{"taxonomy":"product_cat","embeddable":true,"href":"https:\/\/totalblue.ro\/fr\/wp-json\/wp\/v2\/product_cat?post=25637"},{"taxonomy":"giftcard-category","embeddable":true,"href":"https:\/\/totalblue.ro\/fr\/wp-json\/wp\/v2\/giftcard-category?post=25637"}],"curies":[{"name":"wp","href":"https:\/\/api.w.org\/{rel}","templated":true}]}}