{"id":25874,"date":"2020-10-23T13:25:16","date_gmt":"2020-10-23T10:25:16","guid":{"rendered":"https:\/\/totalblue.ro\/?post_type=product&#038;p=25874"},"modified":"2025-08-05T16:00:00","modified_gmt":"2025-08-05T13:00:00","slug":"conserva-de-ton-bucati-in-ulei-vegetal-si-suc-propriu-giana-170g","status":"publish","type":"product","link":"https:\/\/totalblue.ro\/fr\/produs\/conserva-de-ton-bucati-in-ulei-vegetal-si-suc-propriu-giana-170g\/","title":{"rendered":"Thon en conserve \u00e0 l'huile v\u00e9g\u00e9tale et au jus de Giana 170g"},"content":{"rendered":"<p>Thon en conserve \u00e0 l'huile v\u00e9g\u00e9tale et au jus de Giana 170g<br \/>\nIngrediente: Ton, ulei de floarea-soarelui, sare, apa.<\/p>\n<table class=\"table table-striped table-bordered table-responsive TableResponsive responsive\" style=\"height: 164px\" width=\"325\">\n<thead>\n<tr>\n<th>Graisses<\/th>\n<th>8.7 g\/100 g<\/th>\n<\/tr>\n<\/thead>\n<tbody>\n<tr>\n<td>Valeur \u00e9nerg\u00e9tique<\/td>\n<td>178 kcal\/100 g<\/td>\n<\/tr>\n<tr>\n<td>Sodium<\/td>\n<td>1.7 g\/100 g<\/td>\n<\/tr>\n<tr>\n<td>Prot\u00e9ines<\/td>\n<td>25 g\/100 g<\/td>\n<\/tr>\n<tr>\n<td>Graisses satur\u00e9es<\/td>\n<td>1 g\/100 g<\/td>\n<\/tr>\n<\/tbody>\n<\/table>\n<p>Produs sterilizat.<br \/>\nA se pastra la loc uscat si racoros ferit de actiunea directa a razelor solare.<br \/>\nA se consuma imediat dupa deschidere<\/p>","protected":false},"excerpt":{"rendered":"<p>Thon en conserve \u00e0 l'huile v\u00e9g\u00e9tale et au jus de Giana 170g<\/p>","protected":false},"featured_media":25875,"comment_status":"open","ping_status":"closed","template":"","meta":{"_acf_changed":false,"_seopress_robots_primary_cat":"none","_seopress_titles_title":"","_seopress_titles_desc":"Conserva de ton bucati in ulei vegetal si suc propriu Giana 170g livrare rapida din stoc Bucuresti! Preturi mici, transport gratuit","_seopress_robots_index":""},"product_brand":[1849],"product_cat":[1555,1683],"giftcard-category":[],"class_list":{"0":"post-25874","1":"product","2":"type-product","3":"status-publish","4":"has-post-thumbnail","6":"product_brand-giana","7":"product_cat-bacanie","8":"product_cat-conserve-mancare-gatita","10":"first","11":"outofstock","12":"taxable","13":"shipping-taxable","14":"purchasable","15":"product-type-simple"},"acf":[],"_links":{"self":[{"href":"https:\/\/totalblue.ro\/fr\/wp-json\/wp\/v2\/product\/25874","targetHints":{"allow":["GET"]}}],"collection":[{"href":"https:\/\/totalblue.ro\/fr\/wp-json\/wp\/v2\/product"}],"about":[{"href":"https:\/\/totalblue.ro\/fr\/wp-json\/wp\/v2\/types\/product"}],"replies":[{"embeddable":true,"href":"https:\/\/totalblue.ro\/fr\/wp-json\/wp\/v2\/comments?post=25874"}],"wp:featuredmedia":[{"embeddable":true,"href":"https:\/\/totalblue.ro\/fr\/wp-json\/wp\/v2\/media\/25875"}],"wp:attachment":[{"href":"https:\/\/totalblue.ro\/fr\/wp-json\/wp\/v2\/media?parent=25874"}],"wp:term":[{"taxonomy":"product_brand","embeddable":true,"href":"https:\/\/totalblue.ro\/fr\/wp-json\/wp\/v2\/product_brand?post=25874"},{"taxonomy":"product_cat","embeddable":true,"href":"https:\/\/totalblue.ro\/fr\/wp-json\/wp\/v2\/product_cat?post=25874"},{"taxonomy":"giftcard-category","embeddable":true,"href":"https:\/\/totalblue.ro\/fr\/wp-json\/wp\/v2\/giftcard-category?post=25874"}],"curies":[{"name":"wp","href":"https:\/\/api.w.org\/{rel}","templated":true}]}}