{"id":26142,"date":"2020-11-13T15:25:06","date_gmt":"2020-11-13T13:25:06","guid":{"rendered":"https:\/\/totalblue.ro\/?post_type=product&#038;p=26142"},"modified":"2024-10-09T13:09:24","modified_gmt":"2024-10-09T10:09:24","slug":"always-absorbent-platinum-night-6-pieces","status":"publish","type":"product","link":"https:\/\/totalblue.ro\/fr\/produs\/always-absorbante-platinum-night-6-bucati\/","title":{"rendered":"Absorbant Always Platinum Day &amp; Night, Taille 3, 6 pi\u00e8ces"},"content":{"rendered":"<p class=\"page-title\"><span class=\"base\" data-ui-id=\"page-title-wrapper\">Absorbant Always Platinum Jour et Nuit, Taille 3<\/span><\/p>\n<p>Des ailettes douces comme la soie Les serviettes hygi\u00e9niques Always Platinum vous offrent un confort extraordinaire gr\u00e2ce \u00e0 des ailettes douces comme la soie, con\u00e7ues pour \u00eatre douces pour votre peau et \u00e9viter les irritations.<br \/>\nLe Leakguard 3D Always Platinum offre une protection incroyable gr\u00e2ce \u00e0 l'absorption anti-fuite 3D, qui aide \u00e0 pr\u00e9venir les fuites lat\u00e9rales.<br \/>\n100 micropernets Ces serviettes hygi\u00e9niques sont \u00e9quip\u00e9es de 1000 micropernets doux qui offrent un confort suppl\u00e9mentaire pour une protection sans souci.<br \/>\nConception SoftFit Gr\u00e2ce \u00e0 leur conception SoftFit, ils se moulent confortablement \u00e0 votre corps pour que vous ressentiez le moment pr\u00e9sent et non l'inconfort du coussin.<br \/>\nTechnologie Odour-lock Gr\u00e2ce \u00e0 la technologie OdourLock, les odeurs d\u00e9sagr\u00e9ables sont bloqu\u00e9es et neutralis\u00e9es, au lieu d'\u00eatre simplement masqu\u00e9es.<br \/>\nInspir\u00e9s par les derni\u00e8res tendances, les emballages et les conditionnements Always Platinum pr\u00e9sentent des dessins et des motifs tropicaux.<\/p>\n<p>Le coussin absorbant Always Platinum Fins est le meilleur coussin absorbant de la gamme Always Ultra en termes de protection et de confort. Protection accrue gr\u00e2ce aux barri\u00e8res lat\u00e9rales super absorbantes et int\u00e9rieur am\u00e9lior\u00e9 avec plus de mat\u00e9riau absorbant.<\/p>\n<p>L'absorbant Always Platinum Finned Absorbent est le meilleur absorbant de la gamme Always Ultra en termes de protection et de confort gr\u00e2ce \u00e0 sa double couche sup\u00e9rieure unique avec micro-coussinets. Les 1000 micro-coussinets offrent une sensation agr\u00e9able et un confort suppl\u00e9mentaire (par rapport \u00e0 Always Ultra). Id\u00e9ale pour les fuites mod\u00e9r\u00e9es avec la taille L ou les fuites importantes avec la taille M ou L. Always Platinum offre une protection suppl\u00e9mentaire (par rapport \u00e0 Always Ultra) gr\u00e2ce aux barri\u00e8res lat\u00e9rales super absorbantes qui prot\u00e8gent contre les fuites et \u00e0 l'int\u00e9rieur am\u00e9lior\u00e9 avec un mat\u00e9riau plus absorbant (par rapport \u00e0 Always Ultra) qui absorbe le liquide \u00e0 l'int\u00e9rieur pour une sensation de confort. Recommand\u00e9es pour une utilisation de jour comme de nuit, les serviettes absorbantes Always Platinum Night (taille 3) avec ailettes sont id\u00e9ales pour les fuites mod\u00e9r\u00e9es \u00e0 importantes (en fonction du besoin et de la taille de la culotte).<\/p>\n<p>&nbsp;<\/p>\n<p>&nbsp;<\/p>\n<p>&nbsp;<\/p>","protected":false},"excerpt":{"rendered":"<p>L'absorbant Always Platinum avec ailettes est le meilleur absorbant de la gamme Always Ultra pour la protection et le confort.<\/p>","protected":false},"featured_media":150940,"comment_status":"open","ping_status":"closed","template":"","meta":{"_acf_changed":false,"_seopress_robots_primary_cat":"1706","_seopress_titles_title":"Absorbante Always Platinum Day & Night, Marimea 3, 6 bucati","_seopress_titles_desc":"Absorbante Always Platinum Day & Night, Marimea 3, 6 bucati","_seopress_robots_index":""},"product_brand":[1786],"product_cat":[1706,1558],"giftcard-category":[],"class_list":{"0":"post-26142","1":"product","2":"type-product","3":"status-publish","4":"has-post-thumbnail","6":"product_brand-always","7":"product_cat-absorbante","8":"product_cat-cosmetice-sanatate","10":"first","11":"outofstock","12":"taxable","13":"shipping-taxable","14":"purchasable","15":"product-type-simple"},"acf":[],"_links":{"self":[{"href":"https:\/\/totalblue.ro\/fr\/wp-json\/wp\/v2\/product\/26142","targetHints":{"allow":["GET"]}}],"collection":[{"href":"https:\/\/totalblue.ro\/fr\/wp-json\/wp\/v2\/product"}],"about":[{"href":"https:\/\/totalblue.ro\/fr\/wp-json\/wp\/v2\/types\/product"}],"replies":[{"embeddable":true,"href":"https:\/\/totalblue.ro\/fr\/wp-json\/wp\/v2\/comments?post=26142"}],"wp:featuredmedia":[{"embeddable":true,"href":"https:\/\/totalblue.ro\/fr\/wp-json\/wp\/v2\/media\/150940"}],"wp:attachment":[{"href":"https:\/\/totalblue.ro\/fr\/wp-json\/wp\/v2\/media?parent=26142"}],"wp:term":[{"taxonomy":"product_brand","embeddable":true,"href":"https:\/\/totalblue.ro\/fr\/wp-json\/wp\/v2\/product_brand?post=26142"},{"taxonomy":"product_cat","embeddable":true,"href":"https:\/\/totalblue.ro\/fr\/wp-json\/wp\/v2\/product_cat?post=26142"},{"taxonomy":"giftcard-category","embeddable":true,"href":"https:\/\/totalblue.ro\/fr\/wp-json\/wp\/v2\/giftcard-category?post=26142"}],"curies":[{"name":"wp","href":"https:\/\/api.w.org\/{rel}","templated":true}]}}