{"id":26164,"date":"2020-11-13T16:33:08","date_gmt":"2020-11-13T14:33:08","guid":{"rendered":"https:\/\/totalblue.ro\/?post_type=product&#038;p=26164"},"modified":"2023-10-11T09:50:47","modified_gmt":"2023-10-11T06:50:47","slug":"deodorant-antiperspirant-spray-dove-go-fresh-cucumber-green-tea-150-ml","status":"publish","type":"product","link":"https:\/\/totalblue.ro\/fr\/produs\/deodorant-antiperspirant-spray-dove-go-fresh-cucumber-green-tea-150-ml\/","title":{"rendered":"Deodorant antiperspirant spray Dove Go Fresh Pear &amp; Aloe Vera, 150 ml"},"content":{"rendered":"<p>Cu to\u021bii ne dorim ce e mai bun. Antiperspirantul spray Dove Go Fresh Pear &amp; Aloe Vera \u00eembin\u0103 parfumul proasp\u0103t \u0219i \u00eengrijirea delicat\u0103 cu protec\u021bia \u00eempotriva transpira\u021biei \u0219i a mirosurilor nepl\u0103cute &#8211; reunind laolalt\u0103 toate lucrurile de care ai nevoie de la un antiperspirant.<\/p>\n<p>Parfumul s\u0103u unic de par\u0103 \u0219i aloe vera \u00ee\u021bi ofer\u0103 o explozie de prospe\u021bime nea\u0219teptat\u0103, \u00een timp ce formula cu protec\u021bie \u00eendelungat\u0103 p\u0103streaz\u0103 pielea uscat\u0103 \u0219i f\u0103r\u0103 mirosuri nepl\u0103cute timp de p\u00e2n\u0103 la 48 de ore.<\/p>\n<p>\u00cembog\u0103\u021bit cu \u00bc crem\u0103 hidratant\u0103, sprayul antiperspirant Dove \u00ee\u021bi hr\u0103ne\u0219te \u0219i \u00eengrije\u0219te pielea. Formula f\u0103r\u0103 alcool contribuie la repararea pielii subra\u021bului iritat\u0103 de lama de ras, l\u0103s\u00e2nd-o moale, neted\u0103 \u0219i frumoas\u0103.<\/p>","protected":false},"excerpt":{"rendered":"<p>Antiperspirantul spray Dove Go Fresh Pear &amp; Aloe Vera \u00eembin\u0103 parfumul proasp\u0103t \u0219i \u00eengrijirea delicat\u0103 cu protec\u021bia \u00eempotriva transpira\u021biei \u0219i a mirosurilor nepl\u0103cute &#8211; reunind laolalt\u0103 toate lucrurile de care ai nevoie de la un antiperspirant.<\/p>","protected":false},"featured_media":26165,"comment_status":"open","ping_status":"closed","template":"","meta":{"_acf_changed":false,"_seopress_robots_primary_cat":"1717","_seopress_titles_title":"","_seopress_titles_desc":"Antiperspirantul spray Dove Go Fresh Pear &amp; Aloe Vera \u00eembin\u0103 parfumul proasp\u0103t \u0219i \u00eengrijirea delicat\u0103 cu protec\u021bia \u00eempotriva transpira\u021biei \u0219i a mirosurilor nepl\u0103cute - reunind laolalt\u0103 toate lucrurile de care ai nevoie de la un antiperspirant.","_seopress_robots_index":""},"product_brand":[1831],"product_cat":[1558,1717],"giftcard-category":[],"class_list":{"0":"post-26164","1":"product","2":"type-product","3":"status-publish","4":"has-post-thumbnail","6":"product_brand-dove","7":"product_cat-cosmetice-sanatate","8":"product_cat-deodorante-gel-dus","10":"first","11":"outofstock","12":"taxable","13":"shipping-taxable","14":"purchasable","15":"product-type-simple"},"acf":[],"_links":{"self":[{"href":"https:\/\/totalblue.ro\/fr\/wp-json\/wp\/v2\/product\/26164","targetHints":{"allow":["GET"]}}],"collection":[{"href":"https:\/\/totalblue.ro\/fr\/wp-json\/wp\/v2\/product"}],"about":[{"href":"https:\/\/totalblue.ro\/fr\/wp-json\/wp\/v2\/types\/product"}],"replies":[{"embeddable":true,"href":"https:\/\/totalblue.ro\/fr\/wp-json\/wp\/v2\/comments?post=26164"}],"wp:featuredmedia":[{"embeddable":true,"href":"https:\/\/totalblue.ro\/fr\/wp-json\/wp\/v2\/media\/26165"}],"wp:attachment":[{"href":"https:\/\/totalblue.ro\/fr\/wp-json\/wp\/v2\/media?parent=26164"}],"wp:term":[{"taxonomy":"product_brand","embeddable":true,"href":"https:\/\/totalblue.ro\/fr\/wp-json\/wp\/v2\/product_brand?post=26164"},{"taxonomy":"product_cat","embeddable":true,"href":"https:\/\/totalblue.ro\/fr\/wp-json\/wp\/v2\/product_cat?post=26164"},{"taxonomy":"giftcard-category","embeddable":true,"href":"https:\/\/totalblue.ro\/fr\/wp-json\/wp\/v2\/giftcard-category?post=26164"}],"curies":[{"name":"wp","href":"https:\/\/api.w.org\/{rel}","templated":true}]}}