{"id":26243,"date":"2020-11-23T14:23:00","date_gmt":"2020-11-23T12:23:00","guid":{"rendered":"https:\/\/totalblue.ro\/?post_type=product&#038;p=26243"},"modified":"2025-08-05T11:58:43","modified_gmt":"2025-08-05T08:58:43","slug":"tomates-pelees-entieres-alex-star-400g","status":"publish","type":"product","link":"https:\/\/totalblue.ro\/fr\/produs\/alex-star-rosii-intregi-decojite-400g\/","title":{"rendered":"Alex Star Tomates pel\u00e9es enti\u00e8res 400g"},"content":{"rendered":"<p>Tomates enti\u00e8res pel\u00e9es.<br \/>\nIngr\u00e9dients : tomates enti\u00e8res pel\u00e9es, jus de tomate, r\u00e9gulateur d'acidit\u00e9 : acide citrique.<br \/>\nConserver dans des locaux propres et bien ventil\u00e9s, \u00e0 l'abri de la lumi\u00e8re directe du soleil et du gel, \u00e0 temp\u00e9rature ambiante. Apr\u00e8s ouverture, conserver dans un r\u00e9cipient frais et non m\u00e9tallique.<br \/>\nQuantit\u00e9 nette : 400 g<br \/>\nCapacit\u00e9 du r\u00e9cipient : 425 ml<br \/>\nQuantit\u00e9 nette sans liquide : 240 g<\/p>","protected":false},"excerpt":{"rendered":"<p>Tomates enti\u00e8res pel\u00e9es.<\/p>","protected":false},"featured_media":26244,"comment_status":"open","ping_status":"closed","template":"","meta":{"_acf_changed":false,"_seopress_robots_primary_cat":"none","_seopress_titles_title":"","_seopress_titles_desc":"Livrare rapida direct la usa casei tale: pasta de tomate pentru mancaruri, pasta de tomate cu rosii. Pret avantajos. Pasta tomate ieftina.","_seopress_robots_index":""},"product_brand":[1784],"product_cat":[1555,1683],"giftcard-category":[],"class_list":{"0":"post-26243","1":"product","2":"type-product","3":"status-publish","4":"has-post-thumbnail","6":"product_brand-alex-star","7":"product_cat-bacanie","8":"product_cat-conserve-mancare-gatita","10":"first","11":"outofstock","12":"taxable","13":"shipping-taxable","14":"purchasable","15":"product-type-simple"},"acf":[],"_links":{"self":[{"href":"https:\/\/totalblue.ro\/fr\/wp-json\/wp\/v2\/product\/26243","targetHints":{"allow":["GET"]}}],"collection":[{"href":"https:\/\/totalblue.ro\/fr\/wp-json\/wp\/v2\/product"}],"about":[{"href":"https:\/\/totalblue.ro\/fr\/wp-json\/wp\/v2\/types\/product"}],"replies":[{"embeddable":true,"href":"https:\/\/totalblue.ro\/fr\/wp-json\/wp\/v2\/comments?post=26243"}],"wp:featuredmedia":[{"embeddable":true,"href":"https:\/\/totalblue.ro\/fr\/wp-json\/wp\/v2\/media\/26244"}],"wp:attachment":[{"href":"https:\/\/totalblue.ro\/fr\/wp-json\/wp\/v2\/media?parent=26243"}],"wp:term":[{"taxonomy":"product_brand","embeddable":true,"href":"https:\/\/totalblue.ro\/fr\/wp-json\/wp\/v2\/product_brand?post=26243"},{"taxonomy":"product_cat","embeddable":true,"href":"https:\/\/totalblue.ro\/fr\/wp-json\/wp\/v2\/product_cat?post=26243"},{"taxonomy":"giftcard-category","embeddable":true,"href":"https:\/\/totalblue.ro\/fr\/wp-json\/wp\/v2\/giftcard-category?post=26243"}],"curies":[{"name":"wp","href":"https:\/\/api.w.org\/{rel}","templated":true}]}}