{"id":26245,"date":"2020-11-23T14:32:29","date_gmt":"2020-11-23T12:32:29","guid":{"rendered":"https:\/\/totalblue.ro\/?post_type=product&#038;p=26245"},"modified":"2025-08-05T11:58:42","modified_gmt":"2025-08-05T08:58:42","slug":"alex-star-pasta-de-tomate-24-310-g","status":"publish","type":"product","link":"https:\/\/totalblue.ro\/fr\/produs\/alex-star-pasta-de-tomate-24-310-g\/","title":{"rendered":"Alex Star P\u00e2te de tomates 24% 310 g"},"content":{"rendered":"<p>Alex Star P\u00e2te de tomates 24% 310 g<br \/>\nIngrediente: concentrat de tomate, ap\u0103, sare (2%)<br \/>\nConserver dans des locaux propres et bien ventil\u00e9s, \u00e0 l'abri de la lumi\u00e8re directe du soleil et du gel, \u00e0 temp\u00e9rature ambiante. Apr\u00e8s ouverture, conserver dans un r\u00e9cipient frais et non m\u00e9tallique.<br \/>\nCantitate net\u0103: 310 g<br \/>\nCapacitate recipient: 314 ml<\/p>","protected":false},"excerpt":{"rendered":"<p>Past\u0103 de tomate 24%<\/p>","protected":false},"featured_media":26246,"comment_status":"open","ping_status":"closed","template":"","meta":{"_acf_changed":false,"_seopress_robots_primary_cat":"none","_seopress_titles_title":"","_seopress_titles_desc":"Livrare rapida direct la usa casei tale: pasta de tomate pentru mancaruri, pasta de tomate cu rosii. Pret avantajos. Pasta tomate ieftina.","_seopress_robots_index":""},"product_brand":[1784],"product_cat":[1555,1683],"giftcard-category":[],"class_list":{"0":"post-26245","1":"product","2":"type-product","3":"status-publish","4":"has-post-thumbnail","6":"product_brand-alex-star","7":"product_cat-bacanie","8":"product_cat-conserve-mancare-gatita","10":"first","11":"outofstock","12":"taxable","13":"shipping-taxable","14":"purchasable","15":"product-type-simple"},"acf":[],"_links":{"self":[{"href":"https:\/\/totalblue.ro\/fr\/wp-json\/wp\/v2\/product\/26245","targetHints":{"allow":["GET"]}}],"collection":[{"href":"https:\/\/totalblue.ro\/fr\/wp-json\/wp\/v2\/product"}],"about":[{"href":"https:\/\/totalblue.ro\/fr\/wp-json\/wp\/v2\/types\/product"}],"replies":[{"embeddable":true,"href":"https:\/\/totalblue.ro\/fr\/wp-json\/wp\/v2\/comments?post=26245"}],"wp:featuredmedia":[{"embeddable":true,"href":"https:\/\/totalblue.ro\/fr\/wp-json\/wp\/v2\/media\/26246"}],"wp:attachment":[{"href":"https:\/\/totalblue.ro\/fr\/wp-json\/wp\/v2\/media?parent=26245"}],"wp:term":[{"taxonomy":"product_brand","embeddable":true,"href":"https:\/\/totalblue.ro\/fr\/wp-json\/wp\/v2\/product_brand?post=26245"},{"taxonomy":"product_cat","embeddable":true,"href":"https:\/\/totalblue.ro\/fr\/wp-json\/wp\/v2\/product_cat?post=26245"},{"taxonomy":"giftcard-category","embeddable":true,"href":"https:\/\/totalblue.ro\/fr\/wp-json\/wp\/v2\/giftcard-category?post=26245"}],"curies":[{"name":"wp","href":"https:\/\/api.w.org\/{rel}","templated":true}]}}