{"id":26249,"date":"2020-11-23T14:55:18","date_gmt":"2020-11-23T12:55:18","guid":{"rendered":"https:\/\/totalblue.ro\/?post_type=product&#038;p=26249"},"modified":"2025-08-05T11:58:41","modified_gmt":"2025-08-05T08:58:41","slug":"alex-star-gogosari-in-otet-720-ml-680-g","status":"publish","type":"product","link":"https:\/\/totalblue.ro\/fr\/produs\/alex-star-gogosari-in-otet-720-ml-680-g\/","title":{"rendered":"Alex Star Gogosari in otet 720 ml 680 g"},"content":{"rendered":"<p>Alex Star Gogo\u0219ari \u00een o\u021bet 720 ml 680 g<br \/>\nIngrediente: gogo\u0219ari t\u0103ia\u021bi, ap\u0103, o\u021bet, zah\u0103r, sare, condimente: mu\u0219tar boabe, piper boabe, foi de dafin.<br \/>\nCantitate net\u0103: 680g<br \/>\nCapacitate recipient: 720 ml<br \/>\nCantitate net\u0103 f\u0103r\u0103 lichid:300 g<br \/>\nProdus pasteurizat. Produs in Romania.<\/p>","protected":false},"excerpt":{"rendered":"<p>Alex Star Gogo\u0219ari \u00een o\u021bet<\/p>","protected":false},"featured_media":26250,"comment_status":"open","ping_status":"closed","template":"","meta":{"_acf_changed":false,"_seopress_robots_primary_cat":"none","_seopress_titles_title":"","_seopress_titles_desc":"Cauti Alex Star Gogo\u0219ari \u00een o\u021bet 680 g livrare rapida din stoc Bucuresti! Preturi mici, transport gratuit","_seopress_robots_index":""},"product_brand":[1784],"product_cat":[1555,1683],"giftcard-category":[],"class_list":{"0":"post-26249","1":"product","2":"type-product","3":"status-publish","4":"has-post-thumbnail","6":"product_brand-alex-star","7":"product_cat-bacanie","8":"product_cat-conserve-mancare-gatita","10":"first","11":"outofstock","12":"taxable","13":"shipping-taxable","14":"purchasable","15":"product-type-simple"},"acf":[],"_links":{"self":[{"href":"https:\/\/totalblue.ro\/fr\/wp-json\/wp\/v2\/product\/26249","targetHints":{"allow":["GET"]}}],"collection":[{"href":"https:\/\/totalblue.ro\/fr\/wp-json\/wp\/v2\/product"}],"about":[{"href":"https:\/\/totalblue.ro\/fr\/wp-json\/wp\/v2\/types\/product"}],"replies":[{"embeddable":true,"href":"https:\/\/totalblue.ro\/fr\/wp-json\/wp\/v2\/comments?post=26249"}],"wp:featuredmedia":[{"embeddable":true,"href":"https:\/\/totalblue.ro\/fr\/wp-json\/wp\/v2\/media\/26250"}],"wp:attachment":[{"href":"https:\/\/totalblue.ro\/fr\/wp-json\/wp\/v2\/media?parent=26249"}],"wp:term":[{"taxonomy":"product_brand","embeddable":true,"href":"https:\/\/totalblue.ro\/fr\/wp-json\/wp\/v2\/product_brand?post=26249"},{"taxonomy":"product_cat","embeddable":true,"href":"https:\/\/totalblue.ro\/fr\/wp-json\/wp\/v2\/product_cat?post=26249"},{"taxonomy":"giftcard-category","embeddable":true,"href":"https:\/\/totalblue.ro\/fr\/wp-json\/wp\/v2\/giftcard-category?post=26249"}],"curies":[{"name":"wp","href":"https:\/\/api.w.org\/{rel}","templated":true}]}}