{"id":26253,"date":"2020-11-23T15:17:56","date_gmt":"2020-11-23T13:17:56","guid":{"rendered":"https:\/\/totalblue.ro\/?post_type=product&#038;p=26253"},"modified":"2024-12-13T12:17:15","modified_gmt":"2024-12-13T10:17:15","slug":"kellogs-cereal-extra-chocolate-milk-375g","status":"publish","type":"product","link":"https:\/\/totalblue.ro\/fr\/produs\/cereale-kellogs-extra-ciocolata-lapte-375g\/","title":{"rendered":"C\u00e9r\u00e9ales Kellogg's Extra Milk Chocolate 375g"},"content":{"rendered":"<p>Ingr\u00e9dients : flocons d'avoine 47%, sucre, huile de palme non hydrog\u00e9n\u00e9e, morceaux de chocolat au lait 14%, sucre, beurre de cacao, huiles v\u00e9g\u00e9tales non hydrog\u00e9n\u00e9es (palme, mangue) en proportions variables, l\u00e9cithine de soja, farine de bl\u00e9 8%, noix de coco d\u00e9shydrat\u00e9e, m\u00e9lasse, sel, orge, cannelle, vitamines (niacine, B6, B2, B1, acide folique, B12), fer.<\/p>\n<p>Informations nutritionnelles (par 100 g)<br \/>\n\u00c9nergie 2026 kJ\/ 484 kcal<br \/>\nMati\u00e8res grasses 22 g dont 10 g d'acides gras satur\u00e9s<br \/>\nGlucides 62g dont sucres 25 g<br \/>\nFibres 4,9 g<br \/>\nProt\u00e9ines 7 g<br \/>\nSel 0,73 g<\/p>","protected":false},"excerpt":{"rendered":"<p>Ingrediente: Fulgi de ovaz 47%,zahar,ulei de palmier ne-hidrogenat ,bucati de ciocolata cu lapte 14%,zahar, unt de cacao,uleiuri vegetale ne-hidrogenate(palmier,mango,)in proporti variabile,lecitina din soia,faina de grau 8%,cocos deshidratat,melasa,sare,orz,scortisoara,vitamine(niacina,B6,B2,B1,acid folic,B12)fier.Poate sa contina urme de nuci. Informatii nutritionale (la 100 g) Energie 2026 kJ\/ 484 kcal Grasimi 22g din care acizi grasi saturati 10 g Carbohidrati 62g din [&#8230;]\n","protected":false},"featured_media":139473,"comment_status":"open","ping_status":"closed","template":"","meta":{"_acf_changed":false,"_seopress_robots_primary_cat":"none","_seopress_titles_title":"","_seopress_titles_desc":"","_seopress_robots_index":""},"product_brand":[1997],"product_cat":[1555,1506,21528,18062],"giftcard-category":[],"class_list":{"0":"post-26253","1":"product","2":"type-product","3":"status-publish","4":"has-post-thumbnail","6":"product_brand-kelloggs","7":"product_cat-bacanie","8":"product_cat-cafea-ceai-mic-dejun","9":"product_cat-mic-dejun-cereale","10":"product_cat-produse-italia","12":"first","13":"outofstock","14":"taxable","15":"shipping-taxable","16":"purchasable","17":"product-type-simple"},"acf":[],"_links":{"self":[{"href":"https:\/\/totalblue.ro\/fr\/wp-json\/wp\/v2\/product\/26253","targetHints":{"allow":["GET"]}}],"collection":[{"href":"https:\/\/totalblue.ro\/fr\/wp-json\/wp\/v2\/product"}],"about":[{"href":"https:\/\/totalblue.ro\/fr\/wp-json\/wp\/v2\/types\/product"}],"replies":[{"embeddable":true,"href":"https:\/\/totalblue.ro\/fr\/wp-json\/wp\/v2\/comments?post=26253"}],"wp:featuredmedia":[{"embeddable":true,"href":"https:\/\/totalblue.ro\/fr\/wp-json\/wp\/v2\/media\/139473"}],"wp:attachment":[{"href":"https:\/\/totalblue.ro\/fr\/wp-json\/wp\/v2\/media?parent=26253"}],"wp:term":[{"taxonomy":"product_brand","embeddable":true,"href":"https:\/\/totalblue.ro\/fr\/wp-json\/wp\/v2\/product_brand?post=26253"},{"taxonomy":"product_cat","embeddable":true,"href":"https:\/\/totalblue.ro\/fr\/wp-json\/wp\/v2\/product_cat?post=26253"},{"taxonomy":"giftcard-category","embeddable":true,"href":"https:\/\/totalblue.ro\/fr\/wp-json\/wp\/v2\/giftcard-category?post=26253"}],"curies":[{"name":"wp","href":"https:\/\/api.w.org\/{rel}","templated":true}]}}