{"id":26316,"date":"2020-11-25T10:29:09","date_gmt":"2020-11-25T08:29:09","guid":{"rendered":"https:\/\/totalblue.ro\/?post_type=product&#038;p=26316"},"modified":"2025-08-06T09:43:14","modified_gmt":"2025-08-06T06:43:14","slug":"hellmanns-sos-de-mustar-257g","status":"publish","type":"product","link":"https:\/\/totalblue.ro\/fr\/produs\/hellmanns-sos-de-mustar-257g\/","title":{"rendered":"Hellmann&#8217;s &#8211; sos de mustar 257g"},"content":{"rendered":"<p>Un sos cu gust intens de mustar dijon, cremos si intens, potrivit atat pentru preparate din carne, cat si pentru legume la gratar sau preparate pe baza de oua.<br \/>\n<strong>Ingredinte :<\/strong>\u00a0ap\u0103, mu\u015ftar (24%) (ap\u0103, semin\u0163e de MU\u015eTAR (20%), o\u0163et din alcool, sare, arome, condimente), ulei vegetal de rapi\u0163\u0103, o\u0163et din alcool, zah\u0103r, amidon modificat de porumb, g\u0103lbenu\u015f de OU (2,3%), sare, clorur\u0103 de potasiu, agent de \u00eengro\u015fare (gum\u0103 de xanthan), colorant (caroteni), arome.<br \/>\n<strong>Allerg\u00e8nes :<\/strong> mustar, soia, oua<br \/>\n<strong>La nutrition :<\/strong><\/p>\n<table class=\"table table-striped table-bordered table-responsive TableResponsive responsive\">\n<thead>\n<tr>\n<th>Graisses<\/th>\n<th>25 g\/100 g<\/th>\n<\/tr>\n<\/thead>\n<tbody>\n<tr>\n<td>Valeur \u00e9nerg\u00e9tique<\/td>\n<td>269 kcal\/100 g<\/td>\n<\/tr>\n<tr>\n<td>Glucides<\/td>\n<td>8.9 g\/100 g<\/td>\n<\/tr>\n<tr>\n<td>Sodium<\/td>\n<td>2.8 g\/100 g<\/td>\n<\/tr>\n<tr>\n<td>Prot\u00e9ines<\/td>\n<td>1.7 g\/100 g<\/td>\n<\/tr>\n<tr>\n<td>Graisses satur\u00e9es<\/td>\n<td>3.8 g\/100 g<\/td>\n<\/tr>\n<\/tbody>\n<\/table>","protected":false},"excerpt":{"rendered":"<p>Un sos cu gust intens de mustar dijon, cremos si intens, potrivit atat pentru preparate din carne, cat si pentru legume la gratar sau preparate pe baza de oua.<\/p>","protected":false},"featured_media":26317,"comment_status":"open","ping_status":"closed","template":"","meta":{"_acf_changed":false,"_seopress_robots_primary_cat":"none","_seopress_titles_title":"","_seopress_titles_desc":"Un sos cu gust intens de mustar dijon, cremos si intens, potrivit atat pentru preparate din carne, cat si pentru legume la gratar sau preparate pe baza de oua.","_seopress_robots_index":""},"product_brand":[1852],"product_cat":[1555],"giftcard-category":[],"class_list":{"0":"post-26316","1":"product","2":"type-product","3":"status-publish","4":"has-post-thumbnail","6":"product_brand-hellmanns","7":"product_cat-bacanie","9":"first","10":"outofstock","11":"taxable","12":"shipping-taxable","13":"purchasable","14":"product-type-simple"},"acf":[],"_links":{"self":[{"href":"https:\/\/totalblue.ro\/fr\/wp-json\/wp\/v2\/product\/26316","targetHints":{"allow":["GET"]}}],"collection":[{"href":"https:\/\/totalblue.ro\/fr\/wp-json\/wp\/v2\/product"}],"about":[{"href":"https:\/\/totalblue.ro\/fr\/wp-json\/wp\/v2\/types\/product"}],"replies":[{"embeddable":true,"href":"https:\/\/totalblue.ro\/fr\/wp-json\/wp\/v2\/comments?post=26316"}],"wp:featuredmedia":[{"embeddable":true,"href":"https:\/\/totalblue.ro\/fr\/wp-json\/wp\/v2\/media\/26317"}],"wp:attachment":[{"href":"https:\/\/totalblue.ro\/fr\/wp-json\/wp\/v2\/media?parent=26316"}],"wp:term":[{"taxonomy":"product_brand","embeddable":true,"href":"https:\/\/totalblue.ro\/fr\/wp-json\/wp\/v2\/product_brand?post=26316"},{"taxonomy":"product_cat","embeddable":true,"href":"https:\/\/totalblue.ro\/fr\/wp-json\/wp\/v2\/product_cat?post=26316"},{"taxonomy":"giftcard-category","embeddable":true,"href":"https:\/\/totalblue.ro\/fr\/wp-json\/wp\/v2\/giftcard-category?post=26316"}],"curies":[{"name":"wp","href":"https:\/\/api.w.org\/{rel}","templated":true}]}}