{"id":26410,"date":"2020-12-04T15:31:39","date_gmt":"2020-12-04T13:31:39","guid":{"rendered":"https:\/\/totalblue.ro\/?post_type=product&#038;p=26410"},"modified":"2025-08-05T15:08:13","modified_gmt":"2025-08-05T12:08:13","slug":"caramel-sarat-pliculete-3in1","status":"publish","type":"product","link":"https:\/\/totalblue.ro\/fr\/produs\/caramel-sarat-pliculete-3in1\/","title":{"rendered":"Douwe Egberts Latte caramel sarat Hot &amp; Cold 8 x 17.8 g"},"content":{"rendered":"<p>Bucurati-va de acest delicios latte cu gustul bogat de caramel sarat si strat delicios de spuma de lapte de la Douwe Egberts . Un rasfat de care te poti bucura oricand atat ca preparat cald cat si rece.<br \/>\nCafea cu lapte rece sau fierbinte.<br \/>\nCu lapte degresat.<br \/>\nAroma de caramel.<\/p>\n<p>Continut si greutate: 1 cutie contine 8 plicuri de Douwe Egberts Warm of koud latte salted caramel.<br \/>\n8 bucati \/ plicuri x 17,8 g = 142,4 grame<br \/>\n8\u00d717,8 g<br \/>\nNumar de portii: 8<br \/>\nIngrediente: zahar, sirop de glucoza, lapte praf degresat (17%), maltodextrina, ulei de samburi de palmier, cafea instant (5,6%), sare, arome (lapte), amidon modificat, agent antiaglomerant (E551), proteine \u200b\u200bdin lapte, stabilizator (E340), agent de ingrosare (E415), emulgator (E481).<br \/>\nAlergeni: Contine lapte.<br \/>\nValori nutritionala la 100 ml:<br \/>\nCes valeurs s'appliquent au produit non pr\u00e9par\u00e9.<\/p>\n<p>Energie 198 kJ (47 kcal)<br \/>\nGrasimi 0,8 g din care grasimi saturate 0,8 g<br \/>\nGlucide 8,8 g din care zaharuri 5,8 g<br \/>\nFibres alimentaires 0,2 g<br \/>\nProt\u00e9ines 0,9 g<br \/>\nSel 0,22 g<\/p>\n<p>Pr\u00e9paration :<br \/>\n1. Puneti continutul plicului intr-un pahar \/ cana.<br \/>\n2. Adaugati 150 ml de apa calda 85\u00b0C sau apa rece cu gheata in timp ce amestecati.<br \/>\n3. Se amesteca bine.<br \/>\n4. Bucurati-va de un latte cu caramel sarat delicios!<\/p>\n<p>Nota: cana poate fi fierbinte ! Douwe Egberts Warm of koud latte salted caramel poate fi fierbinte !<br \/>\nStockage : Conserver dans un endroit sec, \u00e0 l'abri de la lumi\u00e8re et \u00e0 temp\u00e9rature ambiante. Ne pas exposer \u00e0 la lumi\u00e8re directe du soleil.<br \/>\nConsommer avant : voir sur l'emballage.<br \/>\nA nu se lasa la indemana copiilor.<br \/>\nProducteur : JACOBS DOUWE EGBERTS B.V., Oosterdoksstraat 80, 1011 DK Amsterdam, Pays-Bas<br \/>\nImportateur et distributeur : Total Blue Impex SRL, Bucarest, Roumanie.<\/p>","protected":false},"excerpt":{"rendered":"<p>Bucurati-va de acest delicios latte cu gustul bogat de caramel sarat si strat delicios de spuma de lapte de la Douwe Egberts . Un rasfat de care te poti bucura oricand atat ca preparat cald cat si rece. Cafea cu lapte rece sau fierbinte. Cu lapte degresat. Aroma de caramel. Continut si greutate: 1 cutie [&#8230;]\n","protected":false},"featured_media":87099,"comment_status":"open","ping_status":"closed","template":"","meta":{"_acf_changed":false,"_seopress_robots_primary_cat":"none","_seopress_titles_title":"","_seopress_titles_desc":"","_seopress_robots_index":""},"product_brand":[2079],"product_cat":[1555,1506,3320,1767],"giftcard-category":[],"class_list":{"0":"post-26410","1":"product","2":"type-product","3":"status-publish","4":"has-post-thumbnail","6":"product_brand-douwe-egberts","7":"product_cat-bacanie","8":"product_cat-cafea-ceai-mic-dejun","9":"product_cat-cafea-ceai-lapte","10":"product_cat-produse-olanda","12":"first","13":"outofstock","14":"taxable","15":"shipping-taxable","16":"purchasable","17":"product-type-simple"},"acf":[],"_links":{"self":[{"href":"https:\/\/totalblue.ro\/fr\/wp-json\/wp\/v2\/product\/26410","targetHints":{"allow":["GET"]}}],"collection":[{"href":"https:\/\/totalblue.ro\/fr\/wp-json\/wp\/v2\/product"}],"about":[{"href":"https:\/\/totalblue.ro\/fr\/wp-json\/wp\/v2\/types\/product"}],"replies":[{"embeddable":true,"href":"https:\/\/totalblue.ro\/fr\/wp-json\/wp\/v2\/comments?post=26410"}],"wp:featuredmedia":[{"embeddable":true,"href":"https:\/\/totalblue.ro\/fr\/wp-json\/wp\/v2\/media\/87099"}],"wp:attachment":[{"href":"https:\/\/totalblue.ro\/fr\/wp-json\/wp\/v2\/media?parent=26410"}],"wp:term":[{"taxonomy":"product_brand","embeddable":true,"href":"https:\/\/totalblue.ro\/fr\/wp-json\/wp\/v2\/product_brand?post=26410"},{"taxonomy":"product_cat","embeddable":true,"href":"https:\/\/totalblue.ro\/fr\/wp-json\/wp\/v2\/product_cat?post=26410"},{"taxonomy":"giftcard-category","embeddable":true,"href":"https:\/\/totalblue.ro\/fr\/wp-json\/wp\/v2\/giftcard-category?post=26410"}],"curies":[{"name":"wp","href":"https:\/\/api.w.org\/{rel}","templated":true}]}}