{"id":26453,"date":"2020-12-04T19:19:26","date_gmt":"2020-12-04T17:19:26","guid":{"rendered":"https:\/\/totalblue.ro\/?post_type=product&#038;p=26453"},"modified":"2025-08-05T15:59:57","modified_gmt":"2025-08-05T12:59:57","slug":"giana-sfecla-rosie-felii-in-saramura-dulce-acrisoara-720-ml","status":"publish","type":"product","link":"https:\/\/totalblue.ro\/fr\/produs\/giana-sfecla-rosie-felii-in-saramura-dulce-acrisoara-720-ml\/","title":{"rendered":"Giana &#8211; Sfecla rosie felii in saramura dulce acrisoara 720 ml"},"content":{"rendered":"<p>Giana &#8211; Sfecla rosie felii in saramura dulce acrisoara 720 ml<br \/>\n<strong>Ingr\u00e9dient :<\/strong> Sfecla rosie, apa, sare, zahar, acidifianti (acid acetic, acid citric), agent de intarire (clorura de calciu).<br \/>\nA se depozita in incaperi curate, aerisite, ferite de razele solare si inghet.<\/p>","protected":false},"excerpt":{"rendered":"<p>Giana &#8211; Sfecla rosie felii in saramura dulce acrisoara 720 ml<\/p>","protected":false},"featured_media":26472,"comment_status":"open","ping_status":"closed","template":"","meta":{"_acf_changed":false,"_seopress_robots_primary_cat":"none","_seopress_titles_title":"","_seopress_titles_desc":"Giana - Sfecla rosie felii in saramura dulce acrisoara 720 ml.F\u0103r\u0103 conservan\u0163i,livrare rapida din stoc Bucuresti! Preturi mici, transport gratuit","_seopress_robots_index":""},"product_brand":[1849],"product_cat":[1555,1683],"giftcard-category":[],"class_list":{"0":"post-26453","1":"product","2":"type-product","3":"status-publish","4":"has-post-thumbnail","6":"product_brand-giana","7":"product_cat-bacanie","8":"product_cat-conserve-mancare-gatita","10":"first","11":"outofstock","12":"taxable","13":"shipping-taxable","14":"purchasable","15":"product-type-simple"},"acf":[],"_links":{"self":[{"href":"https:\/\/totalblue.ro\/fr\/wp-json\/wp\/v2\/product\/26453","targetHints":{"allow":["GET"]}}],"collection":[{"href":"https:\/\/totalblue.ro\/fr\/wp-json\/wp\/v2\/product"}],"about":[{"href":"https:\/\/totalblue.ro\/fr\/wp-json\/wp\/v2\/types\/product"}],"replies":[{"embeddable":true,"href":"https:\/\/totalblue.ro\/fr\/wp-json\/wp\/v2\/comments?post=26453"}],"wp:featuredmedia":[{"embeddable":true,"href":"https:\/\/totalblue.ro\/fr\/wp-json\/wp\/v2\/media\/26472"}],"wp:attachment":[{"href":"https:\/\/totalblue.ro\/fr\/wp-json\/wp\/v2\/media?parent=26453"}],"wp:term":[{"taxonomy":"product_brand","embeddable":true,"href":"https:\/\/totalblue.ro\/fr\/wp-json\/wp\/v2\/product_brand?post=26453"},{"taxonomy":"product_cat","embeddable":true,"href":"https:\/\/totalblue.ro\/fr\/wp-json\/wp\/v2\/product_cat?post=26453"},{"taxonomy":"giftcard-category","embeddable":true,"href":"https:\/\/totalblue.ro\/fr\/wp-json\/wp\/v2\/giftcard-category?post=26453"}],"curies":[{"name":"wp","href":"https:\/\/api.w.org\/{rel}","templated":true}]}}