{"id":26560,"date":"2020-12-23T13:17:46","date_gmt":"2020-12-23T11:17:46","guid":{"rendered":"https:\/\/totalblue.ro\/?post_type=product&#038;p=26560"},"modified":"2026-03-24T20:31:17","modified_gmt":"2026-03-24T18:31:17","slug":"supa-copioasa-de-rosii-cu-carne-unox-olanda","status":"publish","type":"product","link":"https:\/\/totalblue.ro\/fr\/produs\/supa-copioasa-de-rosii-cu-carne-unox-olanda\/","title":{"rendered":"Supa copioasa de rosii cu carne Unox Olanda 800 ml"},"content":{"rendered":"<p>Cantitatea ideala pentru 2-3 portii de supa.<br \/>\nUnox Soep in blik stevige tomatensoep<br \/>\nSupa copioasa de rosii cu carne Unox Olanda &#8211; gata preparata<br \/>\nBrandul olandez Unox produce cele mai bune supe olandeze inca din 1957.\u00a0 Deoarece Unox lucreaza in continuu la imbunatatirea produselor sale, pe langa supele clasice, gasim o gama variata de produse delicioase gata preparate.<br \/>\n<strong>Pr\u00e9paration :<\/strong> Nu introduceti ambalajul in cuptorul cu microunde! Nu gatiti supa! Puneti supa intr-un bol si incalziti la cuptorul cu microunde timp de 3 minute la aprox. 600 wati sau incalziti-o direct intr-o craticioara sau oala amestecand usor. Dupa incalzire este gata de savurat!<br \/>\n<strong>Ingr\u00e9dient :<\/strong> Legume 79,9% (ro\u0219ie 76,9%, ceap\u0103, praz), ap\u0103, bucati de carne 6,3% (carne de porc, carne de vit\u0103, ap\u0103, amidon de cartofi, sare, acid alimentar E330, stabilizator (E451, E452), piper, extract de nuc\u0219oar\u0103 , extract de coriandru, arom\u0103), fibr\u0103 de ro\u0219ii 3,3%, zah\u0103r, vermicele 1,5%, ulei de rapi\u021b\u0103, concentrat de suc de l\u0103m\u00e2ie, sare, amidon de porumb modificat, extract de drojdie (con\u021bine ORZ), fructoz\u0103, maltodextrin\u0103, usturoi , frunze de dafin, arom\u0103, o\u021bet balsamic (o\u021bet de vin, must de struguri), extract de vin alb.<br \/>\n<strong>Allerg\u00e8nes :<\/strong> oua, gluten. Poate con\u021bine lapte, \u021belin\u0103, mu\u0219tar.<br \/>\nO cutie de supa contine aproximativ 2-3 portii. O portie aproximativ 216g.<br \/>\nFabriqu\u00e9 aux Pays-Bas par Unilever Nederland Unox, Postbus 160 3000 AD AD Rotterdam<br \/>\nImportateur et distributeur Total Blue Impex SRL<br \/>\n<strong>La nutrition :<\/strong><br \/>\nEnergie 214 kJ (51 kcal)<br \/>\nGr\u0103sime 1,6 g din care satura\u021bi 0,4 g<br \/>\nCarbohidra\u021bi 6,9 g din care zaharuri 4,4 g<br \/>\nFibres alimentaires 0,6 g<br \/>\nProt\u00e9ines 1,9 g<br \/>\nSare 0,61 g<\/p>\n<p><a href=\"https:\/\/totalblue.ro\/wp-content\/uploads\/2021\/02\/WhatsApp-Image-2021-02-24-at-16.11.33.jpeg\"><img loading=\"lazy\" decoding=\"async\" class=\"alignnone wp-image-27374\" src=\"https:\/\/totalblue.ro\/wp-content\/uploads\/2021\/02\/WhatsApp-Image-2021-02-24-at-16.11.33-711x400.jpeg\" alt=\"\" width=\"283\" height=\"159\" srcset=\"https:\/\/totalblue.ro\/wp-content\/uploads\/2021\/02\/WhatsApp-Image-2021-02-24-at-16.11.33-711x400.jpeg 711w, https:\/\/totalblue.ro\/wp-content\/uploads\/2021\/02\/WhatsApp-Image-2021-02-24-at-16.11.33-510x287.jpeg 510w, https:\/\/totalblue.ro\/wp-content\/uploads\/2021\/02\/WhatsApp-Image-2021-02-24-at-16.11.33-768x432.jpeg 768w, https:\/\/totalblue.ro\/wp-content\/uploads\/2021\/02\/WhatsApp-Image-2021-02-24-at-16.11.33-600x337.jpeg 600w, https:\/\/totalblue.ro\/wp-content\/uploads\/2021\/02\/WhatsApp-Image-2021-02-24-at-16.11.33-100x56.jpeg 100w, https:\/\/totalblue.ro\/wp-content\/uploads\/2021\/02\/WhatsApp-Image-2021-02-24-at-16.11.33.jpeg 978w\" sizes=\"auto, (max-width: 283px) 100vw, 283px\" \/><\/a><\/p>","protected":false},"excerpt":{"rendered":"<p>Unox Soep in blik stevige tomatensoep<br \/>\nSupa copioasa de rosii cu carne Unox Olanda 800ml &#8211; gata preparata<\/p>","protected":false},"featured_media":26561,"comment_status":"open","ping_status":"closed","template":"","meta":{"_acf_changed":false,"_seopress_robots_primary_cat":"none","_seopress_titles_title":"","_seopress_titles_desc":"Supa copioasa de rosii cu carne Unox Olanda - gata preparataBrandul olandez Unox produce cele mai bune supe olandeze inca din 1957.\u00a0","_seopress_robots_index":""},"product_brand":[1925],"product_cat":[1555,1683,3272,1767],"giftcard-category":[],"class_list":{"0":"post-26560","1":"product","2":"type-product","3":"status-publish","4":"has-post-thumbnail","6":"product_brand-unox","7":"product_cat-bacanie","8":"product_cat-conserve-mancare-gatita","9":"product_cat-conserve","10":"product_cat-produse-olanda","12":"first","13":"instock","14":"taxable","15":"shipping-taxable","16":"purchasable","17":"product-type-simple"},"acf":[],"_links":{"self":[{"href":"https:\/\/totalblue.ro\/fr\/wp-json\/wp\/v2\/product\/26560","targetHints":{"allow":["GET"]}}],"collection":[{"href":"https:\/\/totalblue.ro\/fr\/wp-json\/wp\/v2\/product"}],"about":[{"href":"https:\/\/totalblue.ro\/fr\/wp-json\/wp\/v2\/types\/product"}],"replies":[{"embeddable":true,"href":"https:\/\/totalblue.ro\/fr\/wp-json\/wp\/v2\/comments?post=26560"}],"wp:featuredmedia":[{"embeddable":true,"href":"https:\/\/totalblue.ro\/fr\/wp-json\/wp\/v2\/media\/26561"}],"wp:attachment":[{"href":"https:\/\/totalblue.ro\/fr\/wp-json\/wp\/v2\/media?parent=26560"}],"wp:term":[{"taxonomy":"product_brand","embeddable":true,"href":"https:\/\/totalblue.ro\/fr\/wp-json\/wp\/v2\/product_brand?post=26560"},{"taxonomy":"product_cat","embeddable":true,"href":"https:\/\/totalblue.ro\/fr\/wp-json\/wp\/v2\/product_cat?post=26560"},{"taxonomy":"giftcard-category","embeddable":true,"href":"https:\/\/totalblue.ro\/fr\/wp-json\/wp\/v2\/giftcard-category?post=26560"}],"curies":[{"name":"wp","href":"https:\/\/api.w.org\/{rel}","templated":true}]}}