{"id":26568,"date":"2020-12-23T14:06:40","date_gmt":"2020-12-23T12:06:40","guid":{"rendered":"https:\/\/totalblue.ro\/?post_type=product&#038;p=26568"},"modified":"2025-12-04T21:44:21","modified_gmt":"2025-12-04T19:44:21","slug":"fulgi-cu-aroma-de-fructe-de-ruijter-olanda","status":"publish","type":"product","link":"https:\/\/totalblue.ro\/fr\/produs\/fulgi-cu-aroma-de-fructe-de-ruijter-olanda\/","title":{"rendered":"De Ruijter flocons aromatis\u00e9s aux fruits - Pays-Bas 400g"},"content":{"rendered":"<p>Fulgi cu aroma de fructe De Ruijter &#8211; Olanda<br \/>\nId\u00e9al pour les sandwichs avec du pain et du beurre\/margarine.<br \/>\nPentru un mic-dejun rapid si delicios ai nevoie doar de putin unt, 2 felii de paine si fulgii aromati De Ruijter. Fulgii cu aroma fructata sunt realizati din ingrediente naturale si reprezinta o varianta mai sanatoasa a gemurilor mult prea dulci pentru tine si cei mici. Fulgii pot fi folositi, de asemenea, si in topping-uri pentru deserturi.<br \/>\n<strong>Ingr\u00e9dient :<\/strong> zah\u0103r, amidon de gr\u00e2u, suc de mere 5%, dextroz\u0103, arom\u0103 natural\u0103, extract de \u0219ofr\u0103nel, colorant (beta-caroten, carmin)<br \/>\n<strong>Allerg\u00e8nes :<\/strong> gluten<br \/>\nA se pastra intr-un loc uscat si racoros.<br \/>\n<strong>La nutrition :<\/strong><br \/>\nValeurs nutritionnelles pour 100 g :<br \/>\nEnergie 1709 kJ\/ 402 kcal<br \/>\nMati\u00e8res grasses 0 g dont satur\u00e9es 0 g<br \/>\nCarbohidra\u021bi 100 g din care zaharuri 94 g<br \/>\nProt\u00e9ines 0 g<br \/>\nSel 0,02 g<br \/>\nFabriqu\u00e9 aux Pays-Bas par De Ruijter Consumentenservice<br \/>\nGustav Mahlerlaan 1228 1081 LA Amsterdam Postbus 87118 1080 JC Amsterdam<br \/>\n1080 JC Amsterdam<br \/>\nImportateur et distributeur Total Blue Impex SRL<\/p>\n<p>&nbsp;<\/p>","protected":false},"excerpt":{"rendered":"<p>De Ruijter &#8211; Vruchten Hagel<br \/>\nFulgi cu aroma de fructe De Ruijter &#8211; Olanda<br \/>\nId\u00e9al pour les sandwichs avec du pain et du beurre\/margarine.<\/p>","protected":false},"featured_media":26569,"comment_status":"open","ping_status":"closed","template":"","meta":{"_acf_changed":false,"_seopress_robots_primary_cat":"none","_seopress_titles_title":"","_seopress_titles_desc":"Fulgi cu aroma de fructe De Ruijter - OlandaIdeali pentru sandwichuri cu paine si unt \/ margarina.","_seopress_robots_index":""},"product_brand":[1823],"product_cat":[1555,1506,3338,3304,1767],"giftcard-category":[],"class_list":{"0":"post-26568","1":"product","2":"type-product","3":"status-publish","4":"has-post-thumbnail","6":"product_brand-de-ruijter","7":"product_cat-bacanie","8":"product_cat-cafea-ceai-mic-dejun","9":"product_cat-dulciuri-snacksuri","10":"product_cat-mic-dejun-produse-olanda","11":"product_cat-produse-olanda","13":"first","14":"outofstock","15":"taxable","16":"shipping-taxable","17":"purchasable","18":"product-type-simple"},"acf":[],"_links":{"self":[{"href":"https:\/\/totalblue.ro\/fr\/wp-json\/wp\/v2\/product\/26568","targetHints":{"allow":["GET"]}}],"collection":[{"href":"https:\/\/totalblue.ro\/fr\/wp-json\/wp\/v2\/product"}],"about":[{"href":"https:\/\/totalblue.ro\/fr\/wp-json\/wp\/v2\/types\/product"}],"replies":[{"embeddable":true,"href":"https:\/\/totalblue.ro\/fr\/wp-json\/wp\/v2\/comments?post=26568"}],"wp:featuredmedia":[{"embeddable":true,"href":"https:\/\/totalblue.ro\/fr\/wp-json\/wp\/v2\/media\/26569"}],"wp:attachment":[{"href":"https:\/\/totalblue.ro\/fr\/wp-json\/wp\/v2\/media?parent=26568"}],"wp:term":[{"taxonomy":"product_brand","embeddable":true,"href":"https:\/\/totalblue.ro\/fr\/wp-json\/wp\/v2\/product_brand?post=26568"},{"taxonomy":"product_cat","embeddable":true,"href":"https:\/\/totalblue.ro\/fr\/wp-json\/wp\/v2\/product_cat?post=26568"},{"taxonomy":"giftcard-category","embeddable":true,"href":"https:\/\/totalblue.ro\/fr\/wp-json\/wp\/v2\/giftcard-category?post=26568"}],"curies":[{"name":"wp","href":"https:\/\/api.w.org\/{rel}","templated":true}]}}