{"id":26595,"date":"2020-12-23T17:13:31","date_gmt":"2020-12-23T15:13:31","guid":{"rendered":"https:\/\/totalblue.ro\/?post_type=product&#038;p=26595"},"modified":"2025-08-06T11:26:31","modified_gmt":"2025-08-06T08:26:31","slug":"ciuperci-salbatice-asortate-in-saramura-dulce-acrisoara-280g","status":"publish","type":"product","link":"https:\/\/totalblue.ro\/fr\/produs\/ciuperci-salbatice-asortate-in-saramura-dulce-acrisoara-280g\/","title":{"rendered":"Ciuperci salbatice asortate in saramura dulce-acrisoara 280g"},"content":{"rendered":"<p>Ciuperci salbatice asortate in saramura dulce-acrisoara, 280g<br \/>\nBrand: Kaiser Franz Josef<\/p>\n<div class=\"gdlr-core-pbf-column-content clearfix gdlr-core-js gdlr-core-sync-height-content\">\n<div class=\"gdlr-core-pbf-element\">\n<div class=\"gdlr-core-text-box-item gdlr-core-item-pdlr gdlr-core-item-pdb gdlr-core-left-align textdetaliiprodus\">\n<div class=\"gdlr-core-text-box-item-content\">\n<table border=\"1\" width=\"0\" cellspacing=\"0\" cellpadding=\"2\">\n<tbody>\n<tr>\n<td valign=\"top\" width=\"224\">Cantitate net\u0103:<\/td>\n<td valign=\"top\" width=\"161\">280 g<\/td>\n<\/tr>\n<tr>\n<td valign=\"top\" width=\"224\">Capacitate recipient:<\/td>\n<td valign=\"top\" width=\"161\">314 ml<\/td>\n<\/tr>\n<tr>\n<td valign=\"top\" width=\"224\">Cantitate net\u0103 f\u0103r\u0103 lichid:<\/td>\n<td valign=\"top\" width=\"161\">170 g<\/td>\n<\/tr>\n<\/tbody>\n<\/table>\n<\/div>\n<\/div>\n<\/div>\n<div class=\"gdlr-core-pbf-element\">\n<div class=\"gdlr-core-text-box-item gdlr-core-item-pdlr gdlr-core-item-pdb gdlr-core-left-align textdetaliiprodus\">\n<div class=\"gdlr-core-text-box-item-content\">\n<p>&nbsp;<\/p>\n<table border=\"1\" width=\"0\" cellspacing=\"0\" cellpadding=\"2\">\n<tbody>\n<tr>\n<td valign=\"top\" width=\"224\"><strong>VALORI NUTRI\u021aIONALE <\/strong><\/td>\n<td colspan=\"2\" valign=\"top\" width=\"161\"><strong>100 g <\/strong><\/td>\n<\/tr>\n<tr>\n<td valign=\"top\" width=\"224\">Valoare energetic\u0103<\/td>\n<td valign=\"top\" width=\"161\">25 kcal\/107 kJ<\/td>\n<\/tr>\n<tr>\n<td valign=\"top\" width=\"224\">Gr\u0103simi<\/td>\n<td valign=\"top\" width=\"161\">0,10 g<\/td>\n<\/tr>\n<tr>\n<td valign=\"top\" width=\"224\">din care acizi gra\u0219i satura\u021bi<\/td>\n<td valign=\"top\" width=\"161\">0 g<\/td>\n<\/tr>\n<tr>\n<td valign=\"top\" width=\"224\">Glucides<\/td>\n<td valign=\"top\" width=\"161\">3,40 g<\/td>\n<\/tr>\n<tr>\n<td valign=\"top\" width=\"224\">din care zaharuri<\/td>\n<td valign=\"top\" width=\"161\">&lt;1,40 g<\/td>\n<\/tr>\n<tr>\n<td valign=\"top\" width=\"224\">Sare<\/td>\n<td valign=\"top\" width=\"161\">1,00 g<\/td>\n<\/tr>\n<tr>\n<td valign=\"top\" width=\"224\">Prot\u00e9ines<\/td>\n<td valign=\"top\" width=\"161\">2,30 g<\/td>\n<\/tr>\n<tr>\n<td valign=\"top\" width=\"224\"><\/td>\n<td valign=\"top\" width=\"161\"><\/td>\n<\/tr>\n<\/tbody>\n<\/table>\n<\/div>\n<\/div>\n<\/div>\n<\/div>","protected":false},"excerpt":{"rendered":"<p>Ciuperci salbatice asortate in saramura dulce-acrisoara, 280g<\/p>","protected":false},"featured_media":26596,"comment_status":"open","ping_status":"closed","template":"","meta":{"_acf_changed":false,"_seopress_robots_primary_cat":"none","_seopress_titles_title":"","_seopress_titles_desc":"Ciuperci salbatice asortate in saramura dulce-acrisoara, 280gCiuperci salbatice asortate in saramura dulce-acrisoara, 280g","_seopress_robots_index":""},"product_brand":[1859],"product_cat":[1555,1683],"giftcard-category":[],"class_list":{"0":"post-26595","1":"product","2":"type-product","3":"status-publish","4":"has-post-thumbnail","6":"product_brand-kaiser-franz-josef","7":"product_cat-bacanie","8":"product_cat-conserve-mancare-gatita","10":"first","11":"outofstock","12":"taxable","13":"shipping-taxable","14":"purchasable","15":"product-type-simple"},"acf":[],"_links":{"self":[{"href":"https:\/\/totalblue.ro\/fr\/wp-json\/wp\/v2\/product\/26595","targetHints":{"allow":["GET"]}}],"collection":[{"href":"https:\/\/totalblue.ro\/fr\/wp-json\/wp\/v2\/product"}],"about":[{"href":"https:\/\/totalblue.ro\/fr\/wp-json\/wp\/v2\/types\/product"}],"replies":[{"embeddable":true,"href":"https:\/\/totalblue.ro\/fr\/wp-json\/wp\/v2\/comments?post=26595"}],"wp:featuredmedia":[{"embeddable":true,"href":"https:\/\/totalblue.ro\/fr\/wp-json\/wp\/v2\/media\/26596"}],"wp:attachment":[{"href":"https:\/\/totalblue.ro\/fr\/wp-json\/wp\/v2\/media?parent=26595"}],"wp:term":[{"taxonomy":"product_brand","embeddable":true,"href":"https:\/\/totalblue.ro\/fr\/wp-json\/wp\/v2\/product_brand?post=26595"},{"taxonomy":"product_cat","embeddable":true,"href":"https:\/\/totalblue.ro\/fr\/wp-json\/wp\/v2\/product_cat?post=26595"},{"taxonomy":"giftcard-category","embeddable":true,"href":"https:\/\/totalblue.ro\/fr\/wp-json\/wp\/v2\/giftcard-category?post=26595"}],"curies":[{"name":"wp","href":"https:\/\/api.w.org\/{rel}","templated":true}]}}