{"id":26847,"date":"2021-01-08T16:59:45","date_gmt":"2021-01-08T14:59:45","guid":{"rendered":"https:\/\/totalblue.ro\/?post_type=product&#038;p=26847"},"modified":"2026-01-28T09:53:29","modified_gmt":"2026-01-28T07:53:29","slug":"soupe-de-poulet-a-la-creme-scandia-sibiu-400g","status":"publish","type":"product","link":"https:\/\/totalblue.ro\/fr\/produs\/ciorba-de-pui-cu-smantana-scandia-sibiu-400g\/","title":{"rendered":"Soupe de poulet \u00e0 la cr\u00e8me Scandia Sibiu Sibiu 400g"},"content":{"rendered":"<p><span class=\"base\" data-ui-id=\"page-title-wrapper\">Soupe de poulet \u00e0 la cr\u00e8me Scandia Sibiu Sibiu 400g<br \/>\n<\/span>Scandia Sibiu est une marque roumaine haut de gamme qui a plus de 90 ans d'exp\u00e9rience dans la fourniture aux Roumains et aux \u00e9trangers de repas soigneusement pr\u00e9par\u00e9s, sans additifs artificiels, \u00e0 partir d'ingr\u00e9dients de premi\u00e8re qualit\u00e9 et de recettes uniques.<br \/>\nLes produits Scandia Sibiu s'inspirent de recettes anciennes, datant de l'\u00e9poque o\u00f9 la nourriture \u00e9tait trait\u00e9e avec soin et respect.<br \/>\nIngr\u00e9dients : eau, blanc de poulet (15%), cr\u00e8me 12%, carottes, graisse de volaille, riz, carottes, farine de bl\u00e9, sel de table iod\u00e9, oignon, jaune d'\u0153uf, huile de tournesol, c\u00e9leri, poivre vert, poivre rouge.<\/p>\n<div class=\"product-page-description-text\">\n<div class=\"text-left collapse-button-inside\">\n<p>Il est recommand\u00e9 de le consommer chaud. Pour r\u00e9chauffer au micro-ondes, videz le contenu du produit dans une assiette et r\u00e9glez le four sur 3 minutes et 800W. Attention ! Ne pas mettre au four directement dans l'emballage m\u00e9tallique !<\/p>\n<\/div>\n<\/div>\n<p>&nbsp;<\/p>","protected":false},"excerpt":{"rendered":"<p class=\"page-title\"><span class=\"base\" data-ui-id=\"page-title-wrapper\">Soupe de poulet \u00e0 la cr\u00e8me Scandia Sibiu Sibiu 400g<\/span><\/p>","protected":false},"featured_media":26848,"comment_status":"open","ping_status":"closed","template":"","meta":{"_acf_changed":false,"_seopress_robots_primary_cat":"none","_seopress_titles_title":"","_seopress_titles_desc":"Ciorba de pui cu smantana Scandia Sibiu 400g\u00a0 - gata preparata. Ciorba delicioasa de pui cu smantana Scandia Sibiu","_seopress_robots_index":""},"product_brand":[1914],"product_cat":[1555,1683],"giftcard-category":[],"class_list":{"0":"post-26847","1":"product","2":"type-product","3":"status-publish","4":"has-post-thumbnail","6":"product_brand-scandia-sibiu","7":"product_cat-bacanie","8":"product_cat-conserve-mancare-gatita","10":"first","11":"outofstock","12":"taxable","13":"shipping-taxable","14":"purchasable","15":"product-type-simple"},"acf":[],"_links":{"self":[{"href":"https:\/\/totalblue.ro\/fr\/wp-json\/wp\/v2\/product\/26847","targetHints":{"allow":["GET"]}}],"collection":[{"href":"https:\/\/totalblue.ro\/fr\/wp-json\/wp\/v2\/product"}],"about":[{"href":"https:\/\/totalblue.ro\/fr\/wp-json\/wp\/v2\/types\/product"}],"replies":[{"embeddable":true,"href":"https:\/\/totalblue.ro\/fr\/wp-json\/wp\/v2\/comments?post=26847"}],"wp:featuredmedia":[{"embeddable":true,"href":"https:\/\/totalblue.ro\/fr\/wp-json\/wp\/v2\/media\/26848"}],"wp:attachment":[{"href":"https:\/\/totalblue.ro\/fr\/wp-json\/wp\/v2\/media?parent=26847"}],"wp:term":[{"taxonomy":"product_brand","embeddable":true,"href":"https:\/\/totalblue.ro\/fr\/wp-json\/wp\/v2\/product_brand?post=26847"},{"taxonomy":"product_cat","embeddable":true,"href":"https:\/\/totalblue.ro\/fr\/wp-json\/wp\/v2\/product_cat?post=26847"},{"taxonomy":"giftcard-category","embeddable":true,"href":"https:\/\/totalblue.ro\/fr\/wp-json\/wp\/v2\/giftcard-category?post=26847"}],"curies":[{"name":"wp","href":"https:\/\/api.w.org\/{rel}","templated":true}]}}