{"id":26849,"date":"2021-01-08T17:07:59","date_gmt":"2021-01-08T15:07:59","guid":{"rendered":"https:\/\/totalblue.ro\/?post_type=product&#038;p=26849"},"modified":"2025-08-07T14:10:38","modified_gmt":"2025-08-07T11:10:38","slug":"ciorba-de-burta-dreasa-cu-smantana-scandia-sibiu-400g","status":"publish","type":"product","link":"https:\/\/totalblue.ro\/fr\/produs\/ciorba-de-burta-dreasa-cu-smantana-scandia-sibiu-400g\/","title":{"rendered":"Soupe de ventre \u00e0 la cr\u00e8me Scandia Sibiu 400g"},"content":{"rendered":"<p><span class=\"base\" data-ui-id=\"page-title-wrapper\">Soupe de ventre \u00e0 la cr\u00e8me Scandia Sibiu 400g<br \/>\n<\/span>Scandia Sibiu est une marque roumaine haut de gamme qui a plus de 90 ans d'exp\u00e9rience dans la fourniture aux Roumains et aux \u00e9trangers de repas soigneusement pr\u00e9par\u00e9s, sans additifs artificiels, \u00e0 partir d'ingr\u00e9dients de premi\u00e8re qualit\u00e9 et de recettes uniques.<br \/>\nLes produits Scandia Sibiu s'inspirent de recettes anciennes, datant de l'\u00e9poque o\u00f9 la nourriture \u00e9tait trait\u00e9e avec soin et respect.<br \/>\nIngrediente: Burta de vita (40%), supa de oase de vita, SMANTANA (10%), otet, sare iodata, amidon din porumb, faina alba de GRAU, ulei vegetal de floarea-soarelui, galbenus de OU, morcovi, TELINA, gogosari, ceapa, condimente.<br \/>\nAlergeni: Contine lapte, gluten, ou si telina.<br \/>\nLa nutrition :<\/p>\n<table class=\"table table-striped table-bordered table-responsive TableResponsive responsive\" style=\"height: 236px\" width=\"307\">\n<thead>\n<tr>\n<th>Graisses<\/th>\n<th>4.7 g\/100 g<\/th>\n<\/tr>\n<\/thead>\n<tbody>\n<tr>\n<td>Valeur \u00e9nerg\u00e9tique<\/td>\n<td>81 kcal\/100 g<\/td>\n<\/tr>\n<tr>\n<td>Glucides<\/td>\n<td>2.1 g\/100 g<\/td>\n<\/tr>\n<tr>\n<td>Fibre<\/td>\n<td>0.4 g\/100 g<\/td>\n<\/tr>\n<tr>\n<td>Sodium<\/td>\n<td>1.2 g\/100 g<\/td>\n<\/tr>\n<tr>\n<td>Prot\u00e9ines<\/td>\n<td>7.3 g\/100 g<\/td>\n<\/tr>\n<tr>\n<td>Graisses satur\u00e9es<\/td>\n<td>2.3 g\/100 g<\/td>\n<\/tr>\n<\/tbody>\n<\/table>\n<div class=\"product-page-description-text\">\n<div class=\"text-left collapse-button-inside\">\n<p>Il est recommand\u00e9 de le consommer chaud. Pour r\u00e9chauffer au micro-ondes, videz le contenu du produit dans une assiette et r\u00e9glez le four sur 3 minutes et 800W. Attention ! Ne pas mettre au four directement dans l'emballage m\u00e9tallique !<\/p>\n<\/div>\n<\/div>\n<p>&nbsp;<\/p>","protected":false},"excerpt":{"rendered":"<p class=\"page-title\"><span class=\"base\" data-ui-id=\"page-title-wrapper\">Soupe de ventre \u00e0 la cr\u00e8me Scandia Sibiu 400g <\/span><\/p>","protected":false},"featured_media":26850,"comment_status":"open","ping_status":"closed","template":"","meta":{"_acf_changed":false,"_seopress_robots_primary_cat":"none","_seopress_titles_title":"Ciorba de burta dreasa cu smantana Scandia Sibiu 400g","_seopress_titles_desc":"Cauti ciorba de burta? Cumpara ieftin Ciorba de burta dreasa cu smantana Scandia Sibiu gata preparata. Ciorba de burta cu smantana Scandia Sibiu","_seopress_robots_index":""},"product_brand":[1914],"product_cat":[1555,1683],"giftcard-category":[],"class_list":{"0":"post-26849","1":"product","2":"type-product","3":"status-publish","4":"has-post-thumbnail","6":"product_brand-scandia-sibiu","7":"product_cat-bacanie","8":"product_cat-conserve-mancare-gatita","10":"first","11":"outofstock","12":"taxable","13":"shipping-taxable","14":"purchasable","15":"product-type-simple"},"acf":[],"_links":{"self":[{"href":"https:\/\/totalblue.ro\/fr\/wp-json\/wp\/v2\/product\/26849","targetHints":{"allow":["GET"]}}],"collection":[{"href":"https:\/\/totalblue.ro\/fr\/wp-json\/wp\/v2\/product"}],"about":[{"href":"https:\/\/totalblue.ro\/fr\/wp-json\/wp\/v2\/types\/product"}],"replies":[{"embeddable":true,"href":"https:\/\/totalblue.ro\/fr\/wp-json\/wp\/v2\/comments?post=26849"}],"wp:featuredmedia":[{"embeddable":true,"href":"https:\/\/totalblue.ro\/fr\/wp-json\/wp\/v2\/media\/26850"}],"wp:attachment":[{"href":"https:\/\/totalblue.ro\/fr\/wp-json\/wp\/v2\/media?parent=26849"}],"wp:term":[{"taxonomy":"product_brand","embeddable":true,"href":"https:\/\/totalblue.ro\/fr\/wp-json\/wp\/v2\/product_brand?post=26849"},{"taxonomy":"product_cat","embeddable":true,"href":"https:\/\/totalblue.ro\/fr\/wp-json\/wp\/v2\/product_cat?post=26849"},{"taxonomy":"giftcard-category","embeddable":true,"href":"https:\/\/totalblue.ro\/fr\/wp-json\/wp\/v2\/giftcard-category?post=26849"}],"curies":[{"name":"wp","href":"https:\/\/api.w.org\/{rel}","templated":true}]}}