{"id":26851,"date":"2021-01-08T17:19:24","date_gmt":"2021-01-08T15:19:24","guid":{"rendered":"https:\/\/totalblue.ro\/?post_type=product&#038;p=26851"},"modified":"2025-08-07T14:10:37","modified_gmt":"2025-08-07T11:10:37","slug":"ciorba-de-vacuta-cu-verdeturi-scandia-sibiu-400g","status":"publish","type":"product","link":"https:\/\/totalblue.ro\/fr\/produs\/ciorba-de-vacuta-cu-verdeturi-scandia-sibiu-400g\/","title":{"rendered":"Ciorba de vacuta cu verdeturi Scandia Sibiu 400g"},"content":{"rendered":"<p><span class=\"base\" data-ui-id=\"page-title-wrapper\">Ciorba de vacuta cu verdeturi Scandia Sibiu 400g<br \/>\nCiorba de vacuta cu verdeturi, gatita din cele mai bune ingrediente, alese cu grija: condimente naturale, legume, verdeturi, carne aleasa.<br \/>\n<\/span>Scandia Sibiu est une marque roumaine haut de gamme qui a plus de 90 ans d'exp\u00e9rience dans la fourniture aux Roumains et aux \u00e9trangers de repas soigneusement pr\u00e9par\u00e9s, sans additifs artificiels, \u00e0 partir d'ingr\u00e9dients de premi\u00e8re qualit\u00e9 et de recettes uniques.<br \/>\nLes produits Scandia Sibiu s'inspirent de recettes anciennes, datant de l'\u00e9poque o\u00f9 la nourriture \u00e9tait trait\u00e9e avec soin et respect.<br \/>\nIngrediente: Apa, carne de vita (18%), cartofi, pasta de tomate, fasole verde pastai, varza, ulei vegetal nehidrogenat, mazare, sare iodata, ceapa, morcovi, ardei, acidifiant: sare de lamaie, frunze de patrunjel (0,06%), frunze de leustean (0,05%), condimente.<br \/>\nLa nutrition :<\/p>\n<table class=\"table table-striped table-bordered table-responsive TableResponsive responsive\" style=\"height: 223px\" width=\"288\">\n<thead>\n<tr>\n<th>Graisses<\/th>\n<th>3,2 g\/100 g<\/th>\n<\/tr>\n<\/thead>\n<tbody>\n<tr>\n<td>Valeur \u00e9nerg\u00e9tique<\/td>\n<td>63 kcal\/100 g<\/td>\n<\/tr>\n<tr>\n<td>Glucides<\/td>\n<td>4.1 g\/100 g<\/td>\n<\/tr>\n<tr>\n<td>Fibre<\/td>\n<td>0.7 g\/100 g<\/td>\n<\/tr>\n<tr>\n<td>Sodium<\/td>\n<td>1.3 g\/100 g<\/td>\n<\/tr>\n<tr>\n<td>Prot\u00e9ines<\/td>\n<td>4 g\/100 g<\/td>\n<\/tr>\n<tr>\n<td>Graisses satur\u00e9es<\/td>\n<td>0,5 g\/100 g<\/td>\n<\/tr>\n<\/tbody>\n<\/table>\n<div class=\"product-page-description-text\">\n<div class=\"text-left collapse-button-inside\">\n<p>Il est recommand\u00e9 de le consommer chaud. Pour r\u00e9chauffer au micro-ondes, videz le contenu du produit dans une assiette et r\u00e9glez le four sur 3 minutes et 800W. Attention ! Ne pas mettre au four directement dans l'emballage m\u00e9tallique !<\/p>\n<\/div>\n<\/div>\n<p>&nbsp;<\/p>","protected":false},"excerpt":{"rendered":"<p class=\"page-title\"><span class=\"base\" data-ui-id=\"page-title-wrapper\">Ciorba de vacuta cu verdeturi, gatita din cele mai bune ingrediente, alese cu grija: condimente naturale, legume, verdeturi, carne aleasa.<\/span><\/p>","protected":false},"featured_media":26852,"comment_status":"open","ping_status":"closed","template":"","meta":{"_acf_changed":false,"_seopress_robots_primary_cat":"none","_seopress_titles_title":"Ciorba de vacuta cu verdeturi Scandia Sibiu 400g","_seopress_titles_desc":"Cauti ciorba de vacuta ? Ciorba de vacuta cu verdeturi, gatita din cele mai bune ingrediente: condimente naturale, legume, verdeturi, carne de vacuta.","_seopress_robots_index":""},"product_brand":[1914],"product_cat":[1555,1683],"giftcard-category":[],"class_list":{"0":"post-26851","1":"product","2":"type-product","3":"status-publish","4":"has-post-thumbnail","6":"product_brand-scandia-sibiu","7":"product_cat-bacanie","8":"product_cat-conserve-mancare-gatita","10":"first","11":"outofstock","12":"taxable","13":"shipping-taxable","14":"purchasable","15":"product-type-simple"},"acf":[],"_links":{"self":[{"href":"https:\/\/totalblue.ro\/fr\/wp-json\/wp\/v2\/product\/26851","targetHints":{"allow":["GET"]}}],"collection":[{"href":"https:\/\/totalblue.ro\/fr\/wp-json\/wp\/v2\/product"}],"about":[{"href":"https:\/\/totalblue.ro\/fr\/wp-json\/wp\/v2\/types\/product"}],"replies":[{"embeddable":true,"href":"https:\/\/totalblue.ro\/fr\/wp-json\/wp\/v2\/comments?post=26851"}],"wp:featuredmedia":[{"embeddable":true,"href":"https:\/\/totalblue.ro\/fr\/wp-json\/wp\/v2\/media\/26852"}],"wp:attachment":[{"href":"https:\/\/totalblue.ro\/fr\/wp-json\/wp\/v2\/media?parent=26851"}],"wp:term":[{"taxonomy":"product_brand","embeddable":true,"href":"https:\/\/totalblue.ro\/fr\/wp-json\/wp\/v2\/product_brand?post=26851"},{"taxonomy":"product_cat","embeddable":true,"href":"https:\/\/totalblue.ro\/fr\/wp-json\/wp\/v2\/product_cat?post=26851"},{"taxonomy":"giftcard-category","embeddable":true,"href":"https:\/\/totalblue.ro\/fr\/wp-json\/wp\/v2\/giftcard-category?post=26851"}],"curies":[{"name":"wp","href":"https:\/\/api.w.org\/{rel}","templated":true}]}}