{"id":27043,"date":"2021-02-01T10:12:03","date_gmt":"2021-02-01T08:12:03","guid":{"rendered":"https:\/\/totalblue.ro\/?post_type=product&#038;p=27043"},"modified":"2026-02-07T18:05:58","modified_gmt":"2026-02-07T16:05:58","slug":"supa-chinezeasca-de-rosii-unox-olanda-570-ml","status":"publish","type":"product","link":"https:\/\/totalblue.ro\/fr\/produs\/supa-chinezeasca-de-rosii-unox-olanda-570-ml\/","title":{"rendered":"Supa chinezeasca de rosii Unox Olanda 570 ml"},"content":{"rendered":"<p>Cantitate ideala pentru 2 portii de supa.<\/p>\n<p>Supa chinezeasca de rosii Unox Olanda 570 ml<br \/>\nSupa chinezeasca de rosii Unox este o supa vegetariana delicioasa, bogata in legume si vitamine!<br \/>\nSupa chinezeasca de rosii Unox este una dintre cele mai delicioase supe olandeze.<br \/>\nBrandul olandez Unox produce cele mai bune supe olandeze inca din 1957.\u00a0 Deoarece Unox lucreaza in continuu la imbunatatirea produselor sale, pe langa supele clasice, gasim o gama variata de produse delicioase gata preparate.<br \/>\n<strong>Pr\u00e9paration :<\/strong> Nu introduceti ambalajul in cuptorul cu microunde! Nu gatiti supa! Puneti supa intr-un bol si incalziti la cuptorul cu microunde timp de 3 minute la aprox. 600 wati sau incalziti-o direct intr-o craticioara sau oala amestecand usor. Dupa incalzire este gata de savurat!<br \/>\n<strong>Ingr\u00e9dient :<\/strong> legume 63% (ro\u0219ii 50%, ceap\u0103 6,3%, morcovi 3,2%, ceapa verde 2,2%), ap\u0103, zah\u0103r, ulei de floarea-soarelui, t\u0103i\u021bei 1,6% ( GR\u00c2U tare, PROTEIN\u0102 DE OU uscate), amidon de porumb modificat, o\u021bet, extract de drojdie, sare iodat\u0103, ardei ro\u0219u, ap\u0103, sare, o\u021bet, amidon modificat, sare, concentrat de suc de l\u0103m\u00e2ie, piure de usturoi, arom\u0103.<br \/>\n<strong>Conditions de stockage :<\/strong><br \/>\nA se pastra intr-un loc uscat si racoros.<br \/>\nApr\u00e8s ouverture, conserver couvert au r\u00e9frig\u00e9rateur et consommer dans les 48h.<br \/>\n<strong>Allerg\u00e8nes :<\/strong><br \/>\nContine: Ou\u0103, lapte, gr\u00e2u<br \/>\nPoate contine: soia<br \/>\nFabriqu\u00e9 aux Pays-Bas par Unilever Nederland Unox, Postbus 160 3000 AD AD Rotterdam<br \/>\nImportateur et distributeur Total Blue Impex SRL<br \/>\n<strong>La nutrition :<\/strong><br \/>\nEnergie 252 kJ (60 kcal)<br \/>\nGr\u0103sime 2,5 g din care satura\u021bi 0,4 g<br \/>\nCarbohidra\u021bi 7,1 g din care zaharuri 4,1 g<br \/>\nFibre alimentare 2 g<br \/>\nProteine \u200b\u200b1,4 g<br \/>\nSare 0,67 g<\/p>","protected":false},"excerpt":{"rendered":"<p>Unox Speciaal Chinese Tomaten Soep 570ml<br \/>\nSupa chinezeasca de rosii Unox Olanda 570 ml<\/p>","protected":false},"featured_media":217683,"comment_status":"open","ping_status":"closed","template":"","meta":{"_acf_changed":false,"_seopress_robots_primary_cat":"none","_seopress_titles_title":"","_seopress_titles_desc":"Comanda acum delicioasa supa chinezeasca de rosii Unox Olanda 570 ml. Unox Speciaal Chinese Tomaten Soep 570ml","_seopress_robots_index":""},"product_brand":[1925],"product_cat":[1555,1683,3272,1767],"giftcard-category":[],"class_list":{"0":"post-27043","1":"product","2":"type-product","3":"status-publish","4":"has-post-thumbnail","6":"product_brand-unox","7":"product_cat-bacanie","8":"product_cat-conserve-mancare-gatita","9":"product_cat-conserve","10":"product_cat-produse-olanda","12":"first","13":"outofstock","14":"taxable","15":"shipping-taxable","16":"purchasable","17":"product-type-simple"},"acf":[],"_links":{"self":[{"href":"https:\/\/totalblue.ro\/fr\/wp-json\/wp\/v2\/product\/27043","targetHints":{"allow":["GET"]}}],"collection":[{"href":"https:\/\/totalblue.ro\/fr\/wp-json\/wp\/v2\/product"}],"about":[{"href":"https:\/\/totalblue.ro\/fr\/wp-json\/wp\/v2\/types\/product"}],"replies":[{"embeddable":true,"href":"https:\/\/totalblue.ro\/fr\/wp-json\/wp\/v2\/comments?post=27043"}],"wp:featuredmedia":[{"embeddable":true,"href":"https:\/\/totalblue.ro\/fr\/wp-json\/wp\/v2\/media\/217683"}],"wp:attachment":[{"href":"https:\/\/totalblue.ro\/fr\/wp-json\/wp\/v2\/media?parent=27043"}],"wp:term":[{"taxonomy":"product_brand","embeddable":true,"href":"https:\/\/totalblue.ro\/fr\/wp-json\/wp\/v2\/product_brand?post=27043"},{"taxonomy":"product_cat","embeddable":true,"href":"https:\/\/totalblue.ro\/fr\/wp-json\/wp\/v2\/product_cat?post=27043"},{"taxonomy":"giftcard-category","embeddable":true,"href":"https:\/\/totalblue.ro\/fr\/wp-json\/wp\/v2\/giftcard-category?post=27043"}],"curies":[{"name":"wp","href":"https:\/\/api.w.org\/{rel}","templated":true}]}}