{"id":27046,"date":"2021-02-01T10:25:46","date_gmt":"2021-02-01T08:25:46","guid":{"rendered":"https:\/\/totalblue.ro\/?post_type=product&#038;p=27046"},"modified":"2026-01-09T16:32:50","modified_gmt":"2026-01-09T14:32:50","slug":"supa-de-mazare-cu-carnati-unox-olanda-570-ml","status":"publish","type":"product","link":"https:\/\/totalblue.ro\/fr\/produs\/supa-de-mazare-cu-carnati-unox-olanda-570-ml\/","title":{"rendered":"Soupe de pois Unox avec hot-dogs Pays-Bas 570 ml"},"content":{"rendered":"<p>Cantitate ideala pentru 2 portii de supa.<\/p>\n<p>Supa copioasa de mazare cu carnati afumati Unox Olanda &#8211; gata preparata<br \/>\nSupa de mazare Unox este o supa traditionala olandeza cu o multime de legume gustoase si carnat afumat.<br \/>\nBrandul olandez Unox produce cele mai bune supe olandeze inca din 1957.\u00a0 Deoarece Unox lucreaza in continuu la imbunatatirea produselor sale, pe langa supele clasice, gasim o gama variata de produse delicioase gata preparate.<br \/>\n<strong>Pr\u00e9paration :<\/strong>Nu introduceti ambalajul in cuptorul cu microunde! Nu gatiti supa! Puneti supa intr-un bol si incalziti la cuptorul cu microunde timp de 3 minute la aprox. 600 wati sau incalziti-o direct intr-o craticioara sau oala amestecand usor. Dupa incalzire este gata de savurat!<br \/>\n<strong>Ingr\u00e9dient :<\/strong> apa, legume 36,8% (mazare 24,4%, morcov 4,2%, praz 4,1%, ceapa 2,5%, frunze de telina 1,6%), carnati afumati 5,7% (carne de porc 81%, carne separat\u0103 mecanic 3%, apa, amidon de cartofi, sare, aroma de fum, stabilizator (E451, E452), colagen (carne de vita, porc), grasime de porc, acid alimentar E330), extracte de condimente, piper, antioxidant E301, conservant E250, fum de lemn), cartof 4, 9%, slanin\u0103 4.2 % (carne de porc, sare, stabilizator (E450, E451), aroma de fum, antioxidant E301, conservant E250), ulei de rapita 1,1%, amidon de porumb modificat, extract de drojdie (con\u021bine orz), sare iodata, sare, aroma, frunze de dafin, telina, otet balsamic (must de struguri, o\u021bet de vin), extract de vin alb.<br \/>\nFara zaharuri adaugate.<br \/>\n<strong>Conditions de stockage :<\/strong><br \/>\nA se pastra intr-un loc uscat si racoros.<br \/>\nApr\u00e8s ouverture, conserver couvert au r\u00e9frig\u00e9rateur et consommer dans les 48h.<br \/>\n<strong>Allerg\u00e8nes :<\/strong><br \/>\nContine orz, telina.<br \/>\nPoate con\u021bine ou, lapte, soia, mu\u0219tar.<br \/>\nFabriqu\u00e9 aux Pays-Bas par Unilever Nederland Unox, Postbus 160 3000 AD AD Rotterdam<br \/>\nImportateur et distributeur Total Blue Impex SRL<br \/>\n<strong>La nutrition :<\/strong><br \/>\nEnergie 302 kJ (75 kcal)<br \/>\nGr\u0103sime 3,2 g din care saturati 0,9 g<br \/>\nCarbohidra\u021bi 5,6 g din care zaharuri 1,4 g<br \/>\nFibre alimentare 2,2 g<br \/>\nProteine \u200b\u200b3,8 g<br \/>\nSare 0,67 g<\/p>\n<div dir=\"auto\">Nou ! Click &amp; Collect\u00a0Total Blue\u00a0!<\/div>\n<div dir=\"auto\">Commandez vos produits pr\u00e9f\u00e9r\u00e9s et venez chercher votre commande quand vous avez le temps !<\/div>\n<div dir=\"auto\">Cu serviciul Click &amp; Collect\u00a0Total Blue\u00a0iti po\u021bi rezerva online produsele, iar in intervalul orar 08:00-21:00 le poti ridica din locatia situata in Bucuresti, Sector 6, Bulevardul Uverturii 69 A<\/div>\n<div dir=\"auto\">Apr\u00e8s avoir pass\u00e9 et enregistr\u00e9 votre commande, vous serez inform\u00e9 (par t\u00e9l\u00e9phone, e-mail ou SMS) de l'heure \u00e0 laquelle vous pourrez venir r\u00e9cup\u00e9rer votre commande.<\/div>\n<div dir=\"auto\">Nu se percep taxe suplimentare pentru Click &amp; Collect\u00a0Total Blue<\/div>\n<div dir=\"auto\">Vous payez les articles achet\u00e9s soit en ligne au moment de la commande, soit en esp\u00e8ces ou par carte directement en magasin au moment de la collecte.<\/div>\n<div dir=\"auto\">Incearca acum noul serviciu Click &amp; Collect\u00a0Total Blue\u00a0!<\/div>","protected":false},"excerpt":{"rendered":"<p>Unox Speciaal Hollandse Erwten Soep 570ml<br \/>\nSupa crema copioasa de mazare cu carnati afumati Unox Olanda 570ml &#8211; gata preparata<br \/>\nSupa crema de mazare Unox este o supa traditionala olandeza cu o multime de legume gustoase si carnati afumati.<\/p>","protected":false},"featured_media":217713,"comment_status":"open","ping_status":"closed","template":"","meta":{"_acf_changed":false,"_seopress_robots_primary_cat":"none","_seopress_titles_title":"","_seopress_titles_desc":"Cumpara online supa crema mazare, supe creme mazare cu carnati, carnati, ciorbe, mancare. Magazin online mancare cu livrare rapida.","_seopress_robots_index":""},"product_brand":[1925],"product_cat":[1555,1683,3272,1767],"giftcard-category":[],"class_list":{"0":"post-27046","1":"product","2":"type-product","3":"status-publish","4":"has-post-thumbnail","6":"product_brand-unox","7":"product_cat-bacanie","8":"product_cat-conserve-mancare-gatita","9":"product_cat-conserve","10":"product_cat-produse-olanda","12":"first","13":"outofstock","14":"taxable","15":"shipping-taxable","16":"purchasable","17":"product-type-simple"},"acf":[],"_links":{"self":[{"href":"https:\/\/totalblue.ro\/fr\/wp-json\/wp\/v2\/product\/27046","targetHints":{"allow":["GET"]}}],"collection":[{"href":"https:\/\/totalblue.ro\/fr\/wp-json\/wp\/v2\/product"}],"about":[{"href":"https:\/\/totalblue.ro\/fr\/wp-json\/wp\/v2\/types\/product"}],"replies":[{"embeddable":true,"href":"https:\/\/totalblue.ro\/fr\/wp-json\/wp\/v2\/comments?post=27046"}],"wp:featuredmedia":[{"embeddable":true,"href":"https:\/\/totalblue.ro\/fr\/wp-json\/wp\/v2\/media\/217713"}],"wp:attachment":[{"href":"https:\/\/totalblue.ro\/fr\/wp-json\/wp\/v2\/media?parent=27046"}],"wp:term":[{"taxonomy":"product_brand","embeddable":true,"href":"https:\/\/totalblue.ro\/fr\/wp-json\/wp\/v2\/product_brand?post=27046"},{"taxonomy":"product_cat","embeddable":true,"href":"https:\/\/totalblue.ro\/fr\/wp-json\/wp\/v2\/product_cat?post=27046"},{"taxonomy":"giftcard-category","embeddable":true,"href":"https:\/\/totalblue.ro\/fr\/wp-json\/wp\/v2\/giftcard-category?post=27046"}],"curies":[{"name":"wp","href":"https:\/\/api.w.org\/{rel}","templated":true}]}}