{"id":27221,"date":"2021-02-15T16:46:20","date_gmt":"2021-02-15T14:46:20","guid":{"rendered":"https:\/\/totalblue.ro\/?post_type=product&#038;p=27221"},"modified":"2025-08-05T15:38:26","modified_gmt":"2025-08-05T12:38:26","slug":"tigaie-thailandeza-cu-pui-si-lapte-de-cocos-erasco-germania-800-g","status":"publish","type":"product","link":"https:\/\/totalblue.ro\/fr\/produs\/tigaie-thailandeza-cu-pui-si-lapte-de-cocos-erasco-germania-800-g\/","title":{"rendered":"Tigaie thailandeza cu pui si lapte de cocos Erasco Germania 800 g"},"content":{"rendered":"<p>Erasco Thai-Pfanne mit H\u00e4hnchen &amp; Kokosmilch 800 g<br \/>\nDescopera acum delicioasa tigaie thailandeza cu pui si lapte de cocos de la Erasco!<br \/>\nQuantit\u00e9 recommand\u00e9e pour 2 portions.<\/p>\n<p><strong>Ingr\u00e9dient : <\/strong>40% orez integral, apa, 5,0% carne de pui gatita (pui, sare), ceapa, morcovi, boia, naut, 1,8% lapte de cocos, fasole verde, stiuleti de porumb, sare, arome, suc de lamaie concentrat, zahar, extract de drojdie , pudra de usturoi, patrunjel, pudra de ceapa, coriandru, dextroza, extract de boia de colorat, ingrosator: guma de guar. <strong><br \/>\nPr\u00e9paration :<\/strong> Se rastoarna continutul intr-o tigaie. Se aduce la fierbere la foc mare. Se fierbe in continuare la foc mic, amestecand din cand in cand pana se obtine consistenta dorita. Recomandarea noastra este de 6-7 minute.<br \/>\n<strong>Conditions de stockage :<\/strong><br \/>\nConserver dans un endroit sec \u00e0 temp\u00e9rature ambiante.<br \/>\nApr\u00e8s ouverture, conserver couvert au r\u00e9frig\u00e9rateur et consommer dans les 48h.<br \/>\n<strong>Allerg\u00e8nes :<\/strong><br \/>\nPoate contine urme de grau (gluten), lapte, oua, telina, soia, mustar<\/p>\n<p><strong>Nutrition\/100g :<br \/>\n<\/strong>Energie 315 kJ (75 kcal)<br \/>\nGr\u0103sime 1.1 g<br \/>\ndin care satura\u021bi 0,6 g<br \/>\nCarbohidra\u021bi 12 g<br \/>\ndin care zaharuri 1 g<br \/>\nFibre 1,5 g<br \/>\nProteine \u200b\u200b3,3 g<br \/>\nSare 0,84 g<\/p>\n<p>Dimensiuni produs 9,9 x 9,9 x 11,8 cm<\/p>\n<p>Fabricat in Germania de Continental Foods Germany GmbH Kontaktadresse: Postfach 12 11 62, D-23532 L\u00fcbeck<br \/>\nImportateur et distributeur Total Blue Impex SRL<\/p>","protected":false},"excerpt":{"rendered":"<p>Erasco Thai-Pfanne mit H\u00e4hnchen &amp; Kokosmilch 800 g<br \/>\nDescopera acum delicioasa tigaie thailandeza cu pui si lapte de cocos de la Erasco!<\/p>","protected":false},"featured_media":27222,"comment_status":"open","ping_status":"closed","template":"","meta":{"_acf_changed":false,"_seopress_robots_primary_cat":"1950","_seopress_titles_title":"","_seopress_titles_desc":"Descopera acum Tigaie thailandeza cu pui si lapte de cocos 800 g! Thai-Pfanne mit H\u00e4hnchen &amp; Kokosmilch","_seopress_robots_index":""},"product_brand":[1951],"product_cat":[1555,1683,3272,3372,1950,1767,1954],"giftcard-category":[],"class_list":{"0":"post-27221","1":"product","2":"type-product","3":"status-publish","4":"has-post-thumbnail","6":"product_brand-erasco","7":"product_cat-bacanie","8":"product_cat-conserve-mancare-gatita","9":"product_cat-conserve","10":"product_cat-conserve-produse-germania","11":"product_cat-produse-germania","12":"product_cat-produse-olanda","13":"product_cat-semipreparate","15":"first","16":"outofstock","17":"taxable","18":"shipping-taxable","19":"purchasable","20":"product-type-simple"},"acf":[],"_links":{"self":[{"href":"https:\/\/totalblue.ro\/fr\/wp-json\/wp\/v2\/product\/27221","targetHints":{"allow":["GET"]}}],"collection":[{"href":"https:\/\/totalblue.ro\/fr\/wp-json\/wp\/v2\/product"}],"about":[{"href":"https:\/\/totalblue.ro\/fr\/wp-json\/wp\/v2\/types\/product"}],"replies":[{"embeddable":true,"href":"https:\/\/totalblue.ro\/fr\/wp-json\/wp\/v2\/comments?post=27221"}],"wp:featuredmedia":[{"embeddable":true,"href":"https:\/\/totalblue.ro\/fr\/wp-json\/wp\/v2\/media\/27222"}],"wp:attachment":[{"href":"https:\/\/totalblue.ro\/fr\/wp-json\/wp\/v2\/media?parent=27221"}],"wp:term":[{"taxonomy":"product_brand","embeddable":true,"href":"https:\/\/totalblue.ro\/fr\/wp-json\/wp\/v2\/product_brand?post=27221"},{"taxonomy":"product_cat","embeddable":true,"href":"https:\/\/totalblue.ro\/fr\/wp-json\/wp\/v2\/product_cat?post=27221"},{"taxonomy":"giftcard-category","embeddable":true,"href":"https:\/\/totalblue.ro\/fr\/wp-json\/wp\/v2\/giftcard-category?post=27221"}],"curies":[{"name":"wp","href":"https:\/\/api.w.org\/{rel}","templated":true}]}}