{"id":27230,"date":"2021-02-16T08:51:41","date_gmt":"2021-02-16T06:51:41","guid":{"rendered":"https:\/\/totalblue.ro\/?post_type=product&#038;p=27230"},"modified":"2025-08-05T15:38:25","modified_gmt":"2025-08-05T12:38:25","slug":"tigaie-greceasca-cu-gyros-si-paprika-erasco-germania-800-g","status":"publish","type":"product","link":"https:\/\/totalblue.ro\/fr\/produs\/tigaie-greceasca-cu-gyros-si-paprika-erasco-germania-800-g\/","title":{"rendered":"Po\u00eale grecque avec gyros et paprika Erasco Allemagne 800 g"},"content":{"rendered":"<p>Erasco Griechische Reis-Pfanne mit Gyros &amp; Paprika 800 g<br \/>\nDescopera acum delicioasa tigaie greceasca cu gyros si paprika de la Erasco!<br \/>\nQuantit\u00e9 recommand\u00e9e pour 2 portions.<\/p>\n<p><strong>Ingr\u00e9dient : <\/strong>41% orez gatit din cereale integrale, apa, 8,0% gyros (porc condimentat, partial tocat marunt, ulei de rapita, amidon de cartofi, sare de masa, dextroza, coloranti: sirop de zahar caramel, sirop de glucoza, condimente, ierburi, stabilizator: difosfat ), 7,4% ardei mixt, piure de rosii si rosii taiate cubulete, ulei de rapita, sare, zahar, cimbru, ierburi de Provence, chimen, coriandru, usturoi pudra, ceapa pudra, dextroza, arome, colorant extract de boia, ingrosator: guma guar.<strong><br \/>\nPr\u00e9paration :<\/strong> Este atat de usor sa gatesti acum! Se rastoarna continutul intr-o tigaie. Se aduce la fierbere la foc mare. Se fierbe in continuare la foc mic, amestecand din cand in cand pana se obtine consistenta dorita. Recomandarea noastra este de 10-12 minute. Daca doriti un gust mai deosebit puteti adauga cuburi de branza feta!<br \/>\n<strong>Conditions de stockage :<\/strong><br \/>\nConserver dans un endroit sec \u00e0 temp\u00e9rature ambiante.<br \/>\nApr\u00e8s ouverture, conserver couvert au r\u00e9frig\u00e9rateur et consommer dans les 48h.<br \/>\n<strong>Allerg\u00e8nes :<\/strong><br \/>\nPoate contine urme de grau (gluten), lapte, oua, telina, soia, mustar<\/p>\n<p><strong>Nutrition\/100g :<br \/>\n<\/strong>Energie 379 kJ (90 kcal)<br \/>\nGr\u0103sime 2.9 g<br \/>\ndin care satura\u021bi 1 g<br \/>\nCarbohidra\u021bi 12 g<br \/>\ndin care zaharuri 1.6 g<br \/>\nFibre 1,2 g<br \/>\nProteine \u200b\u200b313 g<br \/>\nSare 0,85 g<\/p>\n<p>Dimensiuni produs 9,9 x 9,9 x 11,8 cm<\/p>","protected":false},"excerpt":{"rendered":"<p>Erasco Griechische Reis-Pfanne mit Gyros &amp; Paprika 800 g<br \/>\nDescopera acum delicioasa tigaie greceasca cu gyros si paprika de la Erasco!<\/p>","protected":false},"featured_media":27232,"comment_status":"open","ping_status":"closed","template":"","meta":{"_acf_changed":false,"_seopress_robots_primary_cat":"1950","_seopress_titles_title":"","_seopress_titles_desc":"Descopera acum Tigaie thailandeza cu pui si lapte de cocos 800 g! Thai-Pfanne mit H\u00e4hnchen &amp; Kokosmilch","_seopress_robots_index":""},"product_brand":[1951],"product_cat":[1555,1683,3272,3372,1950,1767,1954],"giftcard-category":[],"class_list":{"0":"post-27230","1":"product","2":"type-product","3":"status-publish","4":"has-post-thumbnail","6":"product_brand-erasco","7":"product_cat-bacanie","8":"product_cat-conserve-mancare-gatita","9":"product_cat-conserve","10":"product_cat-conserve-produse-germania","11":"product_cat-produse-germania","12":"product_cat-produse-olanda","13":"product_cat-semipreparate","15":"first","16":"outofstock","17":"taxable","18":"shipping-taxable","19":"purchasable","20":"product-type-simple"},"acf":[],"_links":{"self":[{"href":"https:\/\/totalblue.ro\/fr\/wp-json\/wp\/v2\/product\/27230","targetHints":{"allow":["GET"]}}],"collection":[{"href":"https:\/\/totalblue.ro\/fr\/wp-json\/wp\/v2\/product"}],"about":[{"href":"https:\/\/totalblue.ro\/fr\/wp-json\/wp\/v2\/types\/product"}],"replies":[{"embeddable":true,"href":"https:\/\/totalblue.ro\/fr\/wp-json\/wp\/v2\/comments?post=27230"}],"wp:featuredmedia":[{"embeddable":true,"href":"https:\/\/totalblue.ro\/fr\/wp-json\/wp\/v2\/media\/27232"}],"wp:attachment":[{"href":"https:\/\/totalblue.ro\/fr\/wp-json\/wp\/v2\/media?parent=27230"}],"wp:term":[{"taxonomy":"product_brand","embeddable":true,"href":"https:\/\/totalblue.ro\/fr\/wp-json\/wp\/v2\/product_brand?post=27230"},{"taxonomy":"product_cat","embeddable":true,"href":"https:\/\/totalblue.ro\/fr\/wp-json\/wp\/v2\/product_cat?post=27230"},{"taxonomy":"giftcard-category","embeddable":true,"href":"https:\/\/totalblue.ro\/fr\/wp-json\/wp\/v2\/giftcard-category?post=27230"}],"curies":[{"name":"wp","href":"https:\/\/api.w.org\/{rel}","templated":true}]}}