{"id":27280,"date":"2021-02-16T15:08:55","date_gmt":"2021-02-16T13:08:55","guid":{"rendered":"https:\/\/totalblue.ro\/?post_type=product&#038;p=27280"},"modified":"2025-09-16T10:47:29","modified_gmt":"2025-09-16T07:47:29","slug":"bulion-concentrat-de-pui-knorr-6x28-grame","status":"publish","type":"product","link":"https:\/\/totalblue.ro\/fr\/produs\/bulion-concentrat-de-pui-knorr-6x28-grame\/","title":{"rendered":"Bulion concentrat de pui Knorr 6&#215;28 grame"},"content":{"rendered":"<p>Bulionul concentrat de pui Knorr este foarte aromat si are un gust puternic de pui. Este ideal pentru prepararea supelor si a mancarurilor.<br \/>\nCantitate: fiecare pachet contine 6 bucati x 28 grame<br \/>\n<strong>Ingr\u00e9dient :<\/strong>59% bulion concentrat de pui (ap\u0103 potabil\u0103, carne de pui), sare de mas\u0103, ulei de palmier, zah\u0103r, extract de drojdie (cu orz), 2% gr\u0103sime de pui, morcovi, arome, praz, agen\u021bi de \u00eengro\u0219are (xantan, gum\u0103 de salc\u00e2m), usturoi, p\u0103trunjel, sirop de zah\u0103r caramel, colorarea carotenilor<br \/>\n<strong>Allerg\u00e8nes : <\/strong>cereale care con\u021bin gluten, orz<br \/>\n<strong>Mod de utilizare<\/strong>: se deschide 1 pachet si se toarna intr-un vas care contine 500 ml de apa clocotita, se amesteca usor.<br \/>\n<strong>D\u00e9tails de l'utilisation : <\/strong>A nu se p\u0103stra la temperatura camerei \u0219i ferit de lumin\u0103. A se p\u0103stra la frigider dup\u0103 deschidere \u0219i se va consuma \u00een termen de 3 zile.<br \/>\nFara coloranti si aditivi care sa imbunatateasca aromo.<br \/>\nDimensiune pachet: 19.8 x 15.2 x 7 cm<\/p>\n<div class=\"wrapper-table-responsive m-t-3\">Valori nutritionale\/ 100g :<br \/>\nEnergie 22 kJ (5 kcal)<br \/>\nGrasimi &lt; 0.5 g din care grasimi saturate 0.2 g<br \/>\nGlucide &lt; 0.5 g din care zaharuri &lt; 0.5 g<br \/>\nFibre alimentare &lt; 0.5 g<br \/>\nProteine \u200b\u200b&lt; 0.5 g<br \/>\nSel 1,2 g<\/div>","protected":false},"excerpt":{"rendered":"<p>Bulionul concentrat de pui Knorr este foarte aromat si are un gust puternic de pui. Este ideal pentru prepararea supelor si a mancarurilor.<\/p>","protected":false},"featured_media":238839,"comment_status":"open","ping_status":"closed","template":"","meta":{"_acf_changed":false,"_seopress_robots_primary_cat":"1451","_seopress_titles_title":"","_seopress_titles_desc":"Cubul Knorr e baza ideala pentru orice fel de preparat: supe, ciorbe, tocanite, mancaruri de orez sau marinade pentru carne. Livrare rapida, pret avantajos.","_seopress_robots_index":""},"product_brand":[1870],"product_cat":[1555,1451,3280,3380,1950,1767],"giftcard-category":[],"class_list":{"0":"post-27280","1":"product","2":"type-product","3":"status-publish","4":"has-post-thumbnail","6":"product_brand-knorr","7":"product_cat-bacanie","8":"product_cat-condimente-produse-instant","9":"product_cat-condimente-sosuri","10":"product_cat-condimente-sosuri-produse-germania","11":"product_cat-produse-germania","12":"product_cat-produse-olanda","14":"first","15":"outofstock","16":"taxable","17":"shipping-taxable","18":"purchasable","19":"product-type-simple"},"acf":[],"_links":{"self":[{"href":"https:\/\/totalblue.ro\/fr\/wp-json\/wp\/v2\/product\/27280","targetHints":{"allow":["GET"]}}],"collection":[{"href":"https:\/\/totalblue.ro\/fr\/wp-json\/wp\/v2\/product"}],"about":[{"href":"https:\/\/totalblue.ro\/fr\/wp-json\/wp\/v2\/types\/product"}],"replies":[{"embeddable":true,"href":"https:\/\/totalblue.ro\/fr\/wp-json\/wp\/v2\/comments?post=27280"}],"wp:featuredmedia":[{"embeddable":true,"href":"https:\/\/totalblue.ro\/fr\/wp-json\/wp\/v2\/media\/238839"}],"wp:attachment":[{"href":"https:\/\/totalblue.ro\/fr\/wp-json\/wp\/v2\/media?parent=27280"}],"wp:term":[{"taxonomy":"product_brand","embeddable":true,"href":"https:\/\/totalblue.ro\/fr\/wp-json\/wp\/v2\/product_brand?post=27280"},{"taxonomy":"product_cat","embeddable":true,"href":"https:\/\/totalblue.ro\/fr\/wp-json\/wp\/v2\/product_cat?post=27280"},{"taxonomy":"giftcard-category","embeddable":true,"href":"https:\/\/totalblue.ro\/fr\/wp-json\/wp\/v2\/giftcard-category?post=27280"}],"curies":[{"name":"wp","href":"https:\/\/api.w.org\/{rel}","templated":true}]}}