{"id":27284,"date":"2021-02-16T15:22:04","date_gmt":"2021-02-16T13:22:04","guid":{"rendered":"https:\/\/totalblue.ro\/?post_type=product&#038;p=27284"},"modified":"2025-08-06T13:41:44","modified_gmt":"2025-08-06T10:41:44","slug":"sos-knorr-hollandaise-cu-ierburi-250-ml","status":"publish","type":"product","link":"https:\/\/totalblue.ro\/fr\/produs\/sos-knorr-hollandaise-cu-ierburi-250-ml\/","title":{"rendered":"Sos Knorr Hollandaise cu ierburi 250 ml"},"content":{"rendered":"<div id=\"content_tab_description\" class=\"tab-content tab-description\">\n<div class=\"tab-content-inner\">\n<div class=\"tab-content-scroll\">\n<p>Descopera Knorr Hollandaise, varianta rafinat\u0103 a unui sos clasic cu ierburi aromate de prim\u0103var\u0103.<br \/>\nGustul deosebit de bun se potriveste cu legume precum sparanghel si conopida, cartofi sau peste.<br \/>\n<strong>Ingr\u00e9dient :<\/strong>uleiuri vegetale (palmier, rapi\u021b\u0103), ap\u0103 potabil\u0103, g\u0103lbenu\u0219 de ou, pulbere de lapte degresat, ierburi (tarhon, chervil), sare de mas\u0103, zah\u0103r, acidifiant (acid lactic), arome (cu lapte,telina), \u00eengro\u0219\u0103tor (xantan, gum\u0103 de guar, gum\u0103 de salc\u00e2m).<br \/>\n<strong>Allerg\u00e8nes :<\/strong> contine lapte, oua, telina.<br \/>\nPoate con\u021bine urme de gluten, soia \u0219i mu\u0219tar.<br \/>\nFara aditivi si coloranti<br \/>\n<strong>Mode d'emploi :<\/strong> Se \u00eenc\u0103lze\u0219te \u00eentr-o crati\u021b\u0103 timp de 2 minute la foc mediu \/ se poate incalzi la bain-marie timp de 5 minute \/ se poate \u00eenc\u0103lzi acoperit \u00een cuptorul cu microunde timp de 1-2 minute (600 W).<br \/>\n<strong>Instruc\u021biuni de depozitare:<\/strong> A nu se p\u0103stra la temperaturi sub + 5 \u00b0 C. P\u0103stra\u021bi la frigider dup\u0103 deschidere \u0219i utiliza\u021bi \u00een termen de 2 zile.<br \/>\n<strong>Informations nutritionnelles pour 100 ml de produit :<\/strong><br \/>\nValoare energetic\u0103 1928 kJ (461kcal),<br \/>\nProteine: 1.5g,<br \/>\nGlucide: 1.9g, din care Zaharuri 1.9g,<br \/>\nLipide 50g, din care gr\u0103simi saturate 17g,<br \/>\nFibre 0,5g,<br \/>\nSare 0,81g<\/p>\n<\/div>\n<\/div>\n<\/div>","protected":false},"excerpt":{"rendered":"<p>Descopera Knorr Hollandaise, varianta rafinat\u0103 a unui sos clasic cu ierburi aromate de prim\u0103var\u0103.<\/p>","protected":false},"featured_media":42389,"comment_status":"open","ping_status":"closed","template":"","meta":{"_acf_changed":false,"_seopress_robots_primary_cat":"none","_seopress_titles_title":"Sos Knorr Hollandaise cu ierburi 250 ml, sosuri Hollandaise","_seopress_titles_desc":"Cauti Sos Knorr Hollandaise cu ierburi 250 ml, sosuri Hollandaise? Cumpara acum sosuri hollandaise gata preparate, condimente knorr, sos knorr.","_seopress_robots_index":""},"product_brand":[1870],"product_cat":[1555,3280,3380,1950,1767,1954],"giftcard-category":[],"class_list":{"0":"post-27284","1":"product","2":"type-product","3":"status-publish","4":"has-post-thumbnail","6":"product_brand-knorr","7":"product_cat-bacanie","8":"product_cat-condimente-sosuri","9":"product_cat-condimente-sosuri-produse-germania","10":"product_cat-produse-germania","11":"product_cat-produse-olanda","12":"product_cat-semipreparate","14":"first","15":"outofstock","16":"taxable","17":"shipping-taxable","18":"purchasable","19":"product-type-simple"},"acf":[],"_links":{"self":[{"href":"https:\/\/totalblue.ro\/fr\/wp-json\/wp\/v2\/product\/27284","targetHints":{"allow":["GET"]}}],"collection":[{"href":"https:\/\/totalblue.ro\/fr\/wp-json\/wp\/v2\/product"}],"about":[{"href":"https:\/\/totalblue.ro\/fr\/wp-json\/wp\/v2\/types\/product"}],"replies":[{"embeddable":true,"href":"https:\/\/totalblue.ro\/fr\/wp-json\/wp\/v2\/comments?post=27284"}],"wp:featuredmedia":[{"embeddable":true,"href":"https:\/\/totalblue.ro\/fr\/wp-json\/wp\/v2\/media\/42389"}],"wp:attachment":[{"href":"https:\/\/totalblue.ro\/fr\/wp-json\/wp\/v2\/media?parent=27284"}],"wp:term":[{"taxonomy":"product_brand","embeddable":true,"href":"https:\/\/totalblue.ro\/fr\/wp-json\/wp\/v2\/product_brand?post=27284"},{"taxonomy":"product_cat","embeddable":true,"href":"https:\/\/totalblue.ro\/fr\/wp-json\/wp\/v2\/product_cat?post=27284"},{"taxonomy":"giftcard-category","embeddable":true,"href":"https:\/\/totalblue.ro\/fr\/wp-json\/wp\/v2\/giftcard-category?post=27284"}],"curies":[{"name":"wp","href":"https:\/\/api.w.org\/{rel}","templated":true}]}}