{"id":27371,"date":"2021-02-24T15:55:18","date_gmt":"2021-02-24T13:55:18","guid":{"rendered":"https:\/\/totalblue.ro\/?post_type=product&#038;p=27371"},"modified":"2026-02-20T20:32:40","modified_gmt":"2026-02-20T18:32:40","slug":"carnati-afumati-unox-olanda-285g","status":"publish","type":"product","link":"https:\/\/totalblue.ro\/fr\/produs\/carnati-afumati-unox-olanda-285g\/","title":{"rendered":"Gelderse Rookworst Carnati afumati Unox Olanda 285g"},"content":{"rendered":"<p>Recomandat pentru 2-3 persoane<br \/>\nCarnati din Gederland afumati, conform unei retete traditionale din 1937.<br \/>\nPerfecti pentru pregatirea unui meniu olandez.<br \/>\nCarnatii afumati Unox din Gelderland reprezinta unul dintre produsele cele mai delicioase de la Unox. Unox este nelipsit din bucataria olandeza de 80 de ani. Multe gospodarii olandeze sunt acum fani ai produselor Unox.<br \/>\n&#8222;Credem ca cele mai gustoase produse pot fi facute numai din cele mai bune ingrediente si de aceea lucram continuu la imbunatatirea produselor noastre. In plus, bunastarea animalelor consideram ca este foarte importanta la Unox. Prin urmare, majoritatea carnatilor nostri afumati au, de asemenea, marca de calitate Beter Leven.&#8221;<br \/>\n<strong>Ingr\u00e9dient : <\/strong>carne de porc 92%, apa, sare, colagen bovin, sare minerala (potasiu), acid alimentar: acid citric, aroma de fum, stabilizant (E451, E452), antioxidant (acid ascorbic, extract de rozmarin), dextroza, aroma, extracte de condimente (nucsoara, piper negru, ardei iute), extract de coriandru, conservant: E250, E = de catre CE adjuvant aprobat., \u00b9 = marca de calitate Beter Leven 1 stea.<br \/>\n<strong>Comment se pr\u00e9parer :<br \/>\n&#8211;<\/strong> In cuptorul cu microunde: rupeti ambalajul exterior. In ambalajul interior efectuati mai multe gauri mici. Incalziti-l timp de 2,5 minute la 500 Watt. Lasati carnatul 1 minut sa se odihneasca inainte de a-l consuma.<br \/>\n<strong>&#8211;<\/strong> In oala cu apa fierbinte: se rupe ambalajul exterior. Se introduce carnatul ( ambalajul din interior se pastreaza ) in apa fierbinte. Se lasa timp de 15 minute ( fara fierbere ). Se scoate si se lasa la odihnit inca un minut inainte de a-l consuma.<br \/>\n<strong>Conditions de stockage :<\/strong><br \/>\nConserver \u00e0 temp\u00e9rature ambiante.<br \/>\nApr\u00e8s ouverture de l'emballage int\u00e9rieur, il peut \u00eatre conserv\u00e9 au r\u00e9frig\u00e9rateur jusqu'\u00e0 3 jours.<br \/>\nFabriqu\u00e9 aux Pays-Bas par Unilever Nederland Unox, Postbus 160 3000 AD AD Rotterdam<br \/>\nImportateur et distributeur Total Blue Impex SRL<br \/>\n<strong>Valeurs nutritionnelles\/100g<br \/>\n<\/strong>Energie 1187 kJ (284 kcal)<br \/>\nGrasimi 26 g din care saturate 10 g<br \/>\nCarbohidrati &lt; 0.5 g din care zaharuri &lt; 0.5 g<br \/>\nFibre &lt; 0.5 g<br \/>\nProteine \u200b\u200b13 g<br \/>\nSare 1.8 g<br \/>\n<a href=\"https:\/\/totalblue.ro\/wp-content\/uploads\/2021\/02\/WhatsApp-Image-2021-02-24-at-16.11.33.jpeg\"><img loading=\"lazy\" decoding=\"async\" class=\"alignnone wp-image-27374\" src=\"https:\/\/totalblue.ro\/wp-content\/uploads\/2021\/02\/WhatsApp-Image-2021-02-24-at-16.11.33-711x400.jpeg\" alt=\"\" width=\"247\" height=\"139\" srcset=\"https:\/\/totalblue.ro\/wp-content\/uploads\/2021\/02\/WhatsApp-Image-2021-02-24-at-16.11.33-711x400.jpeg 711w, https:\/\/totalblue.ro\/wp-content\/uploads\/2021\/02\/WhatsApp-Image-2021-02-24-at-16.11.33-510x287.jpeg 510w, https:\/\/totalblue.ro\/wp-content\/uploads\/2021\/02\/WhatsApp-Image-2021-02-24-at-16.11.33-768x432.jpeg 768w, https:\/\/totalblue.ro\/wp-content\/uploads\/2021\/02\/WhatsApp-Image-2021-02-24-at-16.11.33-600x337.jpeg 600w, https:\/\/totalblue.ro\/wp-content\/uploads\/2021\/02\/WhatsApp-Image-2021-02-24-at-16.11.33-100x56.jpeg 100w, https:\/\/totalblue.ro\/wp-content\/uploads\/2021\/02\/WhatsApp-Image-2021-02-24-at-16.11.33.jpeg 978w\" sizes=\"auto, (max-width: 247px) 100vw, 247px\" \/><\/a><\/p>\n<p>&nbsp;<\/p>","protected":false},"excerpt":{"rendered":"<p>Unox &#8211; Gelderse Rookworst 285g<br \/>\nCarnati din Gederland afumati, conform unei retete traditionale din 1937.<\/p>","protected":false},"featured_media":60381,"comment_status":"open","ping_status":"closed","template":"","meta":{"_acf_changed":false,"_seopress_robots_primary_cat":"none","_seopress_titles_title":"","_seopress_titles_desc":"Carnati din Gederland afumati, conform unei retete traditionale din 1937.Perfecti pentru pregatirea unei meniu olandez.","_seopress_robots_index":""},"product_brand":[1925],"product_cat":[1555,3272,1767],"giftcard-category":[],"class_list":{"0":"post-27371","1":"product","2":"type-product","3":"status-publish","4":"has-post-thumbnail","6":"product_brand-unox","7":"product_cat-bacanie","8":"product_cat-conserve","9":"product_cat-produse-olanda","11":"first","12":"outofstock","13":"taxable","14":"shipping-taxable","15":"purchasable","16":"product-type-simple"},"acf":[],"_links":{"self":[{"href":"https:\/\/totalblue.ro\/fr\/wp-json\/wp\/v2\/product\/27371","targetHints":{"allow":["GET"]}}],"collection":[{"href":"https:\/\/totalblue.ro\/fr\/wp-json\/wp\/v2\/product"}],"about":[{"href":"https:\/\/totalblue.ro\/fr\/wp-json\/wp\/v2\/types\/product"}],"replies":[{"embeddable":true,"href":"https:\/\/totalblue.ro\/fr\/wp-json\/wp\/v2\/comments?post=27371"}],"wp:featuredmedia":[{"embeddable":true,"href":"https:\/\/totalblue.ro\/fr\/wp-json\/wp\/v2\/media\/60381"}],"wp:attachment":[{"href":"https:\/\/totalblue.ro\/fr\/wp-json\/wp\/v2\/media?parent=27371"}],"wp:term":[{"taxonomy":"product_brand","embeddable":true,"href":"https:\/\/totalblue.ro\/fr\/wp-json\/wp\/v2\/product_brand?post=27371"},{"taxonomy":"product_cat","embeddable":true,"href":"https:\/\/totalblue.ro\/fr\/wp-json\/wp\/v2\/product_cat?post=27371"},{"taxonomy":"giftcard-category","embeddable":true,"href":"https:\/\/totalblue.ro\/fr\/wp-json\/wp\/v2\/giftcard-category?post=27371"}],"curies":[{"name":"wp","href":"https:\/\/api.w.org\/{rel}","templated":true}]}}