{"id":27379,"date":"2021-02-24T16:56:23","date_gmt":"2021-02-24T14:56:23","guid":{"rendered":"https:\/\/totalblue.ro\/?post_type=product&#038;p=27379"},"modified":"2025-08-07T16:06:47","modified_gmt":"2025-08-07T13:06:47","slug":"paine-prajita-toast-melba-cereale-integrale-120g","status":"publish","type":"product","link":"https:\/\/totalblue.ro\/fr\/produs\/paine-prajita-toast-melba-cereale-integrale-120g\/","title":{"rendered":"Paine prajita toast Melba cereale integrale 120g"},"content":{"rendered":"<p>Paine prajita toast Melba cereale integrale 120g<br \/>\n<strong>Ingr\u00e9dient :<\/strong> f\u0103in\u0103 integral\u0103 de grau (85%), seminte de susan (7%), drojdie, f\u0103in\u0103 de grau, sare, f\u0103in\u0103 de mal\u021b de orz, emulgator: lecitin\u0103 de soia. Poate con\u021bine urme de lapte.<br \/>\nDoar 13 calorii pe toast<br \/>\n<strong>Allerg\u00e8nes :<\/strong> Con\u021bine: Gr\u00e2u, semin\u021be de susan, orz, soia, cereale care con\u021bin gluten<br \/>\nPoate con\u021bine: Lapte<br \/>\n<strong>Valeurs nutritionnelles\/100g :<\/strong><br \/>\nEnergie 1671 kJ (397 kcal)<br \/>\nGr\u0103sime 7,7 g<br \/>\ndin care satura\u021bi 1,8 g<br \/>\ndin care monoinsaturate 2,8 g<br \/>\ndin care polinesaturate 3,1 g<br \/>\nCarbohidra\u021bi 62,4 g<br \/>\ndin care zaharuri 2,5 g<br \/>\ndin care amidon 59,9 g<br \/>\nFibre alimentare 8,4 g<br \/>\nProteine \u200b\u200b15,2 g<br \/>\nSel 1,2 g<\/p>\n<p>&nbsp;<\/p>\n<div class=\"gdlr-core-pbf-column-content clearfix gdlr-core-js gdlr-core-sync-height-content\">\n<div class=\"gdlr-core-pbf-element\">\n<div class=\"gdlr-core-text-box-item gdlr-core-item-pdlr gdlr-core-item-pdb gdlr-core-left-align textdetaliiprodus\">\n<div class=\"gdlr-core-text-box-item-content\"><\/div>\n<\/div>\n<\/div>\n<\/div>","protected":false},"excerpt":{"rendered":"<p>Paine prajita toast Melba cereale integrale 120g<\/p>","protected":false},"featured_media":27382,"comment_status":"open","ping_status":"closed","template":"","meta":{"_acf_changed":false,"_seopress_robots_primary_cat":"1767","_seopress_titles_title":"","_seopress_titles_desc":"Comanda acum Paine prajita toast Melba cereale integrale 120g cu livrare rapida din stoc la un pret promotional","_seopress_robots_index":""},"product_brand":[1968],"product_cat":[1555,1506,3304,1767],"giftcard-category":[],"class_list":{"0":"post-27379","1":"product","2":"type-product","3":"status-publish","4":"has-post-thumbnail","6":"product_brand-van-der-meulen","7":"product_cat-bacanie","8":"product_cat-cafea-ceai-mic-dejun","9":"product_cat-mic-dejun-produse-olanda","10":"product_cat-produse-olanda","12":"first","13":"outofstock","14":"taxable","15":"shipping-taxable","16":"purchasable","17":"product-type-simple"},"acf":[],"_links":{"self":[{"href":"https:\/\/totalblue.ro\/fr\/wp-json\/wp\/v2\/product\/27379","targetHints":{"allow":["GET"]}}],"collection":[{"href":"https:\/\/totalblue.ro\/fr\/wp-json\/wp\/v2\/product"}],"about":[{"href":"https:\/\/totalblue.ro\/fr\/wp-json\/wp\/v2\/types\/product"}],"replies":[{"embeddable":true,"href":"https:\/\/totalblue.ro\/fr\/wp-json\/wp\/v2\/comments?post=27379"}],"wp:featuredmedia":[{"embeddable":true,"href":"https:\/\/totalblue.ro\/fr\/wp-json\/wp\/v2\/media\/27382"}],"wp:attachment":[{"href":"https:\/\/totalblue.ro\/fr\/wp-json\/wp\/v2\/media?parent=27379"}],"wp:term":[{"taxonomy":"product_brand","embeddable":true,"href":"https:\/\/totalblue.ro\/fr\/wp-json\/wp\/v2\/product_brand?post=27379"},{"taxonomy":"product_cat","embeddable":true,"href":"https:\/\/totalblue.ro\/fr\/wp-json\/wp\/v2\/product_cat?post=27379"},{"taxonomy":"giftcard-category","embeddable":true,"href":"https:\/\/totalblue.ro\/fr\/wp-json\/wp\/v2\/giftcard-category?post=27379"}],"curies":[{"name":"wp","href":"https:\/\/api.w.org\/{rel}","templated":true}]}}