{"id":27394,"date":"2021-02-25T11:01:45","date_gmt":"2021-02-25T09:01:45","guid":{"rendered":"https:\/\/totalblue.ro\/?post_type=product&#038;p=27394"},"modified":"2026-03-25T10:30:59","modified_gmt":"2026-03-25T08:30:59","slug":"supa-de-pui-unox-olanda-800-ml","status":"publish","type":"product","link":"https:\/\/totalblue.ro\/fr\/produs\/supa-de-pui-unox-olanda-800-ml\/","title":{"rendered":"Soupe de poulet Unox Holland 800 ml"},"content":{"rendered":"<p>Unox Soep in blik originele kippensoep 800 ml<br \/>\nCantitate ideala pentru 2-3 portii de supa.<br \/>\nSupa de pui Unox\u00a0 &#8211; gata preparata<br \/>\nSupa de pui original\u0103 Unox este f\u0103cut\u0103 cu pui fraged, taietei \u0219i o mare varietate de legume proaspete, precum morcov \u0219i praz.<br \/>\nBrandul olandez Unox produce cele mai bune supe olandeze inca din 1957.\u00a0 Deoarece Unox lucreaza in continuu la imbunatatirea produselor sale, pe langa supele clasice, gasim o gama variata de produse delicioase gata preparate.<br \/>\n<strong>Pr\u00e9paration :<\/strong> Nu introduceti ambalajul in cuptorul cu microunde! Nu gatiti supa! Puneti supa intr-un bol si incalziti la cuptorul cu microunde timp de 3 minute la aprox. 600 wati sau incalziti-o direct intr-o craticioara sau oala amestecand usor. Dupa incalzire este gata de savurat!<br \/>\n<strong>Ingr\u00e9dient :<\/strong> ap\u0103, carne de pui 5,8%, legume 1 4,2% (morcov, praz), taietei 2,3% (gr\u00e2u tare, proteine ou), arom\u0103, amidon modificat, gr\u0103sime de pui 0,5% (con\u021bine antioxidant E392), sare, drojdie extract, arpagic, intensificator de arom\u0103 E621, nuc\u0219oar\u0103, colorant: riboflavin\u0103,<br \/>\nA se pastra intr-un loc uscat si racoros. Dupa deschidere, a se pastra acoperita in frigider si a se consuma in max 48h.<br \/>\n<strong>Allerg\u00e8nes :<\/strong> telina<br \/>\nOu\u0103, gr\u00e2u, cereale care con\u021bin gluten<br \/>\nFabriqu\u00e9 aux Pays-Bas par Unilever Nederland Unox, Postbus 160 3000 AD AD Rotterdam<br \/>\nImportateur et distributeur Total Blue Impex SRL<br \/>\nValeurs nutritionnelles \/ 100 g :<br \/>\nEnergie 118 kJ \/ 28 kcal<br \/>\nGrasimi 0.8 g din care saturate 0,3 g<br \/>\nGlucide 2.8 g din care zaharuri &lt; 0.5 g<br \/>\nFibre alimentare &lt; 0.5 g<br \/>\nProt\u00e9ines 2,3 g<br \/>\nSare 0,82 g<\/p>","protected":false},"excerpt":{"rendered":"<p>Unox Originele &#8211; Kippen Soep 800 ml<br \/>\nSupa de pui Unox\u00a0 &#8211; gata preparata<\/p>","protected":false},"featured_media":27396,"comment_status":"open","ping_status":"closed","template":"","meta":{"_acf_changed":false,"_seopress_robots_primary_cat":"none","_seopress_titles_title":"Supa de pui Unox Olanda 800 ml, supa de pui cu carnita","_seopress_titles_desc":"Cauti Supa de pui Unox Olanda 800 ml, supa de pui cu carnita ? Cumpara acum ieftin supa de pui gata preparata online, supa pui delicioasa.","_seopress_robots_index":""},"product_brand":[1925],"product_cat":[1555,1683,3272,1767],"giftcard-category":[],"class_list":{"0":"post-27394","1":"product","2":"type-product","3":"status-publish","4":"has-post-thumbnail","6":"product_brand-unox","7":"product_cat-bacanie","8":"product_cat-conserve-mancare-gatita","9":"product_cat-conserve","10":"product_cat-produse-olanda","12":"first","13":"instock","14":"taxable","15":"shipping-taxable","16":"purchasable","17":"product-type-simple"},"acf":[],"_links":{"self":[{"href":"https:\/\/totalblue.ro\/fr\/wp-json\/wp\/v2\/product\/27394","targetHints":{"allow":["GET"]}}],"collection":[{"href":"https:\/\/totalblue.ro\/fr\/wp-json\/wp\/v2\/product"}],"about":[{"href":"https:\/\/totalblue.ro\/fr\/wp-json\/wp\/v2\/types\/product"}],"replies":[{"embeddable":true,"href":"https:\/\/totalblue.ro\/fr\/wp-json\/wp\/v2\/comments?post=27394"}],"wp:featuredmedia":[{"embeddable":true,"href":"https:\/\/totalblue.ro\/fr\/wp-json\/wp\/v2\/media\/27396"}],"wp:attachment":[{"href":"https:\/\/totalblue.ro\/fr\/wp-json\/wp\/v2\/media?parent=27394"}],"wp:term":[{"taxonomy":"product_brand","embeddable":true,"href":"https:\/\/totalblue.ro\/fr\/wp-json\/wp\/v2\/product_brand?post=27394"},{"taxonomy":"product_cat","embeddable":true,"href":"https:\/\/totalblue.ro\/fr\/wp-json\/wp\/v2\/product_cat?post=27394"},{"taxonomy":"giftcard-category","embeddable":true,"href":"https:\/\/totalblue.ro\/fr\/wp-json\/wp\/v2\/giftcard-category?post=27394"}],"curies":[{"name":"wp","href":"https:\/\/api.w.org\/{rel}","templated":true}]}}