{"id":27420,"date":"2021-02-25T13:19:37","date_gmt":"2021-02-25T11:19:37","guid":{"rendered":"https:\/\/totalblue.ro\/?post_type=product&#038;p=27420"},"modified":"2026-03-25T10:29:32","modified_gmt":"2026-03-25T08:29:32","slug":"supa-crema-de-arahide-conimex-570-ml","status":"publish","type":"product","link":"https:\/\/totalblue.ro\/fr\/produs\/supa-crema-de-arahide-conimex-570-ml\/","title":{"rendered":"Supa-crema de arahide Conimex 570 ml (Exp. 30.04.2026)"},"content":{"rendered":"<p>Quantit\u00e9 id\u00e9ale pour 2 portions de soupe.<br \/>\nConimex Soep pinda<br \/>\nSupa-crema de arahide Conimex 570 ml &#8211; gata preparata<br \/>\nSupa de arahide Conimex este o sup\u0103 cremoas\u0103 autentic\u0103 indonezian\u0103 katjang, preparat\u0103 cu alune \u0219i sos de soia Manis. Preparata pe baza unei re\u021bete autentice indoneziene.<br \/>\nAceast\u0103 sup\u0103 vegetarian\u0103 surprinz\u0103toare este preparat\u0103 cu alune \u0219i sos de soia Manis. Castanele de ap\u0103, mugurii de fasole \u0219i \u0219alotele ofer\u0103 un gust un pic crocant, iar ghimbirul, sucul de l\u0103m\u00e2ie \u0219i coriandrul dau acestei supe o \u00eentors\u0103tur\u0103 proasp\u0103t\u0103, picant\u0103. Sfat: dup\u0103 ce a\u021bi \u00eenc\u0103lzit supa, orna\u021bi supa cu buc\u0103\u021bi de castrave\u021bi \u0219i Conimex seroendeng. Este delicioasa cu chipsuri de creve\u021bi Conimex! Supele sunt, de asemenea, foarte populare \u00een Asia. Gusta acum delicioasa sup\u0103 aburit\u0103 ale c\u0103rui mirosuri te inbie la masa! Mmmh, prea bun ca sa nu incerci!<br \/>\n<strong>Pr\u00e9paration :<\/strong> Nu introduceti ambalajul in cuptorul cu microunde! Puneti supa intr-un bol si incalziti la cuptorul cu microunde timp de 3 minute la aprox. 600 wati sau incalziti-o direct intr-o craticioara sau oala amestecand usor. Dupa incalzire este gata de savurat!<br \/>\n<strong>Ingr\u00e9dient : <\/strong>ap\u0103, arahide 8,7%, legume 7,1% (ardei ro\u0219u, \u0219alot\u0103 2,2%, varz\u0103 de fasole 2,2%, castan ap\u0103 2,2%), zah\u0103r, ulei de rapi\u021b\u0103, suc de l\u0103m\u00e2ie 1%, sambal oelek o\u021bet, amidon de porumb modificat), condimente (usturoi, ghimbir, coriandru, tamarind), melas\u0103, galbenus de ou, amidon de porumb modificat, ketjap manis 0,5%,sos de soia ,ap\u0103, soia, grau, sare,, ulei de soia, amidon de cartofi , sare, pulbere de ceap\u0103, extract de drojdie, emulgator E472, o\u021bet, f\u0103in\u0103 de gr\u00e2u, arom\u0103, \u00eengro\u0219\u0103tor (E415, E412), concentrat de suc de legume (frunze de telina, morcov, praz, ceap\u0103)<br \/>\nSans conservateurs.<br \/>\nFara potentiatori de aroma adaugati.<br \/>\nSans colorants artificiels.<br \/>\n<strong>Stockage :<\/strong> Dup\u0103 deschiderea pungii, aceast\u0103 sup\u0103 poate fi p\u0103strat\u0103 maxim 2 zile la frigider. Inchideti punga.<br \/>\n<strong>Allerg\u00e8nes :<\/strong> Con\u021bine:Ou\u0103, arahide, soia, \u021belin\u0103, gr\u00e2u<br \/>\n<strong>Nutritie \/ 100ml:<\/strong><br \/>\nEnergie 454 kJ (107 kcal)<br \/>\nGr\u0103sime 7,2 g din care satura\u021bi 1,8 g<br \/>\nCarbohidra\u021bi 8 g din care zaharuri 6 g<br \/>\nFibre alimentare 1 g<br \/>\nProt\u00e9ines 2,9 g<br \/>\nSare 0,91 g<br \/>\n<strong>Produs certificat de Uniunea Vegetarian\u0103 European\u0103<br \/>\n<\/strong><\/p>\n<p><a href=\"https:\/\/totalblue.ro\/wp-content\/uploads\/2021\/02\/vegetarian.jpeg\"><img loading=\"lazy\" decoding=\"async\" class=\"alignnone wp-image-27413\" src=\"https:\/\/totalblue.ro\/wp-content\/uploads\/2021\/02\/vegetarian.jpeg\" alt=\"\" width=\"85\" height=\"85\" srcset=\"https:\/\/totalblue.ro\/wp-content\/uploads\/2021\/02\/vegetarian.jpeg 225w, https:\/\/totalblue.ro\/wp-content\/uploads\/2021\/02\/vegetarian-100x100.jpeg 100w\" sizes=\"auto, (max-width: 85px) 100vw, 85px\" \/><\/a><\/p>\n<p>&nbsp;<\/p>","protected":false},"excerpt":{"rendered":"<p>Conimex Soep pinda<br \/>\nSupa de arahide Conimex este o sup\u0103 cremoas\u0103 autentic\u0103 indonezian\u0103 katjang, preparat\u0103 cu alune \u0219i sos de soia Manis.<\/p>","protected":false},"featured_media":27421,"comment_status":"open","ping_status":"closed","template":"","meta":{"_acf_changed":false,"_seopress_robots_primary_cat":"none","_seopress_titles_title":"","_seopress_titles_desc":"Conimex Soep pinda.Supa de arahide Conimex este o sup\u0103 cremoas\u0103 autentic\u0103 indonezian\u0103 katjang, preparat\u0103 cu alune \u0219i sos de soia Manis.","_seopress_robots_index":""},"product_brand":[1949],"product_cat":[1555,1683,3272,17494,1767,1456],"giftcard-category":[],"class_list":{"0":"post-27420","1":"product","2":"type-product","3":"status-publish","4":"has-post-thumbnail","6":"product_brand-conimex","7":"product_cat-bacanie","8":"product_cat-conserve-mancare-gatita","9":"product_cat-conserve","10":"product_cat-influente-asiatice","11":"product_cat-produse-olanda","12":"product_cat-promotii","14":"first","15":"instock","16":"taxable","17":"shipping-taxable","18":"purchasable","19":"product-type-simple"},"acf":[],"_links":{"self":[{"href":"https:\/\/totalblue.ro\/fr\/wp-json\/wp\/v2\/product\/27420","targetHints":{"allow":["GET"]}}],"collection":[{"href":"https:\/\/totalblue.ro\/fr\/wp-json\/wp\/v2\/product"}],"about":[{"href":"https:\/\/totalblue.ro\/fr\/wp-json\/wp\/v2\/types\/product"}],"replies":[{"embeddable":true,"href":"https:\/\/totalblue.ro\/fr\/wp-json\/wp\/v2\/comments?post=27420"}],"wp:featuredmedia":[{"embeddable":true,"href":"https:\/\/totalblue.ro\/fr\/wp-json\/wp\/v2\/media\/27421"}],"wp:attachment":[{"href":"https:\/\/totalblue.ro\/fr\/wp-json\/wp\/v2\/media?parent=27420"}],"wp:term":[{"taxonomy":"product_brand","embeddable":true,"href":"https:\/\/totalblue.ro\/fr\/wp-json\/wp\/v2\/product_brand?post=27420"},{"taxonomy":"product_cat","embeddable":true,"href":"https:\/\/totalblue.ro\/fr\/wp-json\/wp\/v2\/product_cat?post=27420"},{"taxonomy":"giftcard-category","embeddable":true,"href":"https:\/\/totalblue.ro\/fr\/wp-json\/wp\/v2\/giftcard-category?post=27420"}],"curies":[{"name":"wp","href":"https:\/\/api.w.org\/{rel}","templated":true}]}}