{"id":27435,"date":"2021-02-25T14:28:55","date_gmt":"2021-02-25T12:28:55","guid":{"rendered":"https:\/\/totalblue.ro\/?post_type=product&#038;p=27435"},"modified":"2025-11-25T16:41:05","modified_gmt":"2025-11-25T14:41:05","slug":"supa-de-sparanghel-cu-rozmarin-unox-olanda-570-ml","status":"publish","type":"product","link":"https:\/\/totalblue.ro\/fr\/produs\/supa-de-sparanghel-cu-rozmarin-unox-olanda-570-ml\/","title":{"rendered":"Soupe d'asperges Unox au romarin Pays-Bas 570 ml"},"content":{"rendered":"<p>Quantit\u00e9 id\u00e9ale pour 2 portions de soupe.<br \/>\nUnox Soep in zak aspergesoep<br \/>\nSupa de sparanghel cu rozmarin Unox Olanda 570 ml &#8211; gata preparata<br \/>\nBrandul olandez Unox produce cele mai bune supe olandeze inca din 1957.\u00a0 Deoarece Unox lucreaza in continuu la imbunatatirea produselor sale, pe langa supele clasice, gasim o gama variata de produse delicioase gata preparate.<br \/>\n<strong>Pr\u00e9paration :<\/strong>Ne pas mettre l'emballage au micro-ondes ! Mettre la soupe dans un bol et la faire chauffer au micro-ondes pendant 2,5 minutes \u00e0 environ 750 watts ou la faire chauffer directement dans une casserole en remuant d\u00e9licatement. Apr\u00e8s avoir \u00e9t\u00e9 r\u00e9chauff\u00e9e, la soupe est pr\u00eate \u00e0 \u00eatre d\u00e9gust\u00e9e !<br \/>\n<strong>Ingr\u00e9dient :<\/strong> ap\u0103, sparanghel (alb 6,4%, verde 1,6%), amidon de porumb modificat, f\u0103in\u0103 de gr\u00e2u, ulei de rapi\u021b\u0103, pulbere de lapte unt, arom\u0103, sare iodat\u0103, extract de drojdie, pulbere de ceap\u0103, stabilizator (E451, E452), sare, legume concentrat de suc (frunze de telina, morcov, praz, ceap\u0103), usturoi, acid alimentar: acid citric, rozmarin, gr\u0103sime de palmier.<br \/>\nFara coloranti artificiali, amelioratori de aroma.<br \/>\nF\u0103r\u0103 zaharuri ad\u0103ugate.<br \/>\nF\u0103r\u0103 conservan\u021bi (conform legisla\u021biei europene).<br \/>\n<strong>Stockage :<\/strong> Dup\u0103 deschiderea pungii, aceast\u0103 sup\u0103 poate fi p\u0103strat\u0103 maxim 2 zile la frigider. Inchideti punga.<br \/>\n<strong>Allerg\u00e8nes :<\/strong> Con\u021bine:Lapte, \u021belin\u0103, gr\u00e2u<br \/>\nFabriqu\u00e9 aux Pays-Bas par Unilever Nederland Unox, Postbus 160 3000 AD AD Rotterdam<br \/>\nImportateur et distributeur Total Blue Impex SRL<br \/>\n<strong>Nutritie \/ 100ml:<\/strong><br \/>\nEnergie 125 kJ (30 kcal)<br \/>\nGr\u0103simi 1,3 g din care satura\u021bi 0,1 g<br \/>\nCarbohidra\u021bi 3,5 g din care zaharuri 0,6 g<br \/>\nFibre dietetice &lt;0,5 g<br \/>\nProt\u00e9ines 0,8 g<br \/>\nSare 0,64 g<\/p>","protected":false},"excerpt":{"rendered":"<p>Unox Soep in zak aspergesoep<br \/>\nSupa de sparanghel cu rozmarin Unox Olanda 570 ml &#8211; gata preparata<\/p>","protected":false},"featured_media":217689,"comment_status":"open","ping_status":"closed","template":"","meta":{"_acf_changed":false,"_seopress_robots_primary_cat":"none","_seopress_titles_title":"","_seopress_titles_desc":"Unox Soep in zak aspergesoepSupa de sparanghel cu rozmarin Unox Olanda 570 ml - gata preparata, livrare rapida","_seopress_robots_index":""},"product_brand":[1925],"product_cat":[1555,1683,3272,1767],"giftcard-category":[],"class_list":{"0":"post-27435","1":"product","2":"type-product","3":"status-publish","4":"has-post-thumbnail","6":"product_brand-unox","7":"product_cat-bacanie","8":"product_cat-conserve-mancare-gatita","9":"product_cat-conserve","10":"product_cat-produse-olanda","12":"first","13":"outofstock","14":"taxable","15":"shipping-taxable","16":"purchasable","17":"product-type-simple"},"acf":[],"_links":{"self":[{"href":"https:\/\/totalblue.ro\/fr\/wp-json\/wp\/v2\/product\/27435","targetHints":{"allow":["GET"]}}],"collection":[{"href":"https:\/\/totalblue.ro\/fr\/wp-json\/wp\/v2\/product"}],"about":[{"href":"https:\/\/totalblue.ro\/fr\/wp-json\/wp\/v2\/types\/product"}],"replies":[{"embeddable":true,"href":"https:\/\/totalblue.ro\/fr\/wp-json\/wp\/v2\/comments?post=27435"}],"wp:featuredmedia":[{"embeddable":true,"href":"https:\/\/totalblue.ro\/fr\/wp-json\/wp\/v2\/media\/217689"}],"wp:attachment":[{"href":"https:\/\/totalblue.ro\/fr\/wp-json\/wp\/v2\/media?parent=27435"}],"wp:term":[{"taxonomy":"product_brand","embeddable":true,"href":"https:\/\/totalblue.ro\/fr\/wp-json\/wp\/v2\/product_brand?post=27435"},{"taxonomy":"product_cat","embeddable":true,"href":"https:\/\/totalblue.ro\/fr\/wp-json\/wp\/v2\/product_cat?post=27435"},{"taxonomy":"giftcard-category","embeddable":true,"href":"https:\/\/totalblue.ro\/fr\/wp-json\/wp\/v2\/giftcard-category?post=27435"}],"curies":[{"name":"wp","href":"https:\/\/api.w.org\/{rel}","templated":true}]}}