{"id":27463,"date":"2021-02-25T17:07:24","date_gmt":"2021-02-25T15:07:24","guid":{"rendered":"https:\/\/totalblue.ro\/?post_type=product&#038;p=27463"},"modified":"2025-10-30T15:12:25","modified_gmt":"2025-10-30T13:12:25","slug":"supa-crema-de-rosii-cu-chili-afumat-si-busuioc-unox-olanda-570-ml","status":"publish","type":"product","link":"https:\/\/totalblue.ro\/fr\/produs\/supa-crema-de-rosii-cu-chili-afumat-si-busuioc-unox-olanda-570-ml\/","title":{"rendered":"Supa-crema de rosii cu chili afumat si busuioc Unox Olanda 570 ml"},"content":{"rendered":"<p>Quantit\u00e9 id\u00e9ale pour 2 portions de soupe.<br \/>\nUnox Proeverij romige tomatensoep.<br \/>\nSupa-crema de rosii cu chili afumat si busuioc Unox Olanda 570 ml &#8211; gata preparata<br \/>\nBrandul olandez Unox produce cele mai bune supe olandeze inca din 1957.\u00a0 Deoarece Unox lucreaza in continuu la imbunatatirea produselor sale, pe langa supele clasice, gasim o gama variata de produse delicioase gata preparate.<br \/>\n<strong>Pr\u00e9paration :<\/strong>Ne pas mettre l'emballage au micro-ondes ! Mettre la soupe dans un bol et la faire chauffer au micro-ondes pendant 2,5 minutes \u00e0 environ 750 watts ou la faire chauffer directement dans une casserole en remuant d\u00e9licatement. Apr\u00e8s avoir \u00e9t\u00e9 r\u00e9chauff\u00e9e, la soupe est pr\u00eate \u00e0 \u00eatre d\u00e9gust\u00e9e !<br \/>\n<strong>Ingr\u00e9dient :<\/strong> Legume 87%: ro\u0219ii 76% (ro\u0219ie, past\u0103 de ro\u0219ii, ro\u0219ie uscat\u0103 0,2%), ceap\u0103 5,8%, naut 4,6%), ca\u0219 4,6% (branza), smantana lichida 4%, zah\u0103r, extract de drojdie, sare, ulei de floarea soarelui , ierburi (coriandru, busuioc), usturoi, pulbere de chili afumat 0,1%, piper negru, suc de legume concentrat (telina, morcov, praz, ceap\u0103), 82% legume<br \/>\nFara coloranti artificiali, amelioratori de aroma.<br \/>\n<strong>Stockage :<\/strong> Dup\u0103 deschiderea pungii, aceast\u0103 sup\u0103 poate fi p\u0103strat\u0103 maxim 2 zile la frigider. Inchideti punga.<br \/>\n<strong>Allerg\u00e8nes :<\/strong> Con\u021bine: Lapte, \u021belin\u0103<br \/>\nFabriqu\u00e9 aux Pays-Bas par Unilever Nederland Unox, Postbus 160 3000 AD AD Rotterdam<br \/>\nImportateur et distributeur Total Blue Impex SRL<br \/>\n<strong>Nutritie \/ 100ml:<\/strong><br \/>\nEnergie 240 kJ (57 kcal)<br \/>\nGr\u0103simi 2,5 g din care satura\u021bi 1 g<br \/>\nCarbohidra\u021bi 6,6 g din care zaharuri 5,2 g<br \/>\nFibra dietetic\u0103 0,9 g<br \/>\nProteine \u200b\u200b2,2 g<br \/>\nSare 0,68<br \/>\n<strong>Produit v\u00e9g\u00e9tarien<br \/>\n<a href=\"https:\/\/totalblue.ro\/wp-content\/uploads\/2021\/02\/vegetarian.jpeg\"><img loading=\"lazy\" decoding=\"async\" class=\"alignnone wp-image-27413\" src=\"https:\/\/totalblue.ro\/wp-content\/uploads\/2021\/02\/vegetarian.jpeg\" alt=\"\" width=\"137\" height=\"137\" srcset=\"https:\/\/totalblue.ro\/wp-content\/uploads\/2021\/02\/vegetarian.jpeg 225w, https:\/\/totalblue.ro\/wp-content\/uploads\/2021\/02\/vegetarian-100x100.jpeg 100w\" sizes=\"auto, (max-width: 137px) 100vw, 137px\" \/><\/a><\/strong><\/p>","protected":false},"excerpt":{"rendered":"<p>Unox Proeverij romige tomatensoep.<br \/>\nSupa-crema de rosii cu chili afumat si busuioc Unox Olanda 570 ml &#8211; gata preparata<\/p>","protected":false},"featured_media":27464,"comment_status":"open","ping_status":"closed","template":"","meta":{"_acf_changed":false,"_seopress_robots_primary_cat":"none","_seopress_titles_title":"","_seopress_titles_desc":"Unox Proeverij romige tomatensoep.Supa-crema de rosii cu chili afumat si busuioc Unox Olanda 570 ml - gata preparata","_seopress_robots_index":""},"product_brand":[1925],"product_cat":[1555,1683,3272,1767],"giftcard-category":[],"class_list":{"0":"post-27463","1":"product","2":"type-product","3":"status-publish","4":"has-post-thumbnail","6":"product_brand-unox","7":"product_cat-bacanie","8":"product_cat-conserve-mancare-gatita","9":"product_cat-conserve","10":"product_cat-produse-olanda","12":"first","13":"outofstock","14":"taxable","15":"shipping-taxable","16":"purchasable","17":"product-type-simple"},"acf":[],"_links":{"self":[{"href":"https:\/\/totalblue.ro\/fr\/wp-json\/wp\/v2\/product\/27463","targetHints":{"allow":["GET"]}}],"collection":[{"href":"https:\/\/totalblue.ro\/fr\/wp-json\/wp\/v2\/product"}],"about":[{"href":"https:\/\/totalblue.ro\/fr\/wp-json\/wp\/v2\/types\/product"}],"replies":[{"embeddable":true,"href":"https:\/\/totalblue.ro\/fr\/wp-json\/wp\/v2\/comments?post=27463"}],"wp:featuredmedia":[{"embeddable":true,"href":"https:\/\/totalblue.ro\/fr\/wp-json\/wp\/v2\/media\/27464"}],"wp:attachment":[{"href":"https:\/\/totalblue.ro\/fr\/wp-json\/wp\/v2\/media?parent=27463"}],"wp:term":[{"taxonomy":"product_brand","embeddable":true,"href":"https:\/\/totalblue.ro\/fr\/wp-json\/wp\/v2\/product_brand?post=27463"},{"taxonomy":"product_cat","embeddable":true,"href":"https:\/\/totalblue.ro\/fr\/wp-json\/wp\/v2\/product_cat?post=27463"},{"taxonomy":"giftcard-category","embeddable":true,"href":"https:\/\/totalblue.ro\/fr\/wp-json\/wp\/v2\/giftcard-category?post=27463"}],"curies":[{"name":"wp","href":"https:\/\/api.w.org\/{rel}","templated":true}]}}