{"id":27488,"date":"2021-02-26T11:17:09","date_gmt":"2021-02-26T09:17:09","guid":{"rendered":"https:\/\/totalblue.ro\/?post_type=product&#038;p=27488"},"modified":"2026-02-10T10:38:09","modified_gmt":"2026-02-10T08:38:09","slug":"noodles-cu-gust-de-pui-unox-olanda-65g","status":"publish","type":"product","link":"https:\/\/totalblue.ro\/fr\/produs\/noodles-cu-gust-de-pui-unox-olanda-65g\/","title":{"rendered":"Unox Holland Nouilles aromatis\u00e9es au poulet 65g"},"content":{"rendered":"<p>Recommand\u00e9 : portion pour 1 personne<br \/>\nUnox Good noodles kip<br \/>\nNoodles cu gust de pui Unox 65 g &#8211; gata in 3 minute!<br \/>\nGata in 3 minute ! Usor de pregatit ! Noodles cu aroma de pui<br \/>\n<strong>Ingr\u00e9dient :<\/strong><br \/>\nAmestec de paste 83,7%: t\u0103i\u021bei 95,8% (f\u0103in\u0103 de gr\u00e2u, amidon de tapioca, ulei de palmier, sare, stabilizatori (E466, E451), agen\u021bi cresc\u0103tori (E500, E501), sos de soia (soia, ap\u0103, sare), legume uscate 4, 2% (porumb, morcov, praz)., Amestec de condimente 10,5%: arom\u0103, zah\u0103r, sare, poten\u021biatori de arom\u0103 (E621, E635), pudr\u0103 de sos de soia (soia, grau, sare, extract de malt de orz, extract de drojdie, palmier ulei), ardei iute, pudr\u0103 de ceap\u0103, piper, agent anti-aglomerare E551, agent de colorare E100, p\u0103trunjel., Mix de uleiuri 5,8%: uleiuri vegetale (t\u0103r\u00e2\u021be de orez, susan), extract de usturoi, extract de \u0219alot\u0103, extract de ceap\u0103, extract de ghimbir. , E = de EC excipient aprobat.<br \/>\nFara coloranti artificiali<br \/>\n<strong>Allerg\u00e8nes :<\/strong><br \/>\nPoate con\u021bine ou\u0103, lapte, crustacee, molu\u0219te, pe\u0219te.<br \/>\n<strong>Pr\u00e9paration :<\/strong> Nu introduce\u021bi ambalajul \u00een cuptorul cu microunde! Desfaceti capacul. Se toarna apa clocotita direct in pahar pana la linie. Se inchide capacul. Lasati noodles sa stea 5 minute. Amestecati bine ! Gata ! Va dorim pofta buna ! Nota: paharul poate fi fierbinte !<br \/>\n<strong>Mod de depozitare:<\/strong> a se pastra la loc uscat, la temperatura camerei.<br \/>\nFabriqu\u00e9 aux Pays-Bas par Unilever Nederland Unox, Postbus 160 3000 AD AD Rotterdam<br \/>\nImportateur et distributeur Total Blue Impex SRL<\/p>\n<p><strong>Valeurs nutritionnelles \/ 100g :<br \/>\n<\/strong>Energie 365 kJ (87 kcal)<br \/>\nGr\u0103sime 3,8 g din care satura\u021bi 0.4 g<br \/>\nCarbohidra\u021bi 11 g din care zaharuri 1.6 g<br \/>\nFibre 0.7 g<br \/>\nProt\u00e9ines 2 g<br \/>\nSel 1,1 g<strong><br \/>\n<\/strong><\/p>\n<div class=\"wrapper-table-responsive m-t-3\"><\/div>","protected":false},"excerpt":{"rendered":"<p>Unox Good noodles kip<br \/>\nGata in 3 minute! Usor de pregatit! Noodles cu aroma de pui.<\/p>","protected":false},"featured_media":27489,"comment_status":"open","ping_status":"closed","template":"","meta":{"_acf_changed":false,"_seopress_robots_primary_cat":"none","_seopress_titles_title":"","_seopress_titles_desc":"Unox Good noodles kip.Noodles cu gust de pui Unox 65 g - gata in 3 minute!Gata in 3 minute ! Usor de pregatit ! Noodles cu aroma de pui","_seopress_robots_index":""},"product_brand":[1925],"product_cat":[1555,3272,17494,21594,1463,3328,1767],"giftcard-category":[],"class_list":{"0":"post-27488","1":"product","2":"type-product","3":"status-publish","4":"has-post-thumbnail","6":"product_brand-unox","7":"product_cat-bacanie","8":"product_cat-conserve","9":"product_cat-influente-asiatice","10":"product_cat-noodles-supe-instant","11":"product_cat-orez","12":"product_cat-paste-orez-ulei-otet","13":"product_cat-produse-olanda","15":"first","16":"outofstock","17":"taxable","18":"shipping-taxable","19":"purchasable","20":"product-type-simple"},"acf":[],"_links":{"self":[{"href":"https:\/\/totalblue.ro\/fr\/wp-json\/wp\/v2\/product\/27488","targetHints":{"allow":["GET"]}}],"collection":[{"href":"https:\/\/totalblue.ro\/fr\/wp-json\/wp\/v2\/product"}],"about":[{"href":"https:\/\/totalblue.ro\/fr\/wp-json\/wp\/v2\/types\/product"}],"replies":[{"embeddable":true,"href":"https:\/\/totalblue.ro\/fr\/wp-json\/wp\/v2\/comments?post=27488"}],"wp:featuredmedia":[{"embeddable":true,"href":"https:\/\/totalblue.ro\/fr\/wp-json\/wp\/v2\/media\/27489"}],"wp:attachment":[{"href":"https:\/\/totalblue.ro\/fr\/wp-json\/wp\/v2\/media?parent=27488"}],"wp:term":[{"taxonomy":"product_brand","embeddable":true,"href":"https:\/\/totalblue.ro\/fr\/wp-json\/wp\/v2\/product_brand?post=27488"},{"taxonomy":"product_cat","embeddable":true,"href":"https:\/\/totalblue.ro\/fr\/wp-json\/wp\/v2\/product_cat?post=27488"},{"taxonomy":"giftcard-category","embeddable":true,"href":"https:\/\/totalblue.ro\/fr\/wp-json\/wp\/v2\/giftcard-category?post=27488"}],"curies":[{"name":"wp","href":"https:\/\/api.w.org\/{rel}","templated":true}]}}