{"id":27498,"date":"2021-02-26T12:05:56","date_gmt":"2021-02-26T10:05:56","guid":{"rendered":"https:\/\/totalblue.ro\/?post_type=product&#038;p=27498"},"modified":"2025-10-01T11:06:51","modified_gmt":"2025-10-01T08:06:51","slug":"soupe-a-la-moutarde-avec-morceaux-de-bacon-gwoon-hollandaise-570-ml","status":"publish","type":"product","link":"https:\/\/totalblue.ro\/fr\/produs\/supa-de-mustar-cu-bucatele-de-bacon-gwoon-olanda-570-ml\/","title":{"rendered":"Soupe \u00e0 la moutarde avec des morceaux de bacon G'woon Holland 570 ml"},"content":{"rendered":"<p>Quantit\u00e9 id\u00e9ale pour 2 portions de soupe.<br \/>\nG'woon Mosterdsoep 570ml stazak.<br \/>\nSoupe \u00e0 la moutarde et aux lardons G'woon Pays-Bas 570 ml - pr\u00eat \u00e0 l'emploi<br \/>\n<strong>Pr\u00e9paration :<\/strong> Ne pas mettre l'emballage au micro-ondes ! Mettre la soupe dans un bol et la faire chauffer au micro-ondes pendant 2,5 minutes \u00e0 environ 750 watts ou la faire chauffer directement dans une casserole en remuant d\u00e9licatement. Apr\u00e8s avoir \u00e9t\u00e9 r\u00e9chauff\u00e9e, la soupe est pr\u00eate \u00e0 \u00eatre d\u00e9gust\u00e9e !<br \/>\n<strong>Ingr\u00e9dient :<\/strong> Eau, 4,7% Moutarde (eau, graines de moutarde, sel, vinaigre d'alcool, curcuma), cr\u00e8me acidul\u00e9e (lait), 3,6% Cubes de bacon fum\u00e9 - bacon (porc, sel, sirop de glucose, conservateur : nitrite de sodium, fum\u00e9e naturelle), amidon de ma\u00efs modifi\u00e9, huile de colza, ar\u00f4mes naturels, farine de bl\u00e9, ciboulette, 0,2% Graines de moutarde, huile de noix de coco, \u00e9pice, sel, persil.<br \/>\n<strong>Stockage :<\/strong> Apr\u00e8s ouverture, cette soupe se conserve jusqu'\u00e0 2 jours au r\u00e9frig\u00e9rateur (max. 7\u00b0C). Gardez le sachet ferm\u00e9.<br \/>\n<strong>Allerg\u00e8nes :<\/strong> Contient : moutarde, lait, gluten<br \/>\nFabriqu\u00e9 en Hollande par G'woon, num\u00e9ro de s\u00e9rie 3500, 4140 VH BEESD,<br \/>\nImportateur et distributeur Total Blue Impex SRL<br \/>\nValeurs nutritionnelles pour 100 ml :<br \/>\n\u00c9nergie 316 kJ (76 kcal)<br \/>\nGraisses 6 g dont 2 g de graisses satur\u00e9es<br \/>\nGlucides 3,5 g dont sucres 0,2 g<br \/>\nFibres alimentaires 0,1 g<br \/>\nProt\u00e9ines 2 g<br \/>\nSel 0,70 g<\/p>\n<p><a href=\"https:\/\/totalblue.ro\/wp-content\/uploads\/2021\/02\/beter-leven.jpeg\"><img loading=\"lazy\" decoding=\"async\" class=\"alignnone wp-image-27415\" src=\"https:\/\/totalblue.ro\/wp-content\/uploads\/2021\/02\/beter-leven-711x400.jpeg\" alt=\"\" width=\"228\" height=\"128\" srcset=\"https:\/\/totalblue.ro\/wp-content\/uploads\/2021\/02\/beter-leven-711x400.jpeg 711w, https:\/\/totalblue.ro\/wp-content\/uploads\/2021\/02\/beter-leven-510x287.jpeg 510w, https:\/\/totalblue.ro\/wp-content\/uploads\/2021\/02\/beter-leven-768x432.jpeg 768w, https:\/\/totalblue.ro\/wp-content\/uploads\/2021\/02\/beter-leven-600x337.jpeg 600w, https:\/\/totalblue.ro\/wp-content\/uploads\/2021\/02\/beter-leven-100x56.jpeg 100w, https:\/\/totalblue.ro\/wp-content\/uploads\/2021\/02\/beter-leven.jpeg 978w\" sizes=\"auto, (max-width: 228px) 100vw, 228px\" \/><\/a><\/p>","protected":false},"excerpt":{"rendered":"<p>G'woon Mosterdsoep 570ml stazak.<br \/>\nSoupe \u00e0 la moutarde et aux lardons G'woon Pays-Bas 570 ml - pr\u00eat \u00e0 l'emploi<\/p>","protected":false},"featured_media":27499,"comment_status":"open","ping_status":"closed","template":"","meta":{"_acf_changed":false,"_seopress_robots_primary_cat":"none","_seopress_titles_title":"","_seopress_titles_desc":"G'woon Mosterdsoep 570ml stazak. Supa de mustar cu bucatele de bacon G'woon Olanda 570 ml - gata preparata","_seopress_robots_index":""},"product_brand":[1971],"product_cat":[1555,1683,3272,1767],"giftcard-category":[],"class_list":{"0":"post-27498","1":"product","2":"type-product","3":"status-publish","4":"has-post-thumbnail","6":"product_brand-gwoon","7":"product_cat-bacanie","8":"product_cat-conserve-mancare-gatita","9":"product_cat-conserve","10":"product_cat-produse-olanda","12":"first","13":"instock","14":"taxable","15":"shipping-taxable","16":"purchasable","17":"product-type-simple"},"acf":[],"_links":{"self":[{"href":"https:\/\/totalblue.ro\/fr\/wp-json\/wp\/v2\/product\/27498","targetHints":{"allow":["GET"]}}],"collection":[{"href":"https:\/\/totalblue.ro\/fr\/wp-json\/wp\/v2\/product"}],"about":[{"href":"https:\/\/totalblue.ro\/fr\/wp-json\/wp\/v2\/types\/product"}],"replies":[{"embeddable":true,"href":"https:\/\/totalblue.ro\/fr\/wp-json\/wp\/v2\/comments?post=27498"}],"wp:featuredmedia":[{"embeddable":true,"href":"https:\/\/totalblue.ro\/fr\/wp-json\/wp\/v2\/media\/27499"}],"wp:attachment":[{"href":"https:\/\/totalblue.ro\/fr\/wp-json\/wp\/v2\/media?parent=27498"}],"wp:term":[{"taxonomy":"product_brand","embeddable":true,"href":"https:\/\/totalblue.ro\/fr\/wp-json\/wp\/v2\/product_brand?post=27498"},{"taxonomy":"product_cat","embeddable":true,"href":"https:\/\/totalblue.ro\/fr\/wp-json\/wp\/v2\/product_cat?post=27498"},{"taxonomy":"giftcard-category","embeddable":true,"href":"https:\/\/totalblue.ro\/fr\/wp-json\/wp\/v2\/giftcard-category?post=27498"}],"curies":[{"name":"wp","href":"https:\/\/api.w.org\/{rel}","templated":true}]}}