{"id":27545,"date":"2021-03-01T15:03:57","date_gmt":"2021-03-01T13:03:57","guid":{"rendered":"https:\/\/totalblue.ro\/?post_type=product&#038;p=27545"},"modified":"2025-08-04T13:05:06","modified_gmt":"2025-08-04T10:05:06","slug":"supa-de-cartofi-dulci-cu-legume-gwoon-olanda-570-ml","status":"publish","type":"product","link":"https:\/\/totalblue.ro\/fr\/produs\/supa-de-cartofi-dulci-cu-legume-gwoon-olanda-570-ml\/","title":{"rendered":"Supa de cartofi dulci cu legume G\u2019woon Olanda 570 ml"},"content":{"rendered":"<p>Quantit\u00e9 id\u00e9ale pour 2 portions de soupe.<br \/>\nZoete aardappelsoep met kerrie en rode paprika G\u2019woon Olanda 570 ml<br \/>\nSupa de cartofi dulci cu legume G\u2019woon Olanda 570 ml &#8211; gata preparata<br \/>\n<strong>Pr\u00e9paration :<\/strong> Ne pas mettre l'emballage au micro-ondes ! Mettre la soupe dans un bol et la faire chauffer au micro-ondes pendant 2,5 minutes \u00e0 environ 750 watts ou la faire chauffer directement dans une casserole en remuant d\u00e9licatement. Apr\u00e8s avoir \u00e9t\u00e9 r\u00e9chauff\u00e9e, la soupe est pr\u00eate \u00e0 \u00eatre d\u00e9gust\u00e9e !<br \/>\n<strong>Ingr\u00e9dient :<\/strong> ap\u0103, 31% cartof dulce, 19% legume (40% morcov, 26% ceap\u0103, piper ro\u0219u, \u021belin\u0103, past\u0103 de ro\u0219ii, lapte de cocos (extract de nuc\u0103 de cocos, ap\u0103) f\u0103in\u0103 de orez, sare, fibre vegetale (cichorel, l\u0103m\u00e2ie) 0,2% curry pudr\u0103 (ierburi \u0219i condimente) ardei ro\u0219u, suc concentrat de l\u0103m\u00e2ie, usturoi pudr\u0103 mu\u0219tar, \u021belin\u0103, condimente, o\u021bet<br \/>\n<strong>Stockage :<\/strong> Apr\u00e8s ouverture, cette soupe se conserve jusqu'\u00e0 2 jours au r\u00e9frig\u00e9rateur (max. 7\u00b0C). Gardez le sachet ferm\u00e9.<br \/>\n<strong>Allerg\u00e8nes :<\/strong> Con\u021bine telina , mustar<br \/>\nFabriqu\u00e9 en Hollande par G'woon, num\u00e9ro de s\u00e9rie 3500, 4140 VH BEESD,<br \/>\nImportateur et distributeur Total Blue Impex SRL<br \/>\n<strong>Nutritie \/ 100ml:<br \/>\n<\/strong>Energie 153kJ<br \/>\nEnergie 36kcal<br \/>\nGr\u0103sime 0.4g din care saturati 0,3 g<br \/>\nCarbohidra\u021bi 6.6g din care zaharuri 2,8g<br \/>\nProteine \u200b\u200b0.8g<br \/>\nSare 0,43<br \/>\n<strong>Produit v\u00e9g\u00e9tarien<\/strong><\/p>\n<p>&nbsp;<\/p>","protected":false},"excerpt":{"rendered":"<p>Zoete aardappelsoep met kerrie en rode paprika G\u2019woon Olanda 570 ml<br \/>\nSupa de cartofi dulci cu legume G\u2019woon Olanda 570 ml &#8211; gata preparata<\/p>","protected":false},"featured_media":27546,"comment_status":"open","ping_status":"closed","template":"","meta":{"_acf_changed":false,"_seopress_robots_primary_cat":"none","_seopress_titles_title":"","_seopress_titles_desc":"Zoete aardappelsoep met kerrie en rode paprika G\u2019woon Olanda 570 ml.Supa de cartofi dulci cu legume G\u2019woon Olanda 570 ml - gata preparata","_seopress_robots_index":""},"product_brand":[1971],"product_cat":[1555,1683,3272,1767],"giftcard-category":[],"class_list":{"0":"post-27545","1":"product","2":"type-product","3":"status-publish","4":"has-post-thumbnail","6":"product_brand-gwoon","7":"product_cat-bacanie","8":"product_cat-conserve-mancare-gatita","9":"product_cat-conserve","10":"product_cat-produse-olanda","12":"first","13":"outofstock","14":"taxable","15":"shipping-taxable","16":"purchasable","17":"product-type-simple"},"acf":[],"_links":{"self":[{"href":"https:\/\/totalblue.ro\/fr\/wp-json\/wp\/v2\/product\/27545","targetHints":{"allow":["GET"]}}],"collection":[{"href":"https:\/\/totalblue.ro\/fr\/wp-json\/wp\/v2\/product"}],"about":[{"href":"https:\/\/totalblue.ro\/fr\/wp-json\/wp\/v2\/types\/product"}],"replies":[{"embeddable":true,"href":"https:\/\/totalblue.ro\/fr\/wp-json\/wp\/v2\/comments?post=27545"}],"wp:featuredmedia":[{"embeddable":true,"href":"https:\/\/totalblue.ro\/fr\/wp-json\/wp\/v2\/media\/27546"}],"wp:attachment":[{"href":"https:\/\/totalblue.ro\/fr\/wp-json\/wp\/v2\/media?parent=27545"}],"wp:term":[{"taxonomy":"product_brand","embeddable":true,"href":"https:\/\/totalblue.ro\/fr\/wp-json\/wp\/v2\/product_brand?post=27545"},{"taxonomy":"product_cat","embeddable":true,"href":"https:\/\/totalblue.ro\/fr\/wp-json\/wp\/v2\/product_cat?post=27545"},{"taxonomy":"giftcard-category","embeddable":true,"href":"https:\/\/totalblue.ro\/fr\/wp-json\/wp\/v2\/giftcard-category?post=27545"}],"curies":[{"name":"wp","href":"https:\/\/api.w.org\/{rel}","templated":true}]}}