{"id":27557,"date":"2021-03-01T16:19:40","date_gmt":"2021-03-01T14:19:40","guid":{"rendered":"https:\/\/totalblue.ro\/?post_type=product&#038;p=27557"},"modified":"2024-09-19T12:40:59","modified_gmt":"2024-09-19T09:40:59","slug":"turta-dulce-presarata-cu-bucati-de-bomboane-gwoon-olanda-350g","status":"publish","type":"product","link":"https:\/\/totalblue.ro\/fr\/produs\/turta-dulce-presarata-cu-bucati-de-bomboane-gwoon-olanda-350g\/","title":{"rendered":"G'woon Pays-Bas G'woon pain d'\u00e9pices sucr\u00e9 avec morceaux de bonbons 450g"},"content":{"rendered":"<p>Turt\u0103 dulce pres\u0103rata cu buc\u0103\u021bi de bomboane G&#8217;woon Olanda 450g<br \/>\n<strong>Ingr\u00e9dient :<\/strong> sirop de glucoz\u0103 fructoz\u0103, f\u0103in\u0103 de secar\u0103, ap\u0103, 12% zah\u0103r bombon, mirodenii mixte, sirop de zah\u0103r caramelizat, agent de cre\u0219tere E 500 \/ E 450, ulei de rapi\u021b\u0103, conservant E 200, fibre, (cartof, maz\u0103re), f\u0103in\u0103 de mal\u021b de gr\u00e2u, sare, E = aprobat de UE, substan\u021be auxiliare<br \/>\nDepozita\u021bi \u00eentr-un loc \u00eentunecat \u0219i uscat.<br \/>\nDupa deschidere p\u0103stra\u021bi produsele \u00eentr-un recipient bine \u00eenchis.<\/p>\n<p><strong>Valeurs nutritionnelles \/ 100 g :<br \/>\n<\/strong>Energie 1267 kJ \/ 299 kcal<br \/>\nGrasimi 1.8 g din care acizi gra\u0219i saturati 0.6 g<br \/>\nCarbohidra\u021bi 66.3 g din care zaharuri 41.1 g<br \/>\nProteine 2.5 g<br \/>\nSare 0.48 g<\/p>\n<p>&nbsp;<\/p>\n<p><strong>\u00a0<\/strong><\/p>","protected":false},"excerpt":{"rendered":"<p>g\u2019woon parelkandijkoek ongesneden 450 g<br \/>\nTurt\u0103 dulce pres\u0103rata cu buc\u0103\u021bi de bomboane G&#8217;woon Olanda 450g<\/p>","protected":false},"featured_media":100448,"comment_status":"open","ping_status":"closed","template":"","meta":{"_acf_changed":false,"_seopress_robots_primary_cat":"none","_seopress_titles_title":"Turta dulce cu bomboane, parelkandijkoek ongesneden, turta Olanda","_seopress_titles_desc":"Cumpara online g\u2019woon parelkandijkoek ongesneden, turt\u0103 dulce presarata cu buca\u021bi de bomboane G'woon Olanda  Livrare gratuita! Comanda acum!","_seopress_robots_index":""},"product_brand":[1971],"product_cat":[1555,3296,3338,7021,3304,1767],"giftcard-category":[],"class_list":{"0":"post-27557","1":"product","2":"type-product","3":"status-publish","4":"has-post-thumbnail","6":"product_brand-gwoon","7":"product_cat-bacanie","8":"product_cat-brutarie-patiserie","9":"product_cat-dulciuri-snacksuri","10":"product_cat-dulciuri-snacks","11":"product_cat-mic-dejun-produse-olanda","12":"product_cat-produse-olanda","14":"first","15":"outofstock","16":"taxable","17":"shipping-taxable","18":"purchasable","19":"product-type-simple"},"acf":[],"_links":{"self":[{"href":"https:\/\/totalblue.ro\/fr\/wp-json\/wp\/v2\/product\/27557","targetHints":{"allow":["GET"]}}],"collection":[{"href":"https:\/\/totalblue.ro\/fr\/wp-json\/wp\/v2\/product"}],"about":[{"href":"https:\/\/totalblue.ro\/fr\/wp-json\/wp\/v2\/types\/product"}],"replies":[{"embeddable":true,"href":"https:\/\/totalblue.ro\/fr\/wp-json\/wp\/v2\/comments?post=27557"}],"wp:featuredmedia":[{"embeddable":true,"href":"https:\/\/totalblue.ro\/fr\/wp-json\/wp\/v2\/media\/100448"}],"wp:attachment":[{"href":"https:\/\/totalblue.ro\/fr\/wp-json\/wp\/v2\/media?parent=27557"}],"wp:term":[{"taxonomy":"product_brand","embeddable":true,"href":"https:\/\/totalblue.ro\/fr\/wp-json\/wp\/v2\/product_brand?post=27557"},{"taxonomy":"product_cat","embeddable":true,"href":"https:\/\/totalblue.ro\/fr\/wp-json\/wp\/v2\/product_cat?post=27557"},{"taxonomy":"giftcard-category","embeddable":true,"href":"https:\/\/totalblue.ro\/fr\/wp-json\/wp\/v2\/giftcard-category?post=27557"}],"curies":[{"name":"wp","href":"https:\/\/api.w.org\/{rel}","templated":true}]}}