{"id":27589,"date":"2021-03-02T10:09:08","date_gmt":"2021-03-02T08:09:08","guid":{"rendered":"https:\/\/totalblue.ro\/?post_type=product&#038;p=27589"},"modified":"2025-08-06T15:57:02","modified_gmt":"2025-08-06T12:57:02","slug":"supa-deasa-cu-orez-si-legume-si-pui-maggi-325-g","status":"publish","type":"product","link":"https:\/\/totalblue.ro\/fr\/produs\/supa-deasa-cu-orez-si-legume-si-pui-maggi-325-g\/","title":{"rendered":"Soupe Maggi au poulet et aux l\u00e9gumes avec riz et poulet Maggi 325 ml"},"content":{"rendered":"<p>MAGGI Ein Teller Reistopf mit Huhn 325 g<br \/>\nSupa deasa cu orez si legume si pui Maggi 325 g<\/p>\n<p><strong>Recommandations<\/strong>: Turnati continutul intr-o cratita \/ tigaie. Amestecati ocazional. Incalziti la foc mediu. De asemenea puteti incalzi si la cuptorul cu microunde la 600 W timp de aproximativ 2 minute. Rapid si usor!<br \/>\n<strong>Ingr\u00e9dient : <\/strong>ap\u0103, 19,2% orez, 4,5% pui, 3,1% gr\u0103sime de pui, 2,4% morcovi, 2,4% maz\u0103re, ulei de floarea soarelui, telina, praz, sare iodat\u0103, condimente (usturoi, curcuma), arome (grau), acidifiant lactic acid, extract de drojdie, extract antioxidant din rozmarin.<br \/>\nF\u0103r\u0103 porc. F\u0103r\u0103 ingrediente din porc \u0219i gelatin\u0103 de porc.<br \/>\n<strong>Allerg\u00e8nes : <\/strong>gluten, telina, grau. Poate con\u021bine ou\u0103, lapte, mu\u0219tar \u0219i soia.<br \/>\n<strong>Conditions de stockage : <\/strong>A se pastra la loc uscat si racoros, ferit de actiunea directa a soarelui. Dupa deschidere a se pastra la frigider.<\/p>\n<table class=\"table table-condensed bifi_table\">\n<thead>\n<tr>\n<th scope=\"col\">Valeurs nutritionnelles<\/th>\n<th scope=\"col\">per 100g<\/th>\n<th scope=\"col\">per portie \/ 325g<\/th>\n<th scope=\"col\"><\/th>\n<\/tr>\n<\/thead>\n<tbody>\n<tr>\n<td>Energie<\/td>\n<td>344 kJ<br \/>\n83 kcal<\/td>\n<td>1116 kJ<br \/>\n268 kcal<\/td>\n<td><\/td>\n<\/tr>\n<tr>\n<td>Grasime<\/td>\n<td>5,3 g<\/td>\n<td>17,1 g<\/td>\n<td><\/td>\n<\/tr>\n<tr>\n<td>din care saturati<\/td>\n<td>1,2 g<\/td>\n<td>3,8 g<\/td>\n<td><\/td>\n<\/tr>\n<tr>\n<td>Carbohidrati<\/td>\n<td>6,3 g<\/td>\n<td>20,6 g<\/td>\n<td><\/td>\n<\/tr>\n<tr>\n<td>din care zaharuri<\/td>\n<td>&lt;0,3 g<\/td>\n<td>0,9 g<\/td>\n<td><\/td>\n<\/tr>\n<tr>\n<td>Prot\u00e9ines<\/td>\n<td>2,2 g<\/td>\n<td>7,2 g<\/td>\n<td><\/td>\n<\/tr>\n<tr>\n<td>Sare<\/td>\n<td>1,0 g<\/td>\n<td>3,3 g<\/td>\n<\/tr>\n<\/tbody>\n<\/table>\n<p>Fabriqu\u00e9 en Allemagne par Maggi GmbH, 78221 Singen, Hohentwiel.<br \/>\nImportateur et distributeur Total Blue Impex SRL<br \/>\n<strong>*<\/strong> Re\u021betele produselor se pot schimba. Informa\u021biile furnizate aici se refer\u0103 la gama german\u0103 valabil\u0103 \u00een prezent \u0219i sunt actualizate periodic. \u00cen cazul modific\u0103rilor re\u021betei, produsele cu re\u021beta veche \u0219i cea nou\u0103 pot fi g\u0103site \u00een magazine. Prin urmare, cump\u0103r\u0103torul trebuie s\u0103 citeasc\u0103 \u00eentotdeauna cu aten\u021bie toate informa\u021biile de pe ambalaj. Acest lucru se aplic\u0103 \u00een special listei de ingrediente pentru a lua \u00een considerare intoleran\u021bele.<\/p>\n<p>&nbsp;<\/p>","protected":false},"excerpt":{"rendered":"<p>MAGGI Ein Teller Reistopf mit Huhn 325 g<br \/>\nSupa deasa cu orez si legume si pui Maggi 325 g<\/p>","protected":false},"featured_media":27590,"comment_status":"open","ping_status":"closed","template":"","meta":{"_acf_changed":false,"_seopress_robots_primary_cat":"1950","_seopress_titles_title":"","_seopress_titles_desc":"MAGGI Ein Teller Reistopf mit Huhn 325 g.Supa deasa cu orez si legume si pui Maggi 325 g. Livrare rapida pana la usa ta","_seopress_robots_index":""},"product_brand":[1869],"product_cat":[1555,1683,3272,3372,1950,1767,3364],"giftcard-category":[],"class_list":{"0":"post-27589","1":"product","2":"type-product","3":"status-publish","4":"has-post-thumbnail","6":"product_brand-maggi","7":"product_cat-bacanie","8":"product_cat-conserve-mancare-gatita","9":"product_cat-conserve","10":"product_cat-conserve-produse-germania","11":"product_cat-produse-germania","12":"product_cat-produse-olanda","13":"product_cat-supe-produse-germania","15":"first","16":"outofstock","17":"taxable","18":"shipping-taxable","19":"purchasable","20":"product-type-simple"},"acf":[],"_links":{"self":[{"href":"https:\/\/totalblue.ro\/fr\/wp-json\/wp\/v2\/product\/27589","targetHints":{"allow":["GET"]}}],"collection":[{"href":"https:\/\/totalblue.ro\/fr\/wp-json\/wp\/v2\/product"}],"about":[{"href":"https:\/\/totalblue.ro\/fr\/wp-json\/wp\/v2\/types\/product"}],"replies":[{"embeddable":true,"href":"https:\/\/totalblue.ro\/fr\/wp-json\/wp\/v2\/comments?post=27589"}],"wp:featuredmedia":[{"embeddable":true,"href":"https:\/\/totalblue.ro\/fr\/wp-json\/wp\/v2\/media\/27590"}],"wp:attachment":[{"href":"https:\/\/totalblue.ro\/fr\/wp-json\/wp\/v2\/media?parent=27589"}],"wp:term":[{"taxonomy":"product_brand","embeddable":true,"href":"https:\/\/totalblue.ro\/fr\/wp-json\/wp\/v2\/product_brand?post=27589"},{"taxonomy":"product_cat","embeddable":true,"href":"https:\/\/totalblue.ro\/fr\/wp-json\/wp\/v2\/product_cat?post=27589"},{"taxonomy":"giftcard-category","embeddable":true,"href":"https:\/\/totalblue.ro\/fr\/wp-json\/wp\/v2\/giftcard-category?post=27589"}],"curies":[{"name":"wp","href":"https:\/\/api.w.org\/{rel}","templated":true}]}}