{"id":27745,"date":"2021-03-09T14:54:44","date_gmt":"2021-03-09T12:54:44","guid":{"rendered":"https:\/\/totalblue.ro\/?post_type=product&#038;p=27745"},"modified":"2025-08-08T10:26:17","modified_gmt":"2025-08-08T07:26:17","slug":"supa-de-legume-cu-perisoare-de-curcan-weight-watchers-395-ml","status":"publish","type":"product","link":"https:\/\/totalblue.ro\/fr\/produs\/supa-de-legume-cu-perisoare-de-curcan-weight-watchers-395-ml\/","title":{"rendered":"Supa legume cu perisoare de curcan Weight Watchers 395 ml"},"content":{"rendered":"<p>Hochzeitssuppe mit Gefl\u00fcgelfleischkl\u00f6\u00dfchen Weight Watchers 395 ml.<br \/>\nSupa de legume cu perisoare de curcan Weight Watchers 395 ml<\/p>\n<p><strong>Recommandations<\/strong>: Turnati continutul intr-o cratita \/ tigaie. Amestecati ocazional. Incalziti la foc mediu. De asemenea puteti incalzi si la cuptorul cu microunde la 600 W timp de aproximativ 3,5 minute. Rapid si usor!<br \/>\n<strong>Ingr\u00e9dient : <\/strong>apa, morcovi 6,1%, chiftele de pasare 3,7% (carne de curcan 69%, ap\u0103 potabila, pesmet ( faina grau, sare de masa, drojdie, extract de orz) faina grau, sare de masa iodata, ierburi, dextroza, condimente, pulbere de morcov, maltodextrin\u0103), mazare 2,9%, sparanghel 2,9%, telina 2,4%, ou 2% ( ou\u0103 de gaini crescute la sol), ap\u0103 potabila, ulei de floarea soarelui, lapte pudra, sare de masa, ingrosator gum\u0103 guar, gum\u0103 xantan), paste 1,7% grau durum, albus ou), praz, amidon de cartofi, sare de masa, arome (con\u021bin lapte, telina), zahar, grasime de pui, patrunjel, condimente, antioxidan\u021bi (acid ascorbic ).<br \/>\nAditivi: Ingrosator, gum\u0103 guar E412, acid ascorbic E300, xantan E415, antioxidant<br \/>\n<strong>Allerg\u00e8nes : <\/strong>Contine: grau, oua, lapte, telina, orz<br \/>\n<strong>Conditions de stockage : <\/strong>A se pastra la loc uscat si racoros, ferit de actiunea directa a soarelui. Dupa deschidere, a se pastra acoperita in frigider si a se consuma in max 48h.<br \/>\nTara de origine : Olanda<br \/>\nBucatarie Chinezeasca<br \/>\n<strong>Valori nutritionale \/ 100 ml:<\/strong><br \/>\nEnergie 104 kJ \/ 25 kcal<br \/>\nGrasime 0,6 grame<br \/>\ndin care grasimi saturati 0,2 grame<br \/>\nCarbohidrati 3.3 grame<br \/>\ndin care: zaharuri 0.8 grame<br \/>\nProteine \u200b\u200b1.2 grame<br \/>\nSare 0.74 grame<br \/>\nProducator WW Foods, LLC Weight Watchers.<br \/>\nImportateur et distributeur Total Blue Impex SRL<\/p>\n<p>&nbsp;<\/p>","protected":false},"excerpt":{"rendered":"<p>Hochzeitssuppe mit Gefl\u00fcgelfleischkl\u00f6\u00dfchen Weight Watchers 395 ml.<br \/>\nSupa de legume cu perisoare de curcan Weight Watchers 395 ml<\/p>","protected":false},"featured_media":27749,"comment_status":"open","ping_status":"closed","template":"","meta":{"_acf_changed":false,"_seopress_robots_primary_cat":"1950","_seopress_titles_title":"","_seopress_titles_desc":"Cumpara online supe, supe legume, supe perisoare de curcan , supe de slabit Magazin online cu mancare si livrare rapida.","_seopress_robots_index":""},"product_brand":[1988],"product_cat":[1555,1683,3272,3372,1950,1767,3364],"giftcard-category":[],"class_list":{"0":"post-27745","1":"product","2":"type-product","3":"status-publish","4":"has-post-thumbnail","6":"product_brand-weight-watchers","7":"product_cat-bacanie","8":"product_cat-conserve-mancare-gatita","9":"product_cat-conserve","10":"product_cat-conserve-produse-germania","11":"product_cat-produse-germania","12":"product_cat-produse-olanda","13":"product_cat-supe-produse-germania","15":"first","16":"outofstock","17":"taxable","18":"shipping-taxable","19":"purchasable","20":"product-type-simple"},"acf":[],"_links":{"self":[{"href":"https:\/\/totalblue.ro\/fr\/wp-json\/wp\/v2\/product\/27745","targetHints":{"allow":["GET"]}}],"collection":[{"href":"https:\/\/totalblue.ro\/fr\/wp-json\/wp\/v2\/product"}],"about":[{"href":"https:\/\/totalblue.ro\/fr\/wp-json\/wp\/v2\/types\/product"}],"replies":[{"embeddable":true,"href":"https:\/\/totalblue.ro\/fr\/wp-json\/wp\/v2\/comments?post=27745"}],"wp:featuredmedia":[{"embeddable":true,"href":"https:\/\/totalblue.ro\/fr\/wp-json\/wp\/v2\/media\/27749"}],"wp:attachment":[{"href":"https:\/\/totalblue.ro\/fr\/wp-json\/wp\/v2\/media?parent=27745"}],"wp:term":[{"taxonomy":"product_brand","embeddable":true,"href":"https:\/\/totalblue.ro\/fr\/wp-json\/wp\/v2\/product_brand?post=27745"},{"taxonomy":"product_cat","embeddable":true,"href":"https:\/\/totalblue.ro\/fr\/wp-json\/wp\/v2\/product_cat?post=27745"},{"taxonomy":"giftcard-category","embeddable":true,"href":"https:\/\/totalblue.ro\/fr\/wp-json\/wp\/v2\/giftcard-category?post=27745"}],"curies":[{"name":"wp","href":"https:\/\/api.w.org\/{rel}","templated":true}]}}