{"id":27900,"date":"2021-03-18T15:39:37","date_gmt":"2021-03-18T13:39:37","guid":{"rendered":"https:\/\/totalblue.ro\/?post_type=product&#038;p=27900"},"modified":"2025-08-07T11:13:01","modified_gmt":"2025-08-07T08:13:01","slug":"mogyi-arahide-in-aluat-cu-aroma-de-chili-60g","status":"publish","type":"product","link":"https:\/\/totalblue.ro\/fr\/produs\/mogyi-arahide-in-aluat-cu-aroma-de-chili-60g\/","title":{"rendered":"Cacahu\u00e8tes en p\u00e2te \u00e0 frire, aromatis\u00e9es au piment Mogyi 60 g"},"content":{"rendered":"<p>Gustarea ideala pentru cei care iubesc arahidele si aroma de chili.<br \/>\nGustul usor picant este completat perfect de o bautura, iar gramajul este potrivit atat pentru consumul individual cat si pentru a imparti cu prietenii.<br \/>\n<strong>Ingr\u00e9dient :<\/strong> 44% arahide, aluat (faina de grau, faina de orez, amidon, zahar, sare, substante aromatizante), ulei vegetal (palmier), 3% condiment cu aroma de chili (sare, zahar, pulberi vegetale-ceapa, usturoi-extract de drojdie, maltodextrina, potentiator de aroma: glutamat monosodic, mix de condimente, extract de condimente, colorant alimentar: capsantina, acid alimentar:acid citric. Produsul poate contine urme de fructe cu coaja lemnoasa.<br \/>\nA consommer de pr\u00e9f\u00e9rence avant la date indiqu\u00e9e au dos de l'emballage. Conserver dans des endroits secs et frais.<br \/>\n<strong>Valeurs nutritionnelles\/100g :<br \/>\n<\/strong>Valoare energetica 2166 kJ\/ 519 kcal<br \/>\nGrasimi-Lipide 33 g<br \/>\nProt\u00e9ines 15 g<br \/>\nGlucides 40 g<br \/>\nGlucides, dont sucres 5,9 g<br \/>\nSodiu-Sare 3.7 g<br \/>\nGrasimi, din care acizi grasi saturati 8.4 g<\/p>\n<p>Importateur : Mogyi Romania SRL<\/p>","protected":false},"excerpt":{"rendered":"<p>Gustarea ideala pentru cei care iubesc arahidele si aroma de chili.<\/p>","protected":false},"featured_media":27901,"comment_status":"open","ping_status":"closed","template":"","meta":{"_acf_changed":false,"_seopress_robots_primary_cat":"none","_seopress_titles_title":"","_seopress_titles_desc":"Comanda acum online Mogyi Arahide in aluat cu aroma de chili 60g cu livrare rapida pana la usa casei tale.","_seopress_robots_index":""},"product_brand":[1994],"product_cat":[1555],"giftcard-category":[],"class_list":{"0":"post-27900","1":"product","2":"type-product","3":"status-publish","4":"has-post-thumbnail","6":"product_brand-mogyi","7":"product_cat-bacanie","9":"first","10":"outofstock","11":"taxable","12":"shipping-taxable","13":"purchasable","14":"product-type-simple"},"acf":[],"_links":{"self":[{"href":"https:\/\/totalblue.ro\/fr\/wp-json\/wp\/v2\/product\/27900","targetHints":{"allow":["GET"]}}],"collection":[{"href":"https:\/\/totalblue.ro\/fr\/wp-json\/wp\/v2\/product"}],"about":[{"href":"https:\/\/totalblue.ro\/fr\/wp-json\/wp\/v2\/types\/product"}],"replies":[{"embeddable":true,"href":"https:\/\/totalblue.ro\/fr\/wp-json\/wp\/v2\/comments?post=27900"}],"wp:featuredmedia":[{"embeddable":true,"href":"https:\/\/totalblue.ro\/fr\/wp-json\/wp\/v2\/media\/27901"}],"wp:attachment":[{"href":"https:\/\/totalblue.ro\/fr\/wp-json\/wp\/v2\/media?parent=27900"}],"wp:term":[{"taxonomy":"product_brand","embeddable":true,"href":"https:\/\/totalblue.ro\/fr\/wp-json\/wp\/v2\/product_brand?post=27900"},{"taxonomy":"product_cat","embeddable":true,"href":"https:\/\/totalblue.ro\/fr\/wp-json\/wp\/v2\/product_cat?post=27900"},{"taxonomy":"giftcard-category","embeddable":true,"href":"https:\/\/totalblue.ro\/fr\/wp-json\/wp\/v2\/giftcard-category?post=27900"}],"curies":[{"name":"wp","href":"https:\/\/api.w.org\/{rel}","templated":true}]}}