{"id":27902,"date":"2021-03-18T15:47:58","date_gmt":"2021-03-18T13:47:58","guid":{"rendered":"https:\/\/totalblue.ro\/?post_type=product&#038;p=27902"},"modified":"2025-08-07T11:13:00","modified_gmt":"2025-08-07T08:13:00","slug":"cacahuetes-mogyi-dans-une-pate-a-frire-aromatisee-a-loignon-et-a-la-creme-60-g","status":"publish","type":"product","link":"https:\/\/totalblue.ro\/fr\/produs\/arahide-in-aluat-cu-aroma-de-ceapa-si-smantana-mogyi-60-g\/","title":{"rendered":"Mogyi Cacahu\u00e8tes en p\u00e2te \u00e0 frire avec ar\u00f4me d'oignon et cr\u00e8me Mogyi 60 g"},"content":{"rendered":"<p>L'en-cas id\u00e9al pour ceux qui aiment les cacahu\u00e8tes et la saveur des oignons et de la cr\u00e8me. Le go\u00fbt savoureux est parfaitement compl\u00e9t\u00e9 par une boisson, et le format convient aussi bien \u00e0 la consommation individuelle qu'au partage avec des amis.<br \/>\n<strong>Ingr\u00e9dient :<\/strong> 44% arachide, p\u00e2te (farine de bl\u00e9, farine de riz, amidon, sucre, sel, ar\u00f4me), huile v\u00e9g\u00e9tale (palme), \u00e9pices (sel 0,5%, oignon en poudre, exhausteur de go\u00fbt : glutamate monosodique, cr\u00e8me en poudre 0,3%, sucre, lactose, huiles v\u00e9g\u00e9tales (tournesol, palme, rapita, noix de coco), \u00e9pices, maltodextrine. Le produit peut contenir des traces de fruits \u00e0 coque.<br \/>\nA consommer de pr\u00e9f\u00e9rence avant la date indiqu\u00e9e au dos de l'emballage. Conserver dans des endroits secs et frais.<br \/>\n<strong>Valeurs nutritionnelles\/100g :<br \/>\n<\/strong>Valeur \u00e9nerg\u00e9tique 2203 kJ \/ 529 kcal<br \/>\nLipides 34 g<br \/>\nProt\u00e9ines 15 g<br \/>\nGlucides 40 g<br \/>\nGlucides, dont sucres 5,9 g<br \/>\nSel de sodium 3,9 g<br \/>\nMati\u00e8res grasses, dont acides gras satur\u00e9s 8,6 g<\/p>\n<p>Importateur : Mogyi Romania SRL<\/p>","protected":false},"excerpt":{"rendered":"<p>L'en-cas id\u00e9al pour ceux qui aiment les cacahu\u00e8tes et la saveur des oignons et de la cr\u00e8me.<\/p>","protected":false},"featured_media":27903,"comment_status":"open","ping_status":"closed","template":"","meta":{"_acf_changed":false,"_seopress_robots_primary_cat":"none","_seopress_titles_title":"","_seopress_titles_desc":"Comanda acum online Arahide in aluat, cu aroma de ceapa si smantana Mogyi 60 g cu livrare rapida pana la usa casei tale.","_seopress_robots_index":""},"product_brand":[1994],"product_cat":[1555],"giftcard-category":[],"class_list":{"0":"post-27902","1":"product","2":"type-product","3":"status-publish","4":"has-post-thumbnail","6":"product_brand-mogyi","7":"product_cat-bacanie","9":"first","10":"outofstock","11":"taxable","12":"shipping-taxable","13":"purchasable","14":"product-type-simple"},"acf":[],"_links":{"self":[{"href":"https:\/\/totalblue.ro\/fr\/wp-json\/wp\/v2\/product\/27902","targetHints":{"allow":["GET"]}}],"collection":[{"href":"https:\/\/totalblue.ro\/fr\/wp-json\/wp\/v2\/product"}],"about":[{"href":"https:\/\/totalblue.ro\/fr\/wp-json\/wp\/v2\/types\/product"}],"replies":[{"embeddable":true,"href":"https:\/\/totalblue.ro\/fr\/wp-json\/wp\/v2\/comments?post=27902"}],"wp:featuredmedia":[{"embeddable":true,"href":"https:\/\/totalblue.ro\/fr\/wp-json\/wp\/v2\/media\/27903"}],"wp:attachment":[{"href":"https:\/\/totalblue.ro\/fr\/wp-json\/wp\/v2\/media?parent=27902"}],"wp:term":[{"taxonomy":"product_brand","embeddable":true,"href":"https:\/\/totalblue.ro\/fr\/wp-json\/wp\/v2\/product_brand?post=27902"},{"taxonomy":"product_cat","embeddable":true,"href":"https:\/\/totalblue.ro\/fr\/wp-json\/wp\/v2\/product_cat?post=27902"},{"taxonomy":"giftcard-category","embeddable":true,"href":"https:\/\/totalblue.ro\/fr\/wp-json\/wp\/v2\/giftcard-category?post=27902"}],"curies":[{"name":"wp","href":"https:\/\/api.w.org\/{rel}","templated":true}]}}