{"id":27920,"date":"2021-03-18T17:06:59","date_gmt":"2021-03-18T15:06:59","guid":{"rendered":"https:\/\/totalblue.ro\/?post_type=product&#038;p=27920"},"modified":"2023-02-07T15:30:47","modified_gmt":"2023-02-07T13:30:47","slug":"trufe-de-ciocolata-gold-clasic-maitre-truffout-200g","status":"publish","type":"product","link":"https:\/\/totalblue.ro\/fr\/produs\/trufe-de-ciocolata-gold-clasic-maitre-truffout-200g\/","title":{"rendered":"Trufe de ciocolata Gold Clasic Maitre Truffout 200g"},"content":{"rendered":"<p>Fiecare bomboana de ciocolata este creata cu intentia de a atinge armonia perfecta a aromelor, mirosurilor, texturilor si a aspectului. Pe langa aspectul luxos, gustul trufelor MAITRE TRUFFOUT este pe masura asteptarilor, combinatia dintre ciocolata si ganache-uri oferind cunoscatorului un gust desavarsit. Un produs rafinat, care poate oricand deveni cadoul perfect, oferit persoanei iubite.<\/p>\n<p><strong>Allerg\u00e8nes :<\/strong> Poate contine urme de fructe cu coaja lemnoasa.<br \/>\n<strong>Ingediente:<\/strong> grasimi vegetale (nuca de cocos, palmier, shea, floarea soarelui, rapita; in proportie variabila), zahar, alcalinizat praf de cacao degresata 13,5%, praf de zer dulce (lapte), aroma naturala de vanilie, emulsifiant: E322.<br \/>\n<strong>Informa\u021bii nutri\u021bionale \/ 100 g<\/strong><br \/>\nValoare energetic\u0103 2547 kJ<br \/>\nValoare energetic\u0103 614 kcal<br \/>\nGr\u0103simi 48 g din care acizi gra\u0219i satura\u021bi 39 g<br \/>\nGlucide 39 g din care zaharuri 37 g<br \/>\nProteine 4,20 g<br \/>\nFibre 4,60 g<br \/>\nSare (=Sodiu x 2,5) 0,34 g<br \/>\n<strong>Conditii depozitare<\/strong><br \/>\nA se depozita la loc uscat \u015fi ferit de c\u0103ldur\u0103.<\/p>\n<p>Produs in UE pentru Gunz Warenhandels GmbH 6841 Mader, Austria<\/p>","protected":false},"excerpt":{"rendered":"<p>Trufe de ciocolata Gold Clasic Maitre Truffout 200g<\/p>","protected":false},"featured_media":27921,"comment_status":"open","ping_status":"closed","template":"","meta":{"_acf_changed":false,"_seopress_robots_primary_cat":"none","_seopress_titles_title":"","_seopress_titles_desc":"Comanda acum Trufe de ciocolata Gold Clasic Maitre Truffout 200g la pret avantajos si cu livrare rapida pana la usa casei tale","_seopress_robots_index":""},"product_brand":[1995],"product_cat":[1555],"giftcard-category":[],"class_list":{"0":"post-27920","1":"product","2":"type-product","3":"status-publish","4":"has-post-thumbnail","6":"product_brand-maitre-truffout","7":"product_cat-bacanie","9":"first","10":"outofstock","11":"taxable","12":"shipping-taxable","13":"purchasable","14":"product-type-simple"},"acf":[],"_links":{"self":[{"href":"https:\/\/totalblue.ro\/fr\/wp-json\/wp\/v2\/product\/27920","targetHints":{"allow":["GET"]}}],"collection":[{"href":"https:\/\/totalblue.ro\/fr\/wp-json\/wp\/v2\/product"}],"about":[{"href":"https:\/\/totalblue.ro\/fr\/wp-json\/wp\/v2\/types\/product"}],"replies":[{"embeddable":true,"href":"https:\/\/totalblue.ro\/fr\/wp-json\/wp\/v2\/comments?post=27920"}],"wp:featuredmedia":[{"embeddable":true,"href":"https:\/\/totalblue.ro\/fr\/wp-json\/wp\/v2\/media\/27921"}],"wp:attachment":[{"href":"https:\/\/totalblue.ro\/fr\/wp-json\/wp\/v2\/media?parent=27920"}],"wp:term":[{"taxonomy":"product_brand","embeddable":true,"href":"https:\/\/totalblue.ro\/fr\/wp-json\/wp\/v2\/product_brand?post=27920"},{"taxonomy":"product_cat","embeddable":true,"href":"https:\/\/totalblue.ro\/fr\/wp-json\/wp\/v2\/product_cat?post=27920"},{"taxonomy":"giftcard-category","embeddable":true,"href":"https:\/\/totalblue.ro\/fr\/wp-json\/wp\/v2\/giftcard-category?post=27920"}],"curies":[{"name":"wp","href":"https:\/\/api.w.org\/{rel}","templated":true}]}}