{"id":28078,"date":"2021-03-29T15:09:06","date_gmt":"2021-03-29T12:09:06","guid":{"rendered":"https:\/\/totalblue.ro\/?post_type=product&#038;p=28078"},"modified":"2026-04-22T15:16:11","modified_gmt":"2026-04-22T12:16:11","slug":"meica-saft-bockwurst-cremvursti-380-g","status":"publish","type":"product","link":"https:\/\/totalblue.ro\/fr\/produs\/meica-saft-bockwurst-cremvursti-380-g\/","title":{"rendered":"Meica Saft-Bockwurst Crenvursti 380 g"},"content":{"rendered":"<p>Meica Saft-Bockwurst Crenvursti 380 g<\/p>\n<p><strong>Pr\u00e9paration :<\/strong> Faire chauffer de l'eau et laisser dans l'eau bouillante pendant 5 minutes. Ne pas faire bouillir !<strong><br \/>\nIngr\u00e9dient : <\/strong>carne de porc 78%, apa potabila, sare de masa, condimente, extracte de condimente (telina), dextroza, antioxidant: acid ascorbic, conservant: nitrit de sodiu, fum.<br \/>\nPoate con\u021bine urme de proteine \u200b\u200bdin lapte, mu\u0219tar.<br \/>\nFara potentiatori de aroma, fara coloranti, fara lactoza, fara gluten.<br \/>\nExtra fragezi<br \/>\n<strong>Allerg\u00e8nes :<\/strong> telina<br \/>\n<strong>Conditions de stockage :<br \/>\n<\/strong>Borcanul nedeschis la temperatura camerei &lt;25 \u00b0 C<br \/>\nA se pastra intr-un loc uscat si racoros.<br \/>\nApr\u00e8s ouverture, conserver couvert au r\u00e9frig\u00e9rateur et consommer dans les 48h.<\/p>\n<p>Valeurs nutritionnelles \/ 100 g :<br \/>\nEnergie: 1027 kJ \/ 248 kcal<br \/>\nGrasimi: 22 g din care acizi grasi saturati: 8.8 g<br \/>\nGlucides 0,5 g ou sucres 0,5 g<br \/>\nProteine: 12 g<br \/>\nSare: 1.8 g<\/p>\n<div dir=\"auto\">Pays d'origine : Allemagne<br \/>\nFabriqu\u00e9 en Allemagne par Meica, Meicastra\u00dfe 6, 26188 Edewecht, Deutschland<br \/>\nImportateur et distributeur Total Blue Impex SRL<\/div>\n<div dir=\"auto\">Nou ! Click &amp; Collect <span style=\"font-size: 14.4px\">Bleu total <\/span>!<\/div>\n<div dir=\"auto\">Commandez vos produits pr\u00e9f\u00e9r\u00e9s et venez chercher votre commande quand vous avez le temps !<\/div>\n<div dir=\"auto\">Cu serviciul Click &amp; Collect <span style=\"font-size: 14.4px\">Bleu total <\/span>iti po\u021bi rezerva online produsele, iar in intervalul orar 08:00-21:00 le poti ridica din locatia situata in Bucuresti, Sector 6, Bulevardul Uverturii 69 A<\/div>\n<div dir=\"auto\">Apr\u00e8s avoir pass\u00e9 et enregistr\u00e9 votre commande, vous serez inform\u00e9 (par t\u00e9l\u00e9phone, e-mail ou SMS) de l'heure \u00e0 laquelle vous pourrez venir r\u00e9cup\u00e9rer votre commande.<\/div>\n<div dir=\"auto\">Nu se percep taxe suplimentare pentru Click &amp; Collect <span style=\"font-size: 14.4px\">Bleu total<\/span><\/div>\n<div dir=\"auto\">Vous payez les articles achet\u00e9s soit en ligne au moment de la commande, soit en esp\u00e8ces ou par carte directement en magasin au moment de la collecte.<\/div>\n<div dir=\"auto\">Incearca acum noul serviciu Click &amp; Collect <span style=\"font-size: 14.4px\">Bleu total <\/span>!<\/div>\n<p>&nbsp;<\/p>","protected":false},"excerpt":{"rendered":"<p>Meica Saft-Bockwurst Crenvursti 380 g<\/p>","protected":false},"featured_media":28084,"comment_status":"open","ping_status":"closed","template":"","meta":{"_acf_changed":false,"_seopress_robots_primary_cat":"1950","_seopress_titles_title":"","_seopress_titles_desc":"","_seopress_robots_index":""},"product_brand":[2000],"product_cat":[1555,3372,3272,1950,1767],"giftcard-category":[],"class_list":{"0":"post-28078","1":"product","2":"type-product","3":"status-publish","4":"has-post-thumbnail","6":"product_brand-meica","7":"product_cat-bacanie","8":"product_cat-conserve-produse-germania","9":"product_cat-conserve","10":"product_cat-produse-germania","11":"product_cat-produse-olanda","13":"first","14":"instock","15":"taxable","16":"shipping-taxable","17":"purchasable","18":"product-type-simple"},"acf":[],"_links":{"self":[{"href":"https:\/\/totalblue.ro\/fr\/wp-json\/wp\/v2\/product\/28078","targetHints":{"allow":["GET"]}}],"collection":[{"href":"https:\/\/totalblue.ro\/fr\/wp-json\/wp\/v2\/product"}],"about":[{"href":"https:\/\/totalblue.ro\/fr\/wp-json\/wp\/v2\/types\/product"}],"replies":[{"embeddable":true,"href":"https:\/\/totalblue.ro\/fr\/wp-json\/wp\/v2\/comments?post=28078"}],"wp:featuredmedia":[{"embeddable":true,"href":"https:\/\/totalblue.ro\/fr\/wp-json\/wp\/v2\/media\/28084"}],"wp:attachment":[{"href":"https:\/\/totalblue.ro\/fr\/wp-json\/wp\/v2\/media?parent=28078"}],"wp:term":[{"taxonomy":"product_brand","embeddable":true,"href":"https:\/\/totalblue.ro\/fr\/wp-json\/wp\/v2\/product_brand?post=28078"},{"taxonomy":"product_cat","embeddable":true,"href":"https:\/\/totalblue.ro\/fr\/wp-json\/wp\/v2\/product_cat?post=28078"},{"taxonomy":"giftcard-category","embeddable":true,"href":"https:\/\/totalblue.ro\/fr\/wp-json\/wp\/v2\/giftcard-category?post=28078"}],"curies":[{"name":"wp","href":"https:\/\/api.w.org\/{rel}","templated":true}]}}