{"id":28097,"date":"2021-03-29T16:08:45","date_gmt":"2021-03-29T13:08:45","guid":{"rendered":"https:\/\/totalblue.ro\/?post_type=product&#038;p=28097"},"modified":"2025-08-06T15:56:56","modified_gmt":"2025-08-06T12:56:56","slug":"ravioli-in-sos-picant-si-bucatele-de-vita-maggi-800-g","status":"publish","type":"product","link":"https:\/\/totalblue.ro\/fr\/produs\/ravioli-in-sos-picant-si-bucatele-de-vita-maggi-800-g\/","title":{"rendered":"Raviolis \u00e0 la sauce \u00e9pic\u00e9e, b\u0153uf Maggi 800 g"},"content":{"rendered":"<p>Maggi Ravioli in pikanter Sauce, Teigtaschen mit Rindfleisch-F\u00fcllung, leckeres Fertiggericht, 800g<br \/>\nRavioli in sos picant si bucatele de vita Maggi 800 g<\/p>\n<p><strong>Recommandations<\/strong>Verser le contenu dans une casserole. Chauffer \u00e0 feu moyen. Vous pouvez \u00e9galement chauffer au micro-ondes, 4 minutes \u00e0 600 W.<br \/>\n<strong>Ingr\u00e9dient : <\/strong>76,2% sos de rosii (apa, 26,8% pasta de rosii , 6,6% carne de vita, amidon modificat, sare iodata, grasime de vita, zahar, mirodenii, slanin\u0103 afumat\u0103 (slanin\u0103, fum), extract de drojdie, condimente (din grau ), praz, telina, sare, acid citric acidifiant, aroma naturala, grasime de palmier), 23,8% ravioli ( grau durum ), apa, 3,7% faina de grau, pesmet (faina grau, drojdie, sare iodata), proteine grau , slanina afumat\u0103 (bacon, fum), condimente, gris de grau, sare iodata, amidon de cartofi, ulei de floarea soarelui, grasime de palmier, proteine din ou, lapte praf, ierburi, zahar, arom\u0103 natural\u0103 ). Poate con\u021bine soia, lapte \u0219i mustar.<br \/>\nPrezentare: conserva cu cheita<br \/>\n<strong>Conditions de stockage :<\/strong><br \/>\nConserver dans un endroit sec et frais, \u00e0 l'abri de la lumi\u00e8re directe du soleil. Apr\u00e8s ouverture, conserver au r\u00e9frig\u00e9rateur pendant 48 heures maximum.<br \/>\n<strong>Valeurs nutritionnelles \/ 100g :<\/strong><br \/>\nEnergie 86 kcal<br \/>\nGrasime 2.9 grame<br \/>\ndin care grasimi saturati 1.1 grame<br \/>\nCarbohidrati 11.3 grame<br \/>\ndin care zaharuri 1.6 grame<br \/>\nProteine \u200b\u200b3.4 grame<br \/>\nSare 0.94 grame<\/p>\n<p>Dimensiune : 11.43 x 9.91 x 9.91 cm<br \/>\nFabriqu\u00e9 en Allemagne par Maggi GmbH, 78221 Singen, Hohentwiel.<br \/>\nImportateur et distributeur Total Blue Impex SRL<br \/>\n*Les recettes des produits peuvent \u00eatre modifi\u00e9es. Les informations fournies ici se r\u00e9f\u00e8rent \u00e0 la gamme allemande actuellement en vigueur et sont r\u00e9guli\u00e8rement mises \u00e0 jour. En cas de changement de recette, des produits avec l'ancienne et la nouvelle recette peuvent \u00eatre trouv\u00e9s dans les magasins. Par cons\u00e9quent, l'acheteur doit toujours lire attentivement toutes les informations figurant sur l'emballage. Cela vaut en particulier pour la liste des ingr\u00e9dients, afin de tenir compte des intol\u00e9rances.<\/p>","protected":false},"excerpt":{"rendered":"<p>Maggi Ravioli in pikanter Sauce, Teigtaschen mit Rindfleisch-F\u00fcllung, leckeres Fertiggericht, 800g<br \/>\nRavioli in sos picant si bucatele de vita Maggi 800 g<\/p>","protected":false},"featured_media":28098,"comment_status":"open","ping_status":"closed","template":"","meta":{"_acf_changed":false,"_seopress_robots_primary_cat":"1950","_seopress_titles_title":"","_seopress_titles_desc":"Maggi Ravioli in pikanter Sauce, Teigtaschen mit Rindfleisch-F\u00fcllung, leckeres Fertiggericht, 800g","_seopress_robots_index":""},"product_brand":[1869],"product_cat":[1555,1683,3272,3372,1950,1767],"giftcard-category":[],"class_list":{"0":"post-28097","1":"product","2":"type-product","3":"status-publish","4":"has-post-thumbnail","6":"product_brand-maggi","7":"product_cat-bacanie","8":"product_cat-conserve-mancare-gatita","9":"product_cat-conserve","10":"product_cat-conserve-produse-germania","11":"product_cat-produse-germania","12":"product_cat-produse-olanda","14":"first","15":"outofstock","16":"taxable","17":"shipping-taxable","18":"purchasable","19":"product-type-simple"},"acf":[],"_links":{"self":[{"href":"https:\/\/totalblue.ro\/fr\/wp-json\/wp\/v2\/product\/28097","targetHints":{"allow":["GET"]}}],"collection":[{"href":"https:\/\/totalblue.ro\/fr\/wp-json\/wp\/v2\/product"}],"about":[{"href":"https:\/\/totalblue.ro\/fr\/wp-json\/wp\/v2\/types\/product"}],"replies":[{"embeddable":true,"href":"https:\/\/totalblue.ro\/fr\/wp-json\/wp\/v2\/comments?post=28097"}],"wp:featuredmedia":[{"embeddable":true,"href":"https:\/\/totalblue.ro\/fr\/wp-json\/wp\/v2\/media\/28098"}],"wp:attachment":[{"href":"https:\/\/totalblue.ro\/fr\/wp-json\/wp\/v2\/media?parent=28097"}],"wp:term":[{"taxonomy":"product_brand","embeddable":true,"href":"https:\/\/totalblue.ro\/fr\/wp-json\/wp\/v2\/product_brand?post=28097"},{"taxonomy":"product_cat","embeddable":true,"href":"https:\/\/totalblue.ro\/fr\/wp-json\/wp\/v2\/product_cat?post=28097"},{"taxonomy":"giftcard-category","embeddable":true,"href":"https:\/\/totalblue.ro\/fr\/wp-json\/wp\/v2\/giftcard-category?post=28097"}],"curies":[{"name":"wp","href":"https:\/\/api.w.org\/{rel}","templated":true}]}}