{"id":28099,"date":"2021-03-29T16:19:21","date_gmt":"2021-03-29T13:19:21","guid":{"rendered":"https:\/\/totalblue.ro\/?post_type=product&#038;p=28099"},"modified":"2025-08-06T15:56:55","modified_gmt":"2025-08-06T12:56:55","slug":"spaghetti-bolognaise-a-la-sauce-tomate-et-tranches-de-boeuf-maggi-810-g","status":"publish","type":"product","link":"https:\/\/totalblue.ro\/fr\/produs\/spaghetti-bolognese-in-sos-tomat-si-bucatele-de-carne-de-vita-maggi-810-g\/","title":{"rendered":"Spaghetti Bolognese \u00e0 la sauce tomate et morceaux de b\u0153uf Maggi 810 g"},"content":{"rendered":"<p>Spaghetti Bolognese \u00e0 la sauce tomate et morceaux de b\u0153uf Maggi 810 g<\/p>\n<p><strong>Recommandations<\/strong>Verser le contenu dans une casserole. Chauffer \u00e0 feu moyen. Vous pouvez \u00e9galement chauffer au micro-ondes, 4 minutes \u00e0 600 W.<br \/>\n<strong>Ingr\u00e9dient : <\/strong>eau 27,6%, p\u00e2te de tomates 19,8% spaghetti (bl\u00e9 dur, prot\u00e9ine d'oeuf), 4,6% boeuf, graisse de boeuf, \u00e9pices, 0,5% carottes, herbes, huile d'olive extra vierge, sel iod\u00e9, sucre, huile de tournesol, amidon modifi\u00e9, extrait de levure, graisse de palme, ar\u00f4mes, \u00e9pices (de bl\u00e9), acide lactique acidifiant, gomme \u00e9paississante de guar. Peut contenir du c\u00e9leri, du lait, de la moutarde et du soja.<br \/>\n<strong>Allerg\u00e8nes :<\/strong> produits laitiers et lactose, c\u00e9leri, \u0153ufs<br \/>\n<strong>Conditions de stockage :<\/strong><br \/>\nConserver dans un endroit sec et frais, \u00e0 l'abri de la lumi\u00e8re directe du soleil. Apr\u00e8s ouverture, conserver au r\u00e9frig\u00e9rateur pendant 48 heures maximum.<br \/>\n<strong>Valeurs nutritionnelles \/ 100g :<\/strong><br \/>\n\u00c9nergie 74 kcal<br \/>\nMati\u00e8res grasses 2,2 grammes<br \/>\ndont graisses satur\u00e9es 0,7 gramme<br \/>\nGlucides 10,1 grammes<br \/>\ndont 2,6 grammes de sucres<br \/>\nProt\u00e9ines 3 grammes<br \/>\nSel 1,1 grammes<\/p>\n<p>Certification : Gr\u00fcner Punkt - ARA (\u00e9tiquette de l'emballage)<br \/>\nTaille 11,68 x 9,91 x 9,91 cm<br \/>\nFabriqu\u00e9 en Allemagne par Maggi GmbH, 78221 Singen, Hohentwiel.<br \/>\nImportateur et distributeur Total Blue Impex SRL<br \/>\n*Les recettes des produits peuvent \u00eatre modifi\u00e9es. Les informations fournies ici se r\u00e9f\u00e8rent \u00e0 la gamme allemande actuellement en vigueur et sont r\u00e9guli\u00e8rement mises \u00e0 jour. En cas de changement de recette, des produits avec l'ancienne et la nouvelle recette peuvent \u00eatre trouv\u00e9s dans les magasins. Par cons\u00e9quent, l'acheteur doit toujours lire attentivement toutes les informations figurant sur l'emballage. Cela vaut en particulier pour la liste des ingr\u00e9dients, afin de tenir compte des intol\u00e9rances.<\/p>","protected":false},"excerpt":{"rendered":"<p>Spaghetti Bolognese \u00e0 la sauce tomate et morceaux de b\u0153uf Maggi 810 g<\/p>","protected":false},"featured_media":28100,"comment_status":"open","ping_status":"closed","template":"","meta":{"_acf_changed":false,"_seopress_robots_primary_cat":"1950","_seopress_titles_title":"","_seopress_titles_desc":"Comanda acum online Spaghetti Bolognese in sos tomat si bucatele de carne de vita Maggi 810 g, livrare rapida pana la usa ta","_seopress_robots_index":""},"product_brand":[1869],"product_cat":[1555,1683,3272,3372,1950,1767],"giftcard-category":[],"class_list":{"0":"post-28099","1":"product","2":"type-product","3":"status-publish","4":"has-post-thumbnail","6":"product_brand-maggi","7":"product_cat-bacanie","8":"product_cat-conserve-mancare-gatita","9":"product_cat-conserve","10":"product_cat-conserve-produse-germania","11":"product_cat-produse-germania","12":"product_cat-produse-olanda","14":"first","15":"outofstock","16":"taxable","17":"shipping-taxable","18":"purchasable","19":"product-type-simple"},"acf":[],"_links":{"self":[{"href":"https:\/\/totalblue.ro\/fr\/wp-json\/wp\/v2\/product\/28099","targetHints":{"allow":["GET"]}}],"collection":[{"href":"https:\/\/totalblue.ro\/fr\/wp-json\/wp\/v2\/product"}],"about":[{"href":"https:\/\/totalblue.ro\/fr\/wp-json\/wp\/v2\/types\/product"}],"replies":[{"embeddable":true,"href":"https:\/\/totalblue.ro\/fr\/wp-json\/wp\/v2\/comments?post=28099"}],"wp:featuredmedia":[{"embeddable":true,"href":"https:\/\/totalblue.ro\/fr\/wp-json\/wp\/v2\/media\/28100"}],"wp:attachment":[{"href":"https:\/\/totalblue.ro\/fr\/wp-json\/wp\/v2\/media?parent=28099"}],"wp:term":[{"taxonomy":"product_brand","embeddable":true,"href":"https:\/\/totalblue.ro\/fr\/wp-json\/wp\/v2\/product_brand?post=28099"},{"taxonomy":"product_cat","embeddable":true,"href":"https:\/\/totalblue.ro\/fr\/wp-json\/wp\/v2\/product_cat?post=28099"},{"taxonomy":"giftcard-category","embeddable":true,"href":"https:\/\/totalblue.ro\/fr\/wp-json\/wp\/v2\/giftcard-category?post=28099"}],"curies":[{"name":"wp","href":"https:\/\/api.w.org\/{rel}","templated":true}]}}