{"id":28101,"date":"2021-03-29T16:27:05","date_gmt":"2021-03-29T13:27:05","guid":{"rendered":"https:\/\/totalblue.ro\/?post_type=product&#038;p=28101"},"modified":"2025-08-06T15:56:53","modified_gmt":"2025-08-06T12:56:53","slug":"ravioli-de-legume-in-sos-de-rosii-legume-maggi-800-g","status":"publish","type":"product","link":"https:\/\/totalblue.ro\/fr\/produs\/ravioli-de-legume-in-sos-de-rosii-legume-maggi-800-g\/","title":{"rendered":"Raviolis aux l\u00e9gumes \u00e0 la sauce tomate-l\u00e9gumes Maggi 800 g"},"content":{"rendered":"<p>Gem\u00fcse-Ravioli in Tomaten-Gem\u00fcsesauce, 33% Gem\u00fcse<br \/>\nRaviolis aux l\u00e9gumes \u00e0 la sauce tomate-l\u00e9gumes Maggi 800 g<\/p>\n<p><strong>Recommandations<\/strong>Verser le contenu dans une casserole. Chauffer \u00e0 feu moyen. Vous pouvez \u00e9galement chauffer au micro-ondes, 4 minutes \u00e0 600 W.<br \/>\n<strong>Ingr\u00e9dient : <\/strong>\u00a074,5% sos de ro\u0219ii-legume (ap\u0103, 30,6% pasta de ro\u0219ii , 4% morcovi , ceapa, 1,7% mazare , 1,2% porumb , 1,2% praz , dovleac, 0, 7% boia , 0,3% ro\u0219ii , zahar, sare iodata, otet de coniac, amidon modificat, ulei de floarea soarelui, mirodenii, otet de vin, guma de ingro\u0219are guar, arome, oregano), 25,5% ravioli ( grau durum, apa, pesmet (fain\u0103 de grau, drojdie, sare iodata ), faina de grau, ulei de floarea soarelui, proteine de grau, amidon de cartofi, faina de mazare, sare iodata, morcovi, ceapa, spanac, boia, condimente, arome). Poate con\u021bine telina, oua, lapte, mustar \u0219i soia.<br \/>\n<strong>Specialitate vegetarian\u0103<\/strong><br \/>\n<strong>Conditions de stockage :<\/strong><br \/>\nConserver dans un endroit sec et frais, \u00e0 l'abri de la lumi\u00e8re directe du soleil. Apr\u00e8s ouverture, conserver au r\u00e9frig\u00e9rateur pendant 48 heures maximum.<br \/>\nValeurs nutritionnelles \/ 100 g :<br \/>\nEnergie 343 kj \/ 81 kcal<br \/>\nGrasime 1.3 g din care grasimi saturati 0.1 g<br \/>\nCarbohidrati 13.7 g din care zaharuri 3.2 g<br \/>\nFibre 1.3 g<br \/>\nProteine \u200b\u200b2.9 g<br \/>\nSare 0.90 g<\/p>\n<p>Certification : Gr\u00fcner Punkt - ARA (\u00e9tiquette de l'emballage)<br \/>\nFabriqu\u00e9 en Allemagne par Maggi GmbH, 78221 Singen, Hohentwiel.<br \/>\nImportateur et distributeur Total Blue Impex SRL<br \/>\n*Les recettes des produits peuvent \u00eatre modifi\u00e9es. Les informations fournies ici se r\u00e9f\u00e8rent \u00e0 la gamme allemande actuellement en vigueur et sont r\u00e9guli\u00e8rement mises \u00e0 jour. En cas de changement de recette, des produits avec l'ancienne et la nouvelle recette peuvent \u00eatre trouv\u00e9s dans les magasins. Par cons\u00e9quent, l'acheteur doit toujours lire attentivement toutes les informations figurant sur l'emballage. Cela vaut en particulier pour la liste des ingr\u00e9dients, afin de tenir compte des intol\u00e9rances.<\/p>","protected":false},"excerpt":{"rendered":"<p>Raviolis aux l\u00e9gumes \u00e0 la sauce tomate-l\u00e9gumes Maggi 800 g<\/p>","protected":false},"featured_media":28102,"comment_status":"open","ping_status":"closed","template":"","meta":{"_acf_changed":false,"_seopress_robots_primary_cat":"1950","_seopress_titles_title":"","_seopress_titles_desc":"Comanda acum online Ravioli de legume in sos de rosii-legume Maggi 800 g cu livrare rapida pana la usa ta","_seopress_robots_index":""},"product_brand":[1869],"product_cat":[1555,1683,3272,3372,1950,1767],"giftcard-category":[],"class_list":{"0":"post-28101","1":"product","2":"type-product","3":"status-publish","4":"has-post-thumbnail","6":"product_brand-maggi","7":"product_cat-bacanie","8":"product_cat-conserve-mancare-gatita","9":"product_cat-conserve","10":"product_cat-conserve-produse-germania","11":"product_cat-produse-germania","12":"product_cat-produse-olanda","14":"first","15":"outofstock","16":"taxable","17":"shipping-taxable","18":"purchasable","19":"product-type-simple"},"acf":[],"_links":{"self":[{"href":"https:\/\/totalblue.ro\/fr\/wp-json\/wp\/v2\/product\/28101","targetHints":{"allow":["GET"]}}],"collection":[{"href":"https:\/\/totalblue.ro\/fr\/wp-json\/wp\/v2\/product"}],"about":[{"href":"https:\/\/totalblue.ro\/fr\/wp-json\/wp\/v2\/types\/product"}],"replies":[{"embeddable":true,"href":"https:\/\/totalblue.ro\/fr\/wp-json\/wp\/v2\/comments?post=28101"}],"wp:featuredmedia":[{"embeddable":true,"href":"https:\/\/totalblue.ro\/fr\/wp-json\/wp\/v2\/media\/28102"}],"wp:attachment":[{"href":"https:\/\/totalblue.ro\/fr\/wp-json\/wp\/v2\/media?parent=28101"}],"wp:term":[{"taxonomy":"product_brand","embeddable":true,"href":"https:\/\/totalblue.ro\/fr\/wp-json\/wp\/v2\/product_brand?post=28101"},{"taxonomy":"product_cat","embeddable":true,"href":"https:\/\/totalblue.ro\/fr\/wp-json\/wp\/v2\/product_cat?post=28101"},{"taxonomy":"giftcard-category","embeddable":true,"href":"https:\/\/totalblue.ro\/fr\/wp-json\/wp\/v2\/giftcard-category?post=28101"}],"curies":[{"name":"wp","href":"https:\/\/api.w.org\/{rel}","templated":true}]}}